{"id":9837,"date":"2026-03-03T12:25:34","date_gmt":"2026-03-03T11:25:34","guid":{"rendered":"https:\/\/torzokom.com\/?post_type=product&#038;p=9837"},"modified":"2026-03-04T12:33:23","modified_gmt":"2026-03-04T11:33:23","slug":"set-cetkica-za-ciscenje-oruzja-art-87-87a","status":"publish","type":"product","link":"https:\/\/torzokom.com\/ba\/proizvod\/set-cetkica-za-ciscenje-oruzja-art-87-87a\/","title":{"rendered":"Set \u010detkica za \u010di\u0161\u0107enje oru\u017eja (Art. 87 \/ 87A)"},"content":{"rendered":"<div class=\"Y3BBE\" data-sfc-cp=\"\" data-sfc-cb=\"\" data-hveid=\"CAEIBRAA\" data-complete=\"true\" data-processed=\"true\"><strong class=\"Yjhzub\" data-sfc-cb=\"\" data-complete=\"true\" data-processed=\"true\">Kompletna njega za dugovje\u010dnost i preciznost va\u0161e cijevi.<\/strong><\/div>\n<div class=\"Y3BBE\" data-sfc-cp=\"\" data-sfc-cb=\"\" data-hveid=\"CAEIBhAA\" data-complete=\"true\" data-processed=\"true\" aria-owns=\"action-menu-parent-container\">Redovno \u010di\u0161\u0107enje cijevi klju\u010dno je za odr\u017eavanje preciznosti i produ\u017eenje radnog vijeka svakog oru\u017eja.\u00a0<strong class=\"Yjhzub\" data-sfc-cb=\"\" data-complete=\"true\" data-processed=\"true\">Stil Crin 87<\/strong>\u00a0je set od tri specijalizovane \u010detkice koji vam omogu\u0107ava da u tri jednostavna koraka potpuno uklonite naslage baruta, olova i bakra.<\/div>","protected":false},"excerpt":{"rendered":"<div class=\"Y3BBE\" data-sfc-cp=\"\" data-sfc-cb=\"\" data-hveid=\"CAEIBRAA\" data-complete=\"true\" data-processed=\"true\"><strong class=\"Yjhzub\" data-sfc-cb=\"\" data-complete=\"true\" data-processed=\"true\">Kompletna njega za dugovje\u010dnost i preciznost va\u0161e cijevi.<\/strong><\/div>\n<div class=\"Y3BBE\" data-sfc-cp=\"\" data-sfc-cb=\"\" data-hveid=\"CAEIBhAA\" data-complete=\"true\" data-processed=\"true\" aria-owns=\"action-menu-parent-container\">Redovno \u010di\u0161\u0107enje cijevi klju\u010dno je za odr\u017eavanje preciznosti i produ\u017eenje radnog vijeka svakog oru\u017eja.\u00a0<strong class=\"Yjhzub\" data-sfc-cb=\"\" data-complete=\"true\" data-processed=\"true\">Stil Crin 87<\/strong>\u00a0je set od tri specijalizovane \u010detkice koji vam omogu\u0107ava da u tri jednostavna koraka potpuno uklonite naslage baruta, olova i bakra.<\/div>","protected":false},"featured_media":9899,"template":"","meta":[],"product_cat":[30,83],"product_tag":[],"class_list":{"0":"post-9837","1":"product","2":"type-product","3":"status-publish","4":"has-post-thumbnail","6":"product_brand-stil-crin-srl","7":"product_cat-ciscenje-i-odrzavanje-oruzja","8":"product_cat-dodatna-oprema","9":"pa_kalibar-222-rem","10":"pa_kalibar-223-rem","11":"pa_kalibar-243-win","12":"pa_kalibar-270-win","13":"pa_kalibar-30-06-spr","14":"pa_kalibar-300-win-mag","15":"pa_kalibar-308-win","16":"pa_kalibar-103x68mag","17":"pa_kalibar-12-76","18":"pa_kalibar-20-76","19":"pa_kalibar-22-250rem","20":"pa_kalibar-270wsm","21":"pa_kalibar-300wsm","22":"pa_kalibar-30r-blaser","23":"pa_kalibar-338lapua-mag","24":"pa_kalibar-65-prc","25":"pa_kalibar-65-284-norma","26":"pa_kalibar-65x57","27":"pa_kalibar-65x57r","28":"pa_kalibar-65x68","29":"pa_kalibar-6-5-creedmoor","30":"pa_kalibar-6-5x55","31":"pa_kalibar-6xc","32":"pa_kalibar-7mm-rem-mag","33":"pa_kalibar-7x64","34":"pa_kalibar-7x65r","35":"pa_kalibar-85x55-blaser","36":"pa_kalibar-8x57js","37":"pa_kalibar-8x68s","38":"pa_kalibar-93x62","40":"first","41":"instock","42":"taxable","43":"shipping-taxable","44":"purchasable","45":"product-type-variable","46":"has-default-attributes"},"_links":{"self":[{"href":"https:\/\/torzokom.com\/ba\/wp-json\/wp\/v2\/product\/9837","targetHints":{"allow":["GET"]}}],"collection":[{"href":"https:\/\/torzokom.com\/ba\/wp-json\/wp\/v2\/product"}],"about":[{"href":"https:\/\/torzokom.com\/ba\/wp-json\/wp\/v2\/types\/product"}],"version-history":[{"count":0,"href":"https:\/\/torzokom.com\/ba\/wp-json\/wp\/v2\/product\/9837\/revisions"}],"wp:featuredmedia":[{"embeddable":true,"href":"https:\/\/torzokom.com\/ba\/wp-json\/wp\/v2\/media\/9899"}],"wp:attachment":[{"href":"https:\/\/torzokom.com\/ba\/wp-json\/wp\/v2\/media?parent=9837"}],"wp:term":[{"taxonomy":"product_cat","embeddable":true,"href":"https:\/\/torzokom.com\/ba\/wp-json\/wp\/v2\/product_cat?post=9837"},{"taxonomy":"product_tag","embeddable":true,"href":"https:\/\/torzokom.com\/ba\/wp-json\/wp\/v2\/product_tag?post=9837"}],"curies":[{"name":"wp","href":"https:\/\/api.w.org\/{rel}","templated":true}]}}