{"id":9884,"date":"2026-03-04T12:17:56","date_gmt":"2026-03-04T11:17:56","guid":{"rendered":"https:\/\/torzokom.com\/?post_type=product&#038;p=9884"},"modified":"2026-03-04T13:32:51","modified_gmt":"2026-03-04T12:32:51","slug":"univerzalni-set-za-ciscenje-7-62mm-cal-12-123-762-12","status":"publish","type":"product","link":"https:\/\/torzokom.com\/ba\/proizvod\/univerzalni-set-za-ciscenje-7-62mm-cal-12-123-762-12\/","title":{"rendered":"Univerzalni set za \u010di\u0161\u0107enje (7.62mm \/ Cal. 12) 123-762\/12"},"content":{"rendered":"<p>Pribor za \u010di\u0161\u0107enje Stilcrin 123-762\/12 je univerzalni set namijenjen odr\u017eavanju oru\u017eja u kalibrima 12 mm (sa\u010dmarice) i 7,62 mm (karabini). Ovaj set talijanskog proizvo\u0111a\u010da Stil Crin osigurava pravilno odr\u017eavanje, du\u017ei vijek trajanja i preciznost va\u0161eg oru\u017eja.<br \/>\nTipi\u010dno, setovi iz serije 123 (poput modela Unico) uklju\u010duju:<br \/>\n\u0160ipke za \u010di\u0161\u0107enje: \u010celi\u010dna \u0161ipka presvu\u010dena PVC-om (promjera 5 mm) sastavljena iz 3 dijela.<br \/>\nSet \u010detkica:<br \/>\nMesingana\/Bron\u010dana: Za uklanjanje tvrdokornih naslaga olova i baruta.<br \/>\nNajlonska\/Plasti\u010dna: Za op\u0107e \u010di\u0161\u0107enje unutra\u0161njosti cijevi.<br \/>\nVunena (tzv. &#8220;mop&#8221;): Za finalno poliranje i nano\u0161enje za\u0161titnog ulja.<br \/>\nDodaci: \u010cesto uklju\u010duje adapter za razli\u010dite kalibre, krpice za \u010di\u0161\u0107enje, te u nekim varijantama i za\u0161titno ulje ili mast.<br \/>\nPakovanje: Prakti\u010dna kutija za sigurno skladi\u0161tenje i transport.<\/p>","protected":false},"excerpt":{"rendered":"<p>Pribor za \u010di\u0161\u0107enje Stilcrin 123-762\/12 je univerzalni set namijenjen odr\u017eavanju oru\u017eja u kalibrima 12 mm (sa\u010dmarice) i 7,62 mm (karabini). Ovaj set talijanskog proizvo\u0111a\u010da Stil Crin osigurava pravilno odr\u017eavanje, du\u017ei vijek trajanja i preciznost va\u0161eg oru\u017eja. Tipi\u010dno, setovi iz serije 123 (poput modela Unico) uklju\u010duju: \u0160ipke za \u010di\u0161\u0107enje: \u010celi\u010dna \u0161ipka presvu\u010dena PVC-om (promjera 5 mm) [&hellip;]<\/p>\n","protected":false},"featured_media":9914,"template":"","meta":[],"product_cat":[30,51],"product_tag":[],"class_list":{"0":"post-9884","1":"product","2":"type-product","3":"status-publish","4":"has-post-thumbnail","6":"product_brand-stil-crin-srl","7":"product_cat-ciscenje-i-odrzavanje-oruzja","8":"product_cat-ostalo","10":"first","11":"instock","12":"taxable","13":"shipping-taxable","14":"purchasable","15":"product-type-simple"},"_links":{"self":[{"href":"https:\/\/torzokom.com\/ba\/wp-json\/wp\/v2\/product\/9884","targetHints":{"allow":["GET"]}}],"collection":[{"href":"https:\/\/torzokom.com\/ba\/wp-json\/wp\/v2\/product"}],"about":[{"href":"https:\/\/torzokom.com\/ba\/wp-json\/wp\/v2\/types\/product"}],"version-history":[{"count":0,"href":"https:\/\/torzokom.com\/ba\/wp-json\/wp\/v2\/product\/9884\/revisions"}],"wp:featuredmedia":[{"embeddable":true,"href":"https:\/\/torzokom.com\/ba\/wp-json\/wp\/v2\/media\/9914"}],"wp:attachment":[{"href":"https:\/\/torzokom.com\/ba\/wp-json\/wp\/v2\/media?parent=9884"}],"wp:term":[{"taxonomy":"product_cat","embeddable":true,"href":"https:\/\/torzokom.com\/ba\/wp-json\/wp\/v2\/product_cat?post=9884"},{"taxonomy":"product_tag","embeddable":true,"href":"https:\/\/torzokom.com\/ba\/wp-json\/wp\/v2\/product_tag?post=9884"}],"curies":[{"name":"wp","href":"https:\/\/api.w.org\/{rel}","templated":true}]}}