{"id":170,"date":"2024-05-07T07:10:20","date_gmt":"2024-05-07T07:10:20","guid":{"rendered":"https:\/\/demo2wpopal.b-cdn.net\/tactiko\/product\/synergistic-copper-watch\/"},"modified":"2026-02-13T03:12:37","modified_gmt":"2026-02-13T02:12:37","slug":"blaser-bbf-97-luxus-cal-308win-20-76","status":"publish","type":"product","link":"https:\/\/torzokom.com\/en\/product\/blaser-bbf-97-luxus-cal-308win-20-76\/","title":{"rendered":"Blaser BBF 97 Luxus Cal. 308win\/20-76"},"content":{"rendered":"<h2>Blaser Bbf 97 Luxus Kombinacija<\/h2>\n<p>SUPER FINI\u0160<\/p>\n<ul>\n<li>dostupan od grade-a 8<\/li>\n<\/ul>\n<p>KICKSTOP<\/p>\n<ul>\n<li>Cilindar od nehr\u0111ajuc\u0301eg \u010delika, ispunjen perlicama volframa, uba\u010den u kundak smanjuje povrat za oko 20%\u00a0pove\u0107ava se te\u017eina kundaka<\/li>\n<li>pobolj\u0161ava ravnote\u017eu kod te\u017eeg oru\u017eja<\/li>\n<\/ul>\n","protected":false},"excerpt":{"rendered":"<p>Prednost sistema 97 je u tome \u0161to, kada je potreban drugi hitac, mo\u017ee se brzo pucati bez ponovnog repetiranja.<\/p>\n","protected":false},"featured_media":4406,"template":"","meta":[],"product_cat":[46,193,78],"product_tag":[],"class_list":{"0":"post-170","1":"product","2":"type-product","3":"status-publish","4":"has-post-thumbnail","6":"product_brand-blaser","7":"product_cat-oruzje","8":"product_cat-kombinovane-puske","9":"product_cat-lovacke-puske","11":"first","12":"instock","13":"virtual","14":"taxable","15":"purchasable","16":"product-type-simple"},"_links":{"self":[{"href":"https:\/\/torzokom.com\/en\/wp-json\/wp\/v2\/product\/170","targetHints":{"allow":["GET"]}}],"collection":[{"href":"https:\/\/torzokom.com\/en\/wp-json\/wp\/v2\/product"}],"about":[{"href":"https:\/\/torzokom.com\/en\/wp-json\/wp\/v2\/types\/product"}],"version-history":[{"count":0,"href":"https:\/\/torzokom.com\/en\/wp-json\/wp\/v2\/product\/170\/revisions"}],"wp:featuredmedia":[{"embeddable":true,"href":"https:\/\/torzokom.com\/en\/wp-json\/wp\/v2\/media\/4406"}],"wp:attachment":[{"href":"https:\/\/torzokom.com\/en\/wp-json\/wp\/v2\/media?parent=170"}],"wp:term":[{"taxonomy":"product_cat","embeddable":true,"href":"https:\/\/torzokom.com\/en\/wp-json\/wp\/v2\/product_cat?post=170"},{"taxonomy":"product_tag","embeddable":true,"href":"https:\/\/torzokom.com\/en\/wp-json\/wp\/v2\/product_tag?post=170"}],"curies":[{"name":"wp","href":"https:\/\/api.w.org\/{rel}","templated":true}]}}