{"id":196,"date":"2024-05-07T07:10:34","date_gmt":"2024-05-07T07:10:34","guid":{"rendered":"https:\/\/demo2wpopal.b-cdn.net\/tactiko\/product\/durable-marble-knife\/"},"modified":"2026-02-09T12:23:41","modified_gmt":"2026-02-09T11:23:41","slug":"blaser-r8-intuition-lovacki-karabin-za-dame","status":"publish","type":"product","link":"https:\/\/torzokom.com\/en\/product\/blaser-r8-intuition-lovacki-karabin-za-dame\/","title":{"rendered":"Blaser R8 Intuition"},"content":{"rendered":"<h4 class=\"Y3BBE\" data-hveid=\"CAEIBhAA\" data-complete=\"true\" data-processed=\"true\"><strong class=\"Yjhzub\" data-complete=\"true\" data-processed=\"true\"><em>Blaser R8 Intuition \u2013 Savr\u0161ena ergonomija prilago\u0111ena damama u lovu<\/em><\/strong><\/h4>\n<h6 class=\"Y3BBE\" data-hveid=\"CAEIBhAA\" data-complete=\"true\" data-processed=\"true\"><em><strong class=\"Yjhzub\" data-complete=\"true\" data-processed=\"true\">Blaser R8 Intuition<\/strong>\u00a0nije samo jo\u0161 jedan karabin; to je prva pu\u0161ka na svijetu koja u potpunosti uva\u017eava anatomiju \u017eene lovca. Spajaju\u0107i legendarni R8 sistem sa inovativnim\u00a0<strong class=\"Yjhzub\" data-complete=\"true\" data-processed=\"true\">Intuition kundakom<\/strong>, ovaj model pru\u017ea neuporediv komfor, prirodniji stav i br\u017ee instinktivno pucanje.<\/em><\/h6>\n<h6 class=\"Y3BBE\" data-hveid=\"CAEIFRAA\" data-processed=\"true\" data-complete=\"true\"><strong class=\"Yjhzub\" data-complete=\"true\" data-processed=\"true\">Revolucionarni pristup lova\u010dkom oru\u017eju<\/strong><br data-serialized-params=\"[]\" data-complete=\"true\" data-processed=\"true\" \/>Kada je\u00a0<strong class=\"Yjhzub\" data-complete=\"true\" data-processed=\"true\">Blaser R8 Intuition<\/strong>\u00a0predstavljen, tr\u017ei\u0161te je dobilo odgovor na dugogodi\u0161nju potrebu za oru\u017ejem koje ne zahtijeva kompromise u stavu i preciznosti. Standardni kundaci su \u010desto preduga\u010dki za prosje\u010dnu \u017eensku fizionomiju, \u0161to dovodi do nepravilnog nalijeganja u rame i br\u017eeg zamora. Sa modelom\u00a0<strong class=\"Yjhzub\" data-complete=\"true\" data-processed=\"true\">Blaser R8 Intuition<\/strong>, ti problemi su pro\u0161lost. Svaki detalj je pa\u017eljivo izbalansiran kako bi te\u017ei\u0161te pu\u0161ke bilo idealno, omogu\u0107avaju\u0107i stabilnije ciljanje bez obzira na uslove na terenu.<button class=\"rBl3me\" tabindex=\"0\" data-amic=\"true\" data-icl-uuid=\"ab09be80-c3ad-49cf-b752-9a6207e4bf0b\" aria-label=\"View related links\" data-wiz-attrbind=\"disabled=rNXmFf_3k\/C5gNJc;aria-label=rNXmFf_3k\/bOjMyf;class=rNXmFf_3k\/UpSNec\" data-ved=\"2ahUKEwjezsLLo8ySAxWK1wIHHcLeFj8Qye0OegYIAQgVEAE\"><\/button><\/h6>\n<h6 class=\"Y3BBE\" data-hveid=\"CAEIFhAA\" data-complete=\"true\" data-processed=\"true\"><strong class=\"Yjhzub\" data-complete=\"true\" data-processed=\"true\">Vrhunski materijali i estetika<\/strong><br data-serialized-params=\"[]\" data-complete=\"true\" data-processed=\"true\" \/>Osim funkcionalnosti,\u00a0<strong class=\"Yjhzub\" data-complete=\"true\" data-processed=\"true\">Blaser R8 Intuition<\/strong>\u00a0se ponosi i estetikom. Kundak je izra\u0111en od biranog orahovog drveta visoke klase (Grade 4 i vi\u0161e), koje je obra\u0111eno da izdr\u017ei najte\u017ee vremenske uticaje. Tamni, eloksirani sanduk u kombinaciji sa drvetom daje pu\u0161ci klasi\u010dan, ali moderan izgled koji privla\u010di poglede.<button class=\"rBl3me\" tabindex=\"0\" data-amic=\"true\" data-icl-uuid=\"2688376a-429c-4dc1-b5e4-51d42076da8c\" aria-label=\"View related links\" data-wiz-attrbind=\"disabled=rNXmFf_3r\/C5gNJc;aria-label=rNXmFf_3r\/bOjMyf;class=rNXmFf_3r\/UpSNec\" data-ved=\"2ahUKEwjezsLLo8ySAxWK1wIHHcLeFj8Qye0OegYIAQgWEAE\"><\/button><\/h6>\n<h6 class=\"Y3BBE\" data-hveid=\"CAEIFxAA\" data-complete=\"true\" data-processed=\"true\"><strong class=\"Yjhzub\" data-complete=\"true\" data-processed=\"true\">Modularni sistem za budu\u0107nost<\/strong><br data-serialized-params=\"[]\" data-complete=\"true\" data-processed=\"true\" \/>Kupovinom\u00a0<strong class=\"Yjhzub\" data-complete=\"true\" data-processed=\"true\">Blaser R8 Intuition<\/strong>\u00a0modela, dobijate pristup cijelom Blaser ekosistemu. To zna\u010di da, ukoliko u budu\u0107nosti \u017eelite promijeniti kalibar za drugu vrstu divlja\u010di, ne morate kupovati novu pu\u0161ku. Jednostavna zamjena cijevi i glave zatvara\u010da omogu\u0107ava vam da va\u0161\u00a0<strong class=\"Yjhzub\" data-complete=\"true\" data-processed=\"true\">Blaser R8 Intuition<\/strong>\u00a0transformi\u0161ete u potpuno druga\u010diji kalibar za nekoliko minuta. Ova modularnost ga \u010dini jednom od najisplativijih investicija za svakog ozbiljnog lovca.<button class=\"rBl3me\" tabindex=\"0\" data-amic=\"true\" data-icl-uuid=\"48ff301a-aaa6-4357-b914-636525e9e528\" aria-label=\"View related links\" data-wiz-attrbind=\"disabled=rNXmFf_3z\/C5gNJc;aria-label=rNXmFf_3z\/bOjMyf;class=rNXmFf_3z\/UpSNec\" data-ved=\"2ahUKEwjezsLLo8ySAxWK1wIHHcLeFj8Qye0OegYIAQgXEAE\"><\/button><\/h6>\n<h6 class=\"Y3BBE\" data-hveid=\"CAEIGBAA\" data-complete=\"true\" data-processed=\"true\" aria-owns=\"action-menu-parent-container\"><strong class=\"Yjhzub\" data-complete=\"true\" data-processed=\"true\">Sigurnost na prvom mjestu<\/strong><br data-serialized-params=\"[]\" data-complete=\"true\" data-processed=\"true\" \/>U lovu je sigurnost najva\u017enija.\u00a0<strong class=\"Yjhzub\" data-complete=\"true\" data-processed=\"true\">Blaser R8 Intuition<\/strong>\u00a0koristi sistem ru\u010dnog napinjanja koji je postao zlatni standard u industriji. Pu\u0161ka ostaje potpuno opu\u0161tena i bezbijedna sve do sekunde prije pucnja. Ovo daje lovcu dodatno samopouzdanje prilikom kretanja kroz gustu vegetaciju ili te\u017eak teren.<\/h6>\n<h5 class=\"Y3BBE\" data-hveid=\"CAEIBhAA\" data-complete=\"true\" data-processed=\"true\"><button class=\"rBl3me\" tabindex=\"0\" data-amic=\"true\" data-icl-uuid=\"7d19dd97-02dc-4d91-9a48-84d0e18eca14\" aria-label=\"View related links\" data-wiz-attrbind=\"disabled=gmpFbe_1f\/C5gNJc;aria-label=gmpFbe_1f\/bOjMyf;class=gmpFbe_1f\/UpSNec\" data-ved=\"2ahUKEwjM97jKocySAxWK1wIHHcLeFj8Qye0OegYIAQgHEAE\"><\/button><strong class=\"Yjhzub\" data-complete=\"true\" data-processed=\"true\">\u00a0Klju\u010dne prednosti Intuition dizajna<\/strong><br data-serialized-params=\"[]\" data-complete=\"true\" data-processed=\"true\" \/>\u00a0 \u00a0 \u00a0 \u00a0 \u00a0 \u00a0Za razliku od standardnih modela, R8 Intuition donosi specifi\u010dna rje\u0161enja koja \u010dine razliku na terenu:<button class=\"rBl3me\" tabindex=\"0\" data-amic=\"true\" data-icl-uuid=\"944f190a-ad4b-4ab8-8dd0-db23806a5f4c\" aria-label=\"View related links\" data-wiz-attrbind=\"disabled=gmpFbe_1l\/C5gNJc;aria-label=gmpFbe_1l\/bOjMyf;class=gmpFbe_1l\/UpSNec\" data-ved=\"2ahUKEwjM97jKocySAxWK1wIHHcLeFj8Qye0OegYIAQgIEAE\"><\/button><\/h5>\n<ul class=\"KsbFXc U6u95\" data-complete=\"true\" data-processed=\"true\">\n<li data-hveid=\"CAEICRAA\" data-complete=\"true\" data-sae=\"\">\n<h6><span class=\"T286Pc\" data-sfc-cp=\"\" data-complete=\"true\"><strong class=\"Yjhzub\" data-complete=\"true\">Kra\u0107i kundak (Monte Carlo):<\/strong>\u00a0Ukupna du\u017eina kundaka je optimizovana (oko 350 mm) kako bi savr\u0161eno nalijegao u rame lovkinja, omogu\u0107avaju\u0107i lak\u0161e rukovanje.<\/span><\/h6>\n<\/li>\n<li data-hveid=\"CAEICRAB\" data-complete=\"true\" data-sae=\"\">\n<h6><span class=\"T286Pc\" data-sfc-cp=\"\" data-complete=\"true\"><strong class=\"Yjhzub\" data-complete=\"true\">Ergonomski rukohvat:<\/strong>\u00a0Rukohvat je u\u017ei i bli\u017ei okida\u010du, \u0161to je idealno za manje \u0161ake, pru\u017eaju\u0107i sigurniji hvat i precizniju kontrolu okidanja.<\/span><\/h6>\n<\/li>\n<li data-hveid=\"CAEICRAC\" data-complete=\"true\" data-sae=\"\">\n<h6><span class=\"T286Pc\" data-sfc-cp=\"\" data-complete=\"true\"><strong class=\"Yjhzub\" data-complete=\"true\">Smanjen trzaj:<\/strong>\u00a0Zahvaljuju\u0107i dizajnu kundaka i opcijama cijevi, energija trzaja se prenosi linearno, \u0161to zna\u010dajno pove\u0107ava udobnost pri pucanju.<\/span><button class=\"rBl3me\" tabindex=\"0\" data-amic=\"true\" data-icl-uuid=\"0dfb19df-8428-4fad-88ec-c29c0c7a9687\" aria-label=\"View related links\" data-wiz-attrbind=\"disabled=gmpFbe_1y\/C5gNJc;aria-label=gmpFbe_1y\/bOjMyf;class=gmpFbe_1y\/UpSNec\" data-ved=\"2ahUKEwjM97jKocySAxWK1wIHHcLeFj8Qye0OegYIAQgJEAM\"><\/button><\/h6>\n<\/li>\n<\/ul>\n<h5 class=\"Y3BBE\" data-hveid=\"CAEIChAA\" data-complete=\"true\" data-processed=\"true\"><strong class=\"Yjhzub\" data-complete=\"true\" data-processed=\"true\">\u00a0 \u00a0 Tehni\u010dke specifikacije i Modularnost<\/strong><br data-serialized-params=\"[]\" data-complete=\"true\" data-processed=\"true\" \/>\u00a0 \u00a0 Kao dio R8 porodice, i Intuition model koristi sve prednosti vrhunskog in\u017eenjeringa:<button class=\"rBl3me\" tabindex=\"0\" data-amic=\"true\" data-icl-uuid=\"93e179f5-00b2-4735-b90b-b62697e8b5a0\" aria-label=\"View related links\" data-wiz-attrbind=\"disabled=gmpFbe_24\/C5gNJc;aria-label=gmpFbe_24\/bOjMyf;class=gmpFbe_24\/UpSNec\" data-ved=\"2ahUKEwjM97jKocySAxWK1wIHHcLeFj8Qye0OegYIAQgKEAE\"><\/button><\/h5>\n<ul class=\"KsbFXc U6u95\" data-processed=\"true\" data-complete=\"true\">\n<li data-hveid=\"CAEICxAA\" data-complete=\"true\" data-sae=\"\">\n<h6><span class=\"T286Pc\" data-sfc-cp=\"\" data-complete=\"true\"><strong class=\"Yjhzub\" data-complete=\"true\">Sistem:<\/strong>\u00a0Brzi ravni (straight-pull) zatvara\u010d za munjevito repetiranje.<\/span><\/h6>\n<\/li>\n<li data-hveid=\"CAEICxAB\" data-sae=\"\" data-complete=\"true\">\n<h6><span class=\"T286Pc\" data-sfc-cp=\"\" data-complete=\"true\"><strong class=\"Yjhzub\" data-complete=\"true\">Cijevi:<\/strong>\u00a0Mogu\u0107nost izbora razli\u010ditih kalibara i du\u017eina cijevi, uz lako\u0107u zamjene.<\/span><\/h6>\n<\/li>\n<li data-hveid=\"CAEICxAC\" data-complete=\"true\" data-processed=\"true\" data-sae=\"\">\n<h6><span class=\"T286Pc\" data-sfc-cp=\"\" data-complete=\"true\"><strong class=\"Yjhzub\" data-complete=\"true\">Sigurnost:<\/strong>\u00a0Blaserov sistem ru\u010dnog napinjanja udara\u010da \u2013 najsigurnija opcija u svijetu lova.<\/span><\/h6>\n<\/li>\n<li data-hveid=\"CAEICxAD\" data-complete=\"true\" data-processed=\"true\" data-sae=\"\">\n<h6><span class=\"T286Pc\" data-sfc-cp=\"\" data-complete=\"true\"><strong class=\"Yjhzub\" data-complete=\"true\">Preciznost:<\/strong>\u00a0Direktni okida\u010d i sub-MOA preciznost.<\/span><button class=\"rBl3me\" tabindex=\"0\" data-amic=\"true\" data-icl-uuid=\"4e0f8655-1783-4a21-a66b-157a47f69f79\" aria-label=\"View related links\" data-wiz-attrbind=\"disabled=gmpFbe_2k\/C5gNJc;aria-label=gmpFbe_2k\/bOjMyf;class=gmpFbe_2k\/UpSNec\" data-ved=\"2ahUKEwjM97jKocySAxWK1wIHHcLeFj8Qye0OegYIAQgLEAQ\"><\/button><\/h6>\n<\/li>\n<\/ul>\n<h6><strong class=\"Yjhzub\" data-complete=\"true\">Savr\u0161ena sinergija forme i funkcije kod Blaser R8 Intuition modela<\/strong><button class=\"rBl3me\" tabindex=\"0\" data-amic=\"true\" data-icl-uuid=\"ae4b3119-55b0-4813-a273-d207d3ff3113\" aria-label=\"View related links\" data-wiz-attrbind=\"disabled=Nbs5bc_q\/C5gNJc;aria-label=Nbs5bc_q\/bOjMyf;class=Nbs5bc_q\/UpSNec\" data-ved=\"2ahUKEwih7-CYpcySAxXz4wIHHZWbG4wQye0OegYIAQgEEAA\"><\/button><\/h6>\n<h6 class=\"Y3BBE\" data-hveid=\"CAEIBRAA\" data-complete=\"true\" data-processed=\"true\">Razvoj modela\u00a0<strong class=\"Yjhzub\" data-complete=\"true\" data-processed=\"true\">Blaser R8 Intuition<\/strong>\u00a0nije bio fokusiran samo na smanjenje dimenzija, ve\u0107 na potpunu redefiniciju ergonomije. In\u017eenjeri iz Blasera su blisko sara\u0111ivali sa vrhunskim lovkinjama kako bi razumjeli specifi\u010dne izazove sa kojima se suo\u010davaju prilikom kori\u0161tenja standardnog oru\u017eja. Rezultat je karabin koji nudi prirodniji stav (mounting), \u010dime se dramati\u010dno smanjuje naprezanje u vratu i le\u0111ima tokom dugotrajnog \u010dekanja ili osmatranja.<button class=\"rBl3me\" tabindex=\"0\" data-amic=\"true\" data-icl-uuid=\"d33b16a8-8345-48de-931b-c24c5b1a2a8a\" aria-label=\"View related links\" data-wiz-attrbind=\"disabled=Nbs5bc_v\/C5gNJc;aria-label=Nbs5bc_v\/bOjMyf;class=Nbs5bc_v\/UpSNec\" data-ved=\"2ahUKEwih7-CYpcySAxXz4wIHHZWbG4wQye0OegYIAQgFEAE\"><\/button><\/h6>\n<h6 class=\"Fsg96\" data-complete=\"true\" data-processed=\"true\"><\/h6>\n<h6 class=\"otQkpb\" role=\"heading\" aria-level=\"3\" data-complete=\"true\" data-processed=\"true\"><strong class=\"Yjhzub\" data-complete=\"true\">Inovativni Monte Carlo kundak<\/strong><button class=\"rBl3me\" tabindex=\"0\" data-amic=\"true\" data-icl-uuid=\"fed6e776-492a-41d8-8698-c0f833952b55\" aria-label=\"View related links\" data-wiz-attrbind=\"disabled=Nbs5bc_11\/C5gNJc;aria-label=Nbs5bc_11\/bOjMyf;class=Nbs5bc_11\/UpSNec\" data-ved=\"2ahUKEwih7-CYpcySAxXz4wIHHZWbG4wQye0OegYIAQgGEAA\"><\/button><\/h6>\n<h6 class=\"Y3BBE\" data-hveid=\"CAEIBxAA\" data-complete=\"true\" data-processed=\"true\">Posebnost koju\u00a0<strong class=\"Yjhzub\" data-complete=\"true\" data-processed=\"true\">Blaser R8 Intuition<\/strong>\u00a0donosi je specifi\u010dno dizajniran Monte Carlo kundak. Povi\u0161ena obrazina omogu\u0107ava da oko lovca trenutno prona\u0111e osu opti\u010dkog ni\u0161ana, \u0161to je kriti\u010dno u dinami\u010dnim situacijama lova pogonom. Uz skra\u0107eni &#8220;pull length&#8221;,\u00a0<strong class=\"Yjhzub\" data-complete=\"true\" data-processed=\"true\">Blaser R8 Intuition<\/strong>\u00a0omogu\u0107ava da se pu\u0161ka osje\u0107a kao prirodni produ\u017eetak tijela, a ne kao masivan teret.<button class=\"rBl3me\" tabindex=\"0\" data-amic=\"true\" data-icl-uuid=\"0a58776c-09dc-4322-9152-ef585259100b\" aria-label=\"View related links\" data-wiz-attrbind=\"disabled=Nbs5bc_17\/C5gNJc;aria-label=Nbs5bc_17\/bOjMyf;class=Nbs5bc_17\/UpSNec\" data-ved=\"2ahUKEwih7-CYpcySAxXz4wIHHZWbG4wQye0OegYIAQgHEAE\"><\/button><\/h6>\n<h6 class=\"Fsg96\" data-complete=\"true\" data-processed=\"true\"><\/h6>\n<h6 class=\"otQkpb\" role=\"heading\" aria-level=\"3\" data-complete=\"true\" data-processed=\"true\"><strong class=\"Yjhzub\" data-complete=\"true\">Pouzdanost u ekstremnim uslovima<\/strong><button class=\"rBl3me\" tabindex=\"0\" data-amic=\"true\" data-icl-uuid=\"8cad6565-f87f-4d51-915e-e70ecae444b5\" aria-label=\"View related links\" data-wiz-attrbind=\"disabled=Nbs5bc_1d\/C5gNJc;aria-label=Nbs5bc_1d\/bOjMyf;class=Nbs5bc_1d\/UpSNec\" data-ved=\"2ahUKEwih7-CYpcySAxXz4wIHHZWbG4wQye0OegYIAQgIEAA\"><\/button><\/h6>\n<h6 class=\"Y3BBE\" data-hveid=\"CAEICRAA\" data-complete=\"true\" data-processed=\"true\" aria-owns=\"action-menu-parent-container\">Bez obzira na to da li lovite u vla\u017enim planinskim predjelima ili suvim ravnicama,\u00a0<strong class=\"Yjhzub\" data-complete=\"true\" data-processed=\"true\">Blaser R8 Intuition<\/strong>\u00a0pru\u017ea vrhunske performanse. Svaki metalni dio je za\u0161ti\u0107en posebnim premazima protiv korozije, dok je drvo Grade 4+ tretirano uljima koja nagla\u0161avaju prirodnu teksturu oraha, ali istovremeno odbijaju vodu. Kupovinom ovog modela na\u00a0<strong class=\"Yjhzub\" data-complete=\"true\" data-processed=\"true\">Torzokom.com<\/strong>, investirate u oru\u017eje koje \u0107e decenijama zadr\u017eati svoju vrijednost i preciznost.<\/h6>\n<hr class=\"j3tEEe\" data-serialized-params=\"[]\" data-complete=\"true\" data-processed=\"true\" data-sae=\"\" \/>\n<div class=\"Fsg96\" data-sfc-cp=\"\" data-complete=\"true\" data-processed=\"true\"><\/div>\n<hr \/>\n","protected":false},"excerpt":{"rendered":"<h4>Blaser R8 Intuition,\u00a0 prvi lova\u010dki karabin dizajniran specijalno za dame. Vrhunska ergonomija i preciznost. Pogledajte ponudu na Torzokom.com.<\/h4>\n<h4><\/h4>\n","protected":false},"featured_media":4391,"template":"","meta":[],"product_cat":[46,199],"product_tag":[295,284,291,297,296],"class_list":{"0":"post-196","1":"product","2":"type-product","3":"status-publish","4":"has-post-thumbnail","6":"product_brand-blaser","7":"product_cat-oruzje","8":"product_cat-lovacki-karabini","9":"product_tag-blaser","10":"product_tag-blaser-r8","11":"product_tag-blaser-r8-karabin","12":"product_tag-lovacki-karabin","13":"product_tag-lovacki-karabin-za-zene","15":"first","16":"instock","17":"taxable","18":"shipping-taxable","19":"product-type-external"},"_links":{"self":[{"href":"https:\/\/torzokom.com\/en\/wp-json\/wp\/v2\/product\/196","targetHints":{"allow":["GET"]}}],"collection":[{"href":"https:\/\/torzokom.com\/en\/wp-json\/wp\/v2\/product"}],"about":[{"href":"https:\/\/torzokom.com\/en\/wp-json\/wp\/v2\/types\/product"}],"version-history":[{"count":0,"href":"https:\/\/torzokom.com\/en\/wp-json\/wp\/v2\/product\/196\/revisions"}],"wp:featuredmedia":[{"embeddable":true,"href":"https:\/\/torzokom.com\/en\/wp-json\/wp\/v2\/media\/4391"}],"wp:attachment":[{"href":"https:\/\/torzokom.com\/en\/wp-json\/wp\/v2\/media?parent=196"}],"wp:term":[{"taxonomy":"product_cat","embeddable":true,"href":"https:\/\/torzokom.com\/en\/wp-json\/wp\/v2\/product_cat?post=196"},{"taxonomy":"product_tag","embeddable":true,"href":"https:\/\/torzokom.com\/en\/wp-json\/wp\/v2\/product_tag?post=196"}],"curies":[{"name":"wp","href":"https:\/\/api.w.org\/{rel}","templated":true}]}}