{"id":217,"date":"2024-05-07T07:10:45","date_gmt":"2024-05-07T07:10:45","guid":{"rendered":"https:\/\/demo2wpopal.b-cdn.net\/tactiko\/product\/sleek-marble-shoes\/"},"modified":"2026-02-09T11:34:05","modified_gmt":"2026-02-09T10:34:05","slug":"blaser-r8-ultimate-leather-huntec","status":"publish","type":"product","link":"https:\/\/torzokom.com\/en\/product\/blaser-r8-ultimate-leather-huntec\/","title":{"rendered":"Blaser R8 Ultimate Leather Huntec"},"content":{"rendered":"<h2>Blaser R8 Ultimate Leather Hun Tec<\/h2>\n<p>Ergonomski dizajniran otvor za palac, podesivi jastu\u010di\u0107 za trzaj, sistem za apsorpciju trzanja ili podesiva obrazina \u2013 R8 Ultimate ima novorazvijene, modularne opcije kundaka koje se mogu prilagoditi va\u0161im individualnim zahtjevima i aktivno podr\u017eavaju precizno pucanje.<\/p>\n<p><strong>ULTIMATE THUMBHOLE KUNDAK<\/strong><\/p>\n<p>&#8211; ergonomski optimizovan kundak<br \/>\n&#8211; pru\u017ea relaksiran polo\u017eaj ruke i ramena u bilo kojoj poziciji<br \/>\n&#8211; trzaj je sveden na minimum<\/p>\n<p><a href=\"https:\/\/www.torzokom.com\/wp-content\/uploads\/2019\/01\/Blaser_R8_iC_Illumination_Controll.jpg\" rel=\"shadowbox[sbpost-2277];player=img;\"><img decoding=\"async\" class=\"alignleft wp-image-2194\" src=\"https:\/\/www.torzokom.com\/wp-content\/uploads\/2019\/01\/Blaser_R8_iC_Illumination_Controll-195x84.jpg\" sizes=\"(max-width: 260px) 100vw, 260px\" srcset=\"https:\/\/www.torzokom.com\/wp-content\/uploads\/2019\/01\/Blaser_R8_iC_Illumination_Controll-195x84.jpg 195w, https:\/\/www.torzokom.com\/wp-content\/uploads\/2019\/01\/Blaser_R8_iC_Illumination_Controll-300x129.jpg 300w, https:\/\/www.torzokom.com\/wp-content\/uploads\/2019\/01\/Blaser_R8_iC_Illumination_Controll-768x329.jpg 768w, https:\/\/www.torzokom.com\/wp-content\/uploads\/2019\/01\/Blaser_R8_iC_Illumination_Controll-1024x439.jpg 1024w, https:\/\/www.torzokom.com\/wp-content\/uploads\/2019\/01\/Blaser_R8_iC_Illumination_Controll-940x403.jpg 940w, https:\/\/www.torzokom.com\/wp-content\/uploads\/2019\/01\/Blaser_R8_iC_Illumination_Controll-620x266.jpg 620w, https:\/\/www.torzokom.com\/wp-content\/uploads\/2019\/01\/Blaser_R8_iC_Illumination_Controll.jpg 1140w\" alt=\"\" width=\"274\" height=\"118\" \/><\/a><em><strong>ILLUMINATION CONTROL (iC)<\/strong><\/em><\/p>\n<p>Kontrola osvetljavanja (iC) povezuje kontrolu osvetljavanja kon\u010danice Blaser opti\u010dkih ni\u0161ana sa Blaser oru\u017ejem. Senzor u okularu detektuje polo\u017eaj kliza\u010da i tako nezavisno kontroli\u0161e uklju\u010divanje i isklju\u010divanje osvetljene ta\u010dke.<\/p>\n<p>&nbsp;<\/p>\n<p><strong>Opcionalni dodaci:<\/strong><\/p>\n<div id=\"c12536\" class=\"frame default\">\n<div class=\"container\">\n<div class=\"row\">\n<p><a href=\"https:\/\/www.torzokom.com\/wp-content\/uploads\/2019\/08\/csm_BLA_R8_Ultimate_Leather_Hinterschaft_VSR_815e833cb1.jpg\"><img decoding=\"async\" class=\"alignleft wp-image-3546\" src=\"https:\/\/www.torzokom.com\/wp-content\/uploads\/2019\/08\/csm_BLA_R8_Ultimate_Leather_Hinterschaft_VSR_815e833cb1-195x95.jpg\" sizes=\"auto, (max-width: 277px) 100vw, 277px\" srcset=\"https:\/\/www.torzokom.com\/wp-content\/uploads\/2019\/08\/csm_BLA_R8_Ultimate_Leather_Hinterschaft_VSR_815e833cb1-195x95.jpg 195w, https:\/\/www.torzokom.com\/wp-content\/uploads\/2019\/08\/csm_BLA_R8_Ultimate_Leather_Hinterschaft_VSR_815e833cb1-300x146.jpg 300w, https:\/\/www.torzokom.com\/wp-content\/uploads\/2019\/08\/csm_BLA_R8_Ultimate_Leather_Hinterschaft_VSR_815e833cb1-768x374.jpg 768w, https:\/\/www.torzokom.com\/wp-content\/uploads\/2019\/08\/csm_BLA_R8_Ultimate_Leather_Hinterschaft_VSR_815e833cb1-1024x499.jpg 1024w, https:\/\/www.torzokom.com\/wp-content\/uploads\/2019\/08\/csm_BLA_R8_Ultimate_Leather_Hinterschaft_VSR_815e833cb1-940x458.jpg 940w, https:\/\/www.torzokom.com\/wp-content\/uploads\/2019\/08\/csm_BLA_R8_Ultimate_Leather_Hinterschaft_VSR_815e833cb1-620x302.jpg 620w, https:\/\/www.torzokom.com\/wp-content\/uploads\/2019\/08\/csm_BLA_R8_Ultimate_Leather_Hinterschaft_VSR_815e833cb1.jpg 1200w\" alt=\"\" width=\"277\" height=\"135\" \/><\/a><em><strong>PODESIVA OBRAZINA<\/strong><\/em><\/p>\n<p>Obrazina sa kojim se intuitivno rukuje, koji se mo\u017ee podesiti na vi\u0161e nivoa osigurava savr\u0161enu monta\u017eu u svakoj situaciji. Jednom kada se podesivi obrazina prilagodi va\u0161im individualnim proporcijama i opti\u010dkim karakteristikama, integrisana memorijska funkcija osigurava povratak u pravilan polo\u017eaj za svaki metak.<\/p>\n<\/div>\n<\/div>\n<\/div>\n<p>&nbsp;<\/p>\n<p><a href=\"https:\/\/www.torzokom.com\/wp-content\/uploads\/2019\/08\/csm_BLA_R8_Ultimate_Leather_Hinterschaft_VSR_RDS_eca8ac3a60.jpg\"><img decoding=\"async\" class=\"alignleft wp-image-3547\" src=\"https:\/\/www.torzokom.com\/wp-content\/uploads\/2019\/08\/csm_BLA_R8_Ultimate_Leather_Hinterschaft_VSR_RDS_eca8ac3a60-195x95.jpg\" sizes=\"auto, (max-width: 277px) 100vw, 277px\" srcset=\"https:\/\/www.torzokom.com\/wp-content\/uploads\/2019\/08\/csm_BLA_R8_Ultimate_Leather_Hinterschaft_VSR_RDS_eca8ac3a60-195x95.jpg 195w, https:\/\/www.torzokom.com\/wp-content\/uploads\/2019\/08\/csm_BLA_R8_Ultimate_Leather_Hinterschaft_VSR_RDS_eca8ac3a60-300x146.jpg 300w, https:\/\/www.torzokom.com\/wp-content\/uploads\/2019\/08\/csm_BLA_R8_Ultimate_Leather_Hinterschaft_VSR_RDS_eca8ac3a60-768x374.jpg 768w, https:\/\/www.torzokom.com\/wp-content\/uploads\/2019\/08\/csm_BLA_R8_Ultimate_Leather_Hinterschaft_VSR_RDS_eca8ac3a60-1024x499.jpg 1024w, https:\/\/www.torzokom.com\/wp-content\/uploads\/2019\/08\/csm_BLA_R8_Ultimate_Leather_Hinterschaft_VSR_RDS_eca8ac3a60-940x458.jpg 940w, https:\/\/www.torzokom.com\/wp-content\/uploads\/2019\/08\/csm_BLA_R8_Ultimate_Leather_Hinterschaft_VSR_RDS_eca8ac3a60-620x302.jpg 620w, https:\/\/www.torzokom.com\/wp-content\/uploads\/2019\/08\/csm_BLA_R8_Ultimate_Leather_Hinterschaft_VSR_RDS_eca8ac3a60.jpg 1200w\" alt=\"\" width=\"277\" height=\"135\" \/><\/a><em><strong>SISTEM ZA SMANJENJE TRZAJA<\/strong><\/em><\/p>\n<p>Umetnut jastuk za odvod zraka sa sistemom za apsorpciju, omoguc\u0301ava prijatno iskustvo pucanja- \u010dak i sa vec\u0301im kalibrima. Elementi interne apsorpcije dostupni su u razli\u010ditoj tvrdoc\u0301i koja se mo\u017ee prilagoditi va\u0161im \u017eeljama i stvarati primjetno smanjeni uspon cijevi tokom pucanja.<\/p>\n<p>&nbsp;<\/p>\n<p><a href=\"https:\/\/www.torzokom.com\/wp-content\/uploads\/2019\/08\/csm_BLA_R8_Ultimate_Leather_Hinterschaft_VSR_VSK_663d8316d4.jpg\"><img loading=\"lazy\" decoding=\"async\" class=\"alignleft wp-image-3548\" src=\"https:\/\/www.torzokom.com\/wp-content\/uploads\/2019\/08\/csm_BLA_R8_Ultimate_Leather_Hinterschaft_VSR_VSK_663d8316d4-195x95.jpg\" sizes=\"auto, (max-width: 276px) 100vw, 276px\" srcset=\"https:\/\/www.torzokom.com\/wp-content\/uploads\/2019\/08\/csm_BLA_R8_Ultimate_Leather_Hinterschaft_VSR_VSK_663d8316d4-195x95.jpg 195w, https:\/\/www.torzokom.com\/wp-content\/uploads\/2019\/08\/csm_BLA_R8_Ultimate_Leather_Hinterschaft_VSR_VSK_663d8316d4-300x146.jpg 300w, https:\/\/www.torzokom.com\/wp-content\/uploads\/2019\/08\/csm_BLA_R8_Ultimate_Leather_Hinterschaft_VSR_VSK_663d8316d4-768x374.jpg 768w, https:\/\/www.torzokom.com\/wp-content\/uploads\/2019\/08\/csm_BLA_R8_Ultimate_Leather_Hinterschaft_VSR_VSK_663d8316d4-1024x499.jpg 1024w, https:\/\/www.torzokom.com\/wp-content\/uploads\/2019\/08\/csm_BLA_R8_Ultimate_Leather_Hinterschaft_VSR_VSK_663d8316d4-940x458.jpg 940w, https:\/\/www.torzokom.com\/wp-content\/uploads\/2019\/08\/csm_BLA_R8_Ultimate_Leather_Hinterschaft_VSR_VSK_663d8316d4-620x302.jpg 620w, https:\/\/www.torzokom.com\/wp-content\/uploads\/2019\/08\/csm_BLA_R8_Ultimate_Leather_Hinterschaft_VSR_VSK_663d8316d4.jpg 1200w\" alt=\"\" width=\"276\" height=\"134\" \/><\/a><em><strong>PODESIVI JASTU\u010cI\u0106 ZA SMANJENJE TRZAJA<\/strong><\/em><\/p>\n<p>Podesiva du\u017eina i visina jastuka za smanjenje trzaja nude niz prakti\u010dnih prednosti. Mo\u017ee se podesiti brzo i lako za razli\u010dite strijelce ili, u zavisnosti od vremena, razli\u010ditih situacija sa odjec\u0301om.<\/p>\n","protected":false},"excerpt":{"rendered":"<p>Blaser R8 Ultimate Leather Hun Tec Ergonomski dizajniran otvor za palac, podesivi jastu\u010di\u0107 za trzaj, sistem za apsorpciju trzanja ili podesiva obrazina \u2013 R8 Ultimate ima novorazvijene, modularne opcije kundaka koje se mogu prilagoditi va\u0161im individualnim zahtjevima i aktivno podr\u017eavaju precizno pucanje. ULTIMATE THUMBHOLE KUNDAK &#8211; ergonomski optimizovan kundak &#8211; pru\u017ea relaksiran polo\u017eaj ruke i [&hellip;]<\/p>\n","protected":false},"featured_media":4383,"template":"","meta":[],"product_cat":[199,46],"product_tag":[294,284,293],"class_list":{"0":"post-217","1":"product","2":"type-product","3":"status-publish","4":"has-post-thumbnail","6":"product_brand-blaser","7":"product_cat-lovacki-karabini","8":"product_cat-oruzje","9":"product_tag-blaser-lovacki-karabin","10":"product_tag-blaser-r8","11":"product_tag-blaser-r8-ultimate","13":"first","14":"instock","15":"sold-individually","16":"taxable","17":"shipping-taxable","18":"purchasable","19":"product-type-simple"},"_links":{"self":[{"href":"https:\/\/torzokom.com\/en\/wp-json\/wp\/v2\/product\/217","targetHints":{"allow":["GET"]}}],"collection":[{"href":"https:\/\/torzokom.com\/en\/wp-json\/wp\/v2\/product"}],"about":[{"href":"https:\/\/torzokom.com\/en\/wp-json\/wp\/v2\/types\/product"}],"version-history":[{"count":0,"href":"https:\/\/torzokom.com\/en\/wp-json\/wp\/v2\/product\/217\/revisions"}],"wp:featuredmedia":[{"embeddable":true,"href":"https:\/\/torzokom.com\/en\/wp-json\/wp\/v2\/media\/4383"}],"wp:attachment":[{"href":"https:\/\/torzokom.com\/en\/wp-json\/wp\/v2\/media?parent=217"}],"wp:term":[{"taxonomy":"product_cat","embeddable":true,"href":"https:\/\/torzokom.com\/en\/wp-json\/wp\/v2\/product_cat?post=217"},{"taxonomy":"product_tag","embeddable":true,"href":"https:\/\/torzokom.com\/en\/wp-json\/wp\/v2\/product_tag?post=217"}],"curies":[{"name":"wp","href":"https:\/\/api.w.org\/{rel}","templated":true}]}}