{"id":4596,"date":"2025-08-22T13:34:38","date_gmt":"2025-08-22T11:34:38","guid":{"rendered":"http:\/\/torzokom.com\/?post_type=product&#038;p=4596"},"modified":"2026-03-21T13:20:18","modified_gmt":"2026-03-21T12:20:18","slug":"browning-bar-mk3-reflex-composite-hc-cf","status":"publish","type":"product","link":"https:\/\/torzokom.com\/en\/product\/browning-bar-mk3-reflex-composite-hc-cf\/","title":{"rendered":"Browning Bar MK3 Reflex Composite HC CF"},"content":{"rendered":"<h2>Browning Bar MK3 Reflex Composite HC CF<\/h2>\n<p><em>REVOLUCIONI SISTEM CILJANJA<\/em><\/p>\n<p>Potpuno moderan stil, prirodno rukovanje, izvrsna ergonomija: novi &#8211; Browning model.<br \/>\nSa ugra\u0111enim novim Kite Optics K1 red dot ni\u0161anom, ova pu\u0161ka predstavlja revoluciju: niska i napredna pozicija, prirodno rukovanje i lako pode\u0161avanje.<\/p>\n","protected":false},"excerpt":{"rendered":"<p>Sa ugra\u0111enim novim Kite Optics K1 red dot ni\u0161anom, ova pu\u0161ka predstavlja revoluciju: niska i napredna pozicija, prirodno rukovanje i lako pode\u0161avanje<\/p>\n","protected":false},"featured_media":4597,"template":"","meta":[],"product_cat":[46,199],"product_tag":[300,318,299,319],"class_list":{"0":"post-4596","1":"product","2":"type-product","3":"status-publish","4":"has-post-thumbnail","6":"product_brand-browning","7":"product_cat-oruzje","8":"product_cat-lovacki-karabini","9":"product_tag-browning-karabin","10":"product_tag-browning-mk3-poluautomat","11":"product_tag-browning-poluautomat","12":"product_tag-browning-poluautomatski-karabin","14":"first","15":"instock","16":"sale","17":"taxable","18":"shipping-taxable","19":"purchasable","20":"product-type-simple"},"_links":{"self":[{"href":"https:\/\/torzokom.com\/en\/wp-json\/wp\/v2\/product\/4596","targetHints":{"allow":["GET"]}}],"collection":[{"href":"https:\/\/torzokom.com\/en\/wp-json\/wp\/v2\/product"}],"about":[{"href":"https:\/\/torzokom.com\/en\/wp-json\/wp\/v2\/types\/product"}],"version-history":[{"count":1,"href":"https:\/\/torzokom.com\/en\/wp-json\/wp\/v2\/product\/4596\/revisions"}],"predecessor-version":[{"id":10185,"href":"https:\/\/torzokom.com\/en\/wp-json\/wp\/v2\/product\/4596\/revisions\/10185"}],"wp:featuredmedia":[{"embeddable":true,"href":"https:\/\/torzokom.com\/en\/wp-json\/wp\/v2\/media\/4597"}],"wp:attachment":[{"href":"https:\/\/torzokom.com\/en\/wp-json\/wp\/v2\/media?parent=4596"}],"wp:term":[{"taxonomy":"product_cat","embeddable":true,"href":"https:\/\/torzokom.com\/en\/wp-json\/wp\/v2\/product_cat?post=4596"},{"taxonomy":"product_tag","embeddable":true,"href":"https:\/\/torzokom.com\/en\/wp-json\/wp\/v2\/product_tag?post=4596"}],"curies":[{"name":"wp","href":"https:\/\/api.w.org\/{rel}","templated":true}]}}