{"id":4609,"date":"2025-08-22T14:01:58","date_gmt":"2025-08-22T12:01:58","guid":{"rendered":"http:\/\/torzokom.com\/?post_type=product&#038;p=4609"},"modified":"2025-10-28T01:11:56","modified_gmt":"2025-10-28T00:11:56","slug":"browning-bar-mk3-hunter-fluted","status":"publish","type":"product","link":"https:\/\/torzokom.com\/en\/product\/browning-bar-mk3-hunter-fluted\/","title":{"rendered":"Browning Bar MK3 Hunter Fluted"},"content":{"rendered":"<h2>Browning Bar MK3 Hunter Fluted<\/h2>\n<p>Anodizirani crni prijemnik, bru\u0161ena bo\u010dna lica, gornji i dno te zaliha i kraj u orahu s uljnim trpanjem razreda 2. stupnja : BAR MK3 Hunter je krajnji rezultat posebno urednog i inventivnog rada.<\/p>\n<p>Uskla\u0111ena s podesivim predvi\u0111anjem, njegova cijevna cijev od 53 cm posjeduje novi profil koji jo\u0161 vi\u0161e nagla\u0161ava to\u010dnost pi\u0161tolja koji tako\u0111er nudi izvrsne osje\u0107aje pucanja zahvaljuju\u0107i svom sustavu Super Feather Okida\u010d.<\/p>\n<p>Dostupno u \u010detiri kalibra (308, 30-06, 300WM i 9.3X62), BAR MK3 Hunter opremljen je razli\u010ditim dodacima kako bi se mogao prilagoditi \u0161to je mogu\u0107e bli\u017ee morfologiji strijelca. Pu\u0161ka koja sadr\u017ei cijeli niz iznena\u0111enja&#8230;<\/p>\n","protected":false},"excerpt":{"rendered":"<p>Anodizirani crni prijemnik, bru\u0161ena bo\u010dna lica, gornji i dno te zaliha i kraj u orahu s uljnim trpanjem razreda 2. stupnja : BAR MK3 Hunter je krajnji rezultat posebno urednog i inventivnog rada.<\/p>\n","protected":false},"featured_media":4610,"template":"","meta":[],"product_cat":[46,199],"product_tag":[],"class_list":{"0":"post-4609","1":"product","2":"type-product","3":"status-publish","4":"has-post-thumbnail","6":"product_cat-oruzje","7":"product_cat-lovacki-karabini","9":"first","10":"instock","11":"taxable","12":"shipping-taxable","13":"product-type-simple"},"_links":{"self":[{"href":"https:\/\/torzokom.com\/en\/wp-json\/wp\/v2\/product\/4609","targetHints":{"allow":["GET"]}}],"collection":[{"href":"https:\/\/torzokom.com\/en\/wp-json\/wp\/v2\/product"}],"about":[{"href":"https:\/\/torzokom.com\/en\/wp-json\/wp\/v2\/types\/product"}],"version-history":[{"count":0,"href":"https:\/\/torzokom.com\/en\/wp-json\/wp\/v2\/product\/4609\/revisions"}],"wp:featuredmedia":[{"embeddable":true,"href":"https:\/\/torzokom.com\/en\/wp-json\/wp\/v2\/media\/4610"}],"wp:attachment":[{"href":"https:\/\/torzokom.com\/en\/wp-json\/wp\/v2\/media?parent=4609"}],"wp:term":[{"taxonomy":"product_cat","embeddable":true,"href":"https:\/\/torzokom.com\/en\/wp-json\/wp\/v2\/product_cat?post=4609"},{"taxonomy":"product_tag","embeddable":true,"href":"https:\/\/torzokom.com\/en\/wp-json\/wp\/v2\/product_tag?post=4609"}],"curies":[{"name":"wp","href":"https:\/\/api.w.org\/{rel}","templated":true}]}}