{"id":4645,"date":"2025-08-25T11:29:55","date_gmt":"2025-08-25T09:29:55","guid":{"rendered":"http:\/\/torzokom.com\/?post_type=product&#038;p=4645"},"modified":"2025-10-28T01:10:17","modified_gmt":"2025-10-28T00:10:17","slug":"browning-maral-reflex-nordic-composite-2","status":"publish","type":"product","link":"https:\/\/torzokom.com\/en\/product\/browning-maral-reflex-nordic-composite-2\/","title":{"rendered":"Browning Maral Reflex Nordic Composite"},"content":{"rendered":"<h2>Browning Maral Reflex Nordic Composite<\/h2>\n<p>Eksponencijalna prodaja Marala dokazuje da kad ga jednom probate, ne mo\u017eete rec\u0301i ne. Ova verzija Marala je <strong>Nordic Reflex composite<\/strong>.<\/p>\n<p>Nordijski se odnosi na crnu \u0161emu boja sa sivim hvatovima, dok izraz Reflex ukazuje na to da je opremljen red dot ni\u0161anom K1 od Kite Optics koji je postavljen \u0161to je moguc\u0301e ni\u017ee na cijev. Pozicioniranje ni\u0161ana do 6 mm ni\u017ee nego \u0161to bi bilo na prijemniku dodaje malo dodatnog poja\u010danja Maralovoj prirodnoj brzini, ergonomiji i svestranosti.<\/p>\n","protected":false},"excerpt":{"rendered":"<p>Eksponencijalna prodaja Marala dokazuje da kad ga jednom probate, ne mo\u017eete rec\u0301i ne. Ova verzija Marala je <strong>Nordic Reflex composite<\/strong>.<\/p>\n","protected":false},"featured_media":4646,"template":"","meta":[],"product_cat":[46,199],"product_tag":[],"class_list":{"0":"post-4645","1":"product","2":"type-product","3":"status-publish","4":"has-post-thumbnail","6":"product_brand-browning","7":"product_cat-oruzje","8":"product_cat-lovacki-karabini","10":"first","11":"instock","12":"taxable","13":"shipping-taxable","14":"product-type-simple"},"_links":{"self":[{"href":"https:\/\/torzokom.com\/en\/wp-json\/wp\/v2\/product\/4645","targetHints":{"allow":["GET"]}}],"collection":[{"href":"https:\/\/torzokom.com\/en\/wp-json\/wp\/v2\/product"}],"about":[{"href":"https:\/\/torzokom.com\/en\/wp-json\/wp\/v2\/types\/product"}],"version-history":[{"count":0,"href":"https:\/\/torzokom.com\/en\/wp-json\/wp\/v2\/product\/4645\/revisions"}],"wp:featuredmedia":[{"embeddable":true,"href":"https:\/\/torzokom.com\/en\/wp-json\/wp\/v2\/media\/4646"}],"wp:attachment":[{"href":"https:\/\/torzokom.com\/en\/wp-json\/wp\/v2\/media?parent=4645"}],"wp:term":[{"taxonomy":"product_cat","embeddable":true,"href":"https:\/\/torzokom.com\/en\/wp-json\/wp\/v2\/product_cat?post=4645"},{"taxonomy":"product_tag","embeddable":true,"href":"https:\/\/torzokom.com\/en\/wp-json\/wp\/v2\/product_tag?post=4645"}],"curies":[{"name":"wp","href":"https:\/\/api.w.org\/{rel}","templated":true}]}}