{"id":4651,"date":"2025-08-25T12:44:43","date_gmt":"2025-08-25T10:44:43","guid":{"rendered":"http:\/\/torzokom.com\/?post_type=product&#038;p=4651"},"modified":"2025-10-26T13:01:52","modified_gmt":"2025-10-26T12:01:52","slug":"browning-bar-mk3-composite-eclipse-gold-hc-2","status":"publish","type":"product","link":"https:\/\/torzokom.com\/en\/product\/browning-bar-mk3-composite-eclipse-gold-hc-2\/","title":{"rendered":"Browning Bar MK3 Composite Eclipse Gold HC"},"content":{"rendered":"<h2>Browning Bar MK3 Composite Eclipse Gold HC<\/h2>\n<p>Ova verzija, koja posjeduje sve tehni\u010dke specifi\u010dnosti novog asortimana BAR MK3, tako\u0111e je izuzetna zbog izuzetne ljepote svojih estetskih kvaliteta. Njegova satenska cijev i nje\u017eni niklovano-zlatni prijemnik \u2013 ukra\u0161en novom gravurom srna i divlje svinje \u2013 nesumnjivo odaju po\u010dast rusti\u010dnim \u010darima lova.<\/p>\n<p>Ovaj ekstra mekani jastu\u010dic\u0301 nudi najbolju moguc\u0301u apsorpciju trzaja na pu\u0161ci. Ekskluzivni dizajn i kori\u0161teni materijal doprinose odstupanju smjera od udarnih sila prema dolje, \u010dime se lagano udaljava kundak od lica kako bi se smanjio trzaj i kretanje prema gore.<\/p>\n<p>Kada \u017eelite apsolutnu preciznost, novi sistem okidanja je jasniji, krac\u0301i i neverovatno direktan. Sistem okida\u010da vam pru\u017ea jasan i direktan po\u010detak koji vodi do izuzetnih iskustava.<\/p>\n","protected":false},"excerpt":{"rendered":"<p>Ova verzija, koja posjeduje sve tehni\u010dke specifi\u010dnosti novog asortimana BAR MK3, tako\u0111e je izuzetna zbog izuzetne ljepote svojih estetskih kvaliteta.<\/p>\n","protected":false},"featured_media":4652,"template":"","meta":[],"product_cat":[199,46],"product_tag":[],"class_list":{"0":"post-4651","1":"product","2":"type-product","3":"status-publish","4":"has-post-thumbnail","6":"product_brand-browning","7":"product_cat-lovacki-karabini","8":"product_cat-oruzje","10":"first","11":"instock","12":"taxable","13":"shipping-taxable","14":"purchasable","15":"product-type-simple"},"_links":{"self":[{"href":"https:\/\/torzokom.com\/en\/wp-json\/wp\/v2\/product\/4651","targetHints":{"allow":["GET"]}}],"collection":[{"href":"https:\/\/torzokom.com\/en\/wp-json\/wp\/v2\/product"}],"about":[{"href":"https:\/\/torzokom.com\/en\/wp-json\/wp\/v2\/types\/product"}],"version-history":[{"count":0,"href":"https:\/\/torzokom.com\/en\/wp-json\/wp\/v2\/product\/4651\/revisions"}],"wp:featuredmedia":[{"embeddable":true,"href":"https:\/\/torzokom.com\/en\/wp-json\/wp\/v2\/media\/4652"}],"wp:attachment":[{"href":"https:\/\/torzokom.com\/en\/wp-json\/wp\/v2\/media?parent=4651"}],"wp:term":[{"taxonomy":"product_cat","embeddable":true,"href":"https:\/\/torzokom.com\/en\/wp-json\/wp\/v2\/product_cat?post=4651"},{"taxonomy":"product_tag","embeddable":true,"href":"https:\/\/torzokom.com\/en\/wp-json\/wp\/v2\/product_tag?post=4651"}],"curies":[{"name":"wp","href":"https:\/\/api.w.org\/{rel}","templated":true}]}}