{"id":4670,"date":"2025-08-25T13:54:33","date_gmt":"2025-08-25T11:54:33","guid":{"rendered":"http:\/\/torzokom.com\/?post_type=product&#038;p=4670"},"modified":"2025-10-28T00:58:10","modified_gmt":"2025-10-27T23:58:10","slug":"browning-maral-cal-30-06-9-3x62-300-wm","status":"publish","type":"product","link":"https:\/\/torzokom.com\/en\/product\/browning-maral-cal-30-06-9-3x62-300-wm\/","title":{"rendered":"Browning Maral Cal.30-06; 9.3\u00d762; 300 WM"},"content":{"rendered":"<h2>Browning Maral Cal.30-06; 9.3\u00d762; 300 WM<\/h2>\n<div><\/div>\n<div>Sa svim svojim nepobitnim iskustva u izradi lova\u010dkih pu\u0161aka, BROWNING je opet inovativan u polju \u201eSTRAIGHT-PULL\u201c (pu\u0161ka sa pravolinijskim izvla\u0107enjem zatvara\u010da) sistemu\u00a0<strong>pu\u0161ka s novim modelom pod imenom MARAL.<\/strong><\/div>\n<div><\/div>\n<div>Stvarna tehnolo\u0161ka revolucija, njegov brzo-repetiraju\u0107i sistem nudi strijelcu neusporedivu brzinu i nenadma\u0161nu udobnost pucanja. BROWNING kombinuje ovu novu tehnologiju sa svim iskustvom koje posjeduje u izradi cijevi i svojoj stru\u010dnosti u podru\u010dju sigurnosti sa svojim 7-bradavi\u010dastim zatvara\u010dem, koji ve\u0107 opskrbljuje preko milijun pu\u0161ka u cijelom svijetu<\/div>\n<div><\/div>\n<div>Efikasnot Browning Maral Cal.30-06; 9.3\u00d762; 300 WM se tako\u0111er mo\u017ee mjeriti kada pogledate spoj kundaka i mehanizma pu\u0161ke, koji se nalazi unutar ku\u010di\u0161ta mehanizma, a skida se otpu\u0161tanjem jednog imbus vijka.<\/div>\n<div>\n<p>To omogu\u0107uje strijelcu zadr\u017eati svoj cilj u vidu kontinuirano prilikom svakog pucnja.<\/p>\n<\/div>\n","protected":false},"excerpt":{"rendered":"<p>Sa svim svojim nepobitnim iskustva u izradi lova\u010dkih pu\u0161aka, BROWNING je opet inovativan u polju \u201eSTRAIGHT-PULL\u201c (pu\u0161ka sa pravolinijskim izvla\u0107enjem zatvara\u010da) sistemu\u00a0<strong>pu\u0161ka s novim modelom pod imenom MARAL.<\/strong><\/p>\n","protected":false},"featured_media":4671,"template":"","meta":[],"product_cat":[46,199],"product_tag":[],"class_list":{"0":"post-4670","1":"product","2":"type-product","3":"status-publish","4":"has-post-thumbnail","6":"product_brand-browning","7":"product_cat-oruzje","8":"product_cat-lovacki-karabini","10":"first","11":"instock","12":"sale","13":"taxable","14":"shipping-taxable","15":"purchasable","16":"product-type-simple"},"_links":{"self":[{"href":"https:\/\/torzokom.com\/en\/wp-json\/wp\/v2\/product\/4670","targetHints":{"allow":["GET"]}}],"collection":[{"href":"https:\/\/torzokom.com\/en\/wp-json\/wp\/v2\/product"}],"about":[{"href":"https:\/\/torzokom.com\/en\/wp-json\/wp\/v2\/types\/product"}],"version-history":[{"count":0,"href":"https:\/\/torzokom.com\/en\/wp-json\/wp\/v2\/product\/4670\/revisions"}],"wp:featuredmedia":[{"embeddable":true,"href":"https:\/\/torzokom.com\/en\/wp-json\/wp\/v2\/media\/4671"}],"wp:attachment":[{"href":"https:\/\/torzokom.com\/en\/wp-json\/wp\/v2\/media?parent=4670"}],"wp:term":[{"taxonomy":"product_cat","embeddable":true,"href":"https:\/\/torzokom.com\/en\/wp-json\/wp\/v2\/product_cat?post=4670"},{"taxonomy":"product_tag","embeddable":true,"href":"https:\/\/torzokom.com\/en\/wp-json\/wp\/v2\/product_tag?post=4670"}],"curies":[{"name":"wp","href":"https:\/\/api.w.org\/{rel}","templated":true}]}}