{"id":4676,"date":"2025-08-25T14:30:35","date_gmt":"2025-08-25T12:30:35","guid":{"rendered":"http:\/\/torzokom.com\/?post_type=product&#038;p=4676"},"modified":"2026-03-10T11:22:51","modified_gmt":"2026-03-10T10:22:51","slug":"browning-bar-lt-zenith-wood-affut-hc","status":"publish","type":"product","link":"https:\/\/torzokom.com\/en\/product\/browning-bar-lt-zenith-wood-affut-hc\/","title":{"rendered":"Browning Bar LT Zenith Wood Affut HC"},"content":{"rendered":"<div class=\"otQkpb\" role=\"heading\" aria-level=\"3\" data-animation-nesting=\"\" data-sfc-cp=\"\" data-sfc-cb=\"\" data-complete=\"true\" data-processed=\"true\" data-sae=\"\"><strong>Browning Bar LT Zenith Wood Affut HC \u2013 Elegancija i Preciznost u Pogonskom Lovu<\/strong><\/div>\n<div class=\"Y3BBE\" data-sfc-cp=\"\" data-sfc-cb=\"\" data-hveid=\"CAEIBBAA\" data-complete=\"true\" data-processed=\"true\"><strong class=\"Yjhzub\" data-sfc-cb=\"\" data-complete=\"true\" data-processed=\"true\">Browning Bar LT Zenith Wood Affut HC<\/strong>\u00a0predstavlja sam vrh ponude poluautomatskih karabina, spajaju\u0107i tradicionalnu estetiku vrhunskog orahovog drveta sa najsavremenijim sigurnosnim sistemima. Kao nasljednik legendarne BAR linije,\u00a0<strong class=\"Yjhzub\" data-sfc-cb=\"\" data-complete=\"true\" data-processed=\"true\">Browning Bar LT Zenith Wood Affut HC<\/strong> je dizajniran da pru\u017ei maksimalnu brzinu i pouzdanost, \u010dine\u0107i ga savr\u0161enim izborom za lovce koji ne pristaju na kompromise izme\u0111u stila i funkcionalnosti.<\/div>\n<div class=\"Fsg96\" data-sfc-cp=\"\" data-sfc-cb=\"\" data-complete=\"true\" data-processed=\"true\"><\/div>\n<div class=\"otQkpb\" role=\"heading\" aria-level=\"3\" data-animation-nesting=\"\" data-sfc-cp=\"\" data-sfc-cb=\"\" data-complete=\"true\" data-processed=\"true\" data-sae=\"\">Za\u0161to je Browning Bar LT Zenith Wood Affut HC lider u svojoj klasi?<\/div>\n<div class=\"Y3BBE\" data-sfc-cp=\"\" data-sfc-cb=\"\" data-hveid=\"CAEIBhAA\" data-complete=\"true\" data-processed=\"true\">Glavna odlika modela\u00a0<strong class=\"Yjhzub\" data-sfc-cb=\"\" data-complete=\"true\" data-processed=\"true\">Browning Bar LT Zenith Wood Affut HC<\/strong>\u00a0je njegov napredni\u00a0<strong class=\"Yjhzub\" data-sfc-cb=\"\" data-complete=\"true\" data-processed=\"true\">Hand Cocking (HC)<\/strong>\u00a0sistem. Ovaj mehanizam omogu\u0107ava lovcu da ru\u010dno napne udarnu iglu neposredno prije pucanja, \u0161to ovaj karabin \u010dini jednim od najsigurnijih na svijetu. Uz to,\u00a0<strong class=\"Yjhzub\" data-sfc-cb=\"\" data-complete=\"true\" data-processed=\"true\">Browning Bar LT Zenith Wood Affut HC<\/strong> koristi &#8220;Affut&#8221; konfiguraciju, \u0161to podrazumijeva cijev optimizovanu za preciznost na \u010deku, ali i nevjerovatnu okretnost u pogonu.<\/div>\n<div class=\"Fsg96\" data-sfc-cp=\"\" data-sfc-cb=\"\" data-complete=\"true\" data-processed=\"true\"><\/div>\n<div class=\"otQkpb\" role=\"heading\" aria-level=\"3\" data-animation-nesting=\"\" data-sfc-cp=\"\" data-sfc-cb=\"\" data-complete=\"true\" data-processed=\"true\" data-sae=\"\">Klju\u010dne prednosti i karakteristike:<\/div>\n<ul class=\"KsbFXc U6u95\" data-sfc-cb=\"\" data-complete=\"true\" data-processed=\"true\">\n<li class=\"dF3vjf\" data-sfc-cb=\"\" data-hveid=\"CAEICBAA\" data-complete=\"true\" data-sae=\"\"><span class=\"T286Pc\" data-sfc-cp=\"\" data-sfc-cb=\"\" data-complete=\"true\"><strong class=\"Yjhzub\" data-sfc-cb=\"\" data-complete=\"true\">Hand Cocking (HC) Sistem:<\/strong>\u00a0Maksimalna bezbjednost uz jednostavno aktiviranje napetosti opruge udarne igle palcem, neposredno prije pogotka.<\/span><\/li>\n<li class=\"dF3vjf\" data-sfc-cb=\"\" data-hveid=\"CAEICBAB\" data-complete=\"true\" data-sae=\"\"><span class=\"T286Pc\" data-sfc-cp=\"\" data-sfc-cb=\"\" data-complete=\"true\"><strong class=\"Yjhzub\" data-sfc-cb=\"\" data-complete=\"true\">Vrhunsko Orahovo Drvo (Grade 3):<\/strong>\u00a0Kundak i potkundak modela\u00a0<strong class=\"Yjhzub\" data-sfc-cb=\"\" data-complete=\"true\">Browning Bar LT Zenith Wood Affut HC<\/strong>\u00a0izra\u0111eni su od biranog orahovog drveta sa bogatom teksturom i satenskim fini\u0161om.<\/span><\/li>\n<li class=\"dF3vjf\" data-sfc-cb=\"\" data-hveid=\"CAEICBAC\" data-complete=\"true\" data-sae=\"\"><span class=\"T286Pc\" data-sfc-cp=\"\" data-sfc-cb=\"\" data-complete=\"true\"><strong class=\"Yjhzub\" data-sfc-cb=\"\" data-complete=\"true\">Zenith Estetika:<\/strong>\u00a0Specifi\u010dne bo\u010dne plo\u010dice i elegantne gravure daju ovom karabinu luksuzan izgled koji se isti\u010de na svakom terenu.<\/span><\/li>\n<li class=\"dF3vjf\" data-sfc-cb=\"\" data-hveid=\"CAEICBAD\" data-complete=\"true\" data-sae=\"\"><span class=\"T286Pc\" data-sfc-cp=\"\" data-sfc-cb=\"\" data-complete=\"true\"><strong class=\"Yjhzub\" data-sfc-cb=\"\" data-complete=\"true\">Lagana Cijev (Lightweight):<\/strong>\u00a0Iako robustan,\u00a0<strong class=\"Yjhzub\" data-sfc-cb=\"\" data-complete=\"true\">Browning Bar LT Zenith Wood Affut HC<\/strong>\u00a0je konstruisan da bude lagan za no\u0161enje tokom dugih lovnih dana, bez gubitka preciznosti.<\/span><\/li>\n<li class=\"dF3vjf\" data-sfc-cb=\"\" data-hveid=\"CAEICBAE\" data-complete=\"true\" data-sae=\"\"><span class=\"T286Pc\" data-sfc-cp=\"\" data-sfc-cb=\"\" data-complete=\"true\"><strong class=\"Yjhzub\" data-sfc-cb=\"\" data-complete=\"true\">Sistem Podesivih Ni\u0161ana:<\/strong> Opremljen je visokokvalitetnim mehani\u010dkim ni\u0161anima za brzo ni\u0161anjenje u \u0161umskim uslovima, uz fabri\u010dku pripremu za monta\u017eu optike.<\/span><\/li>\n<\/ul>\n<div class=\"Fsg96\" data-sfc-cp=\"\" data-sfc-cb=\"\" data-complete=\"true\" data-processed=\"true\"><\/div>\n<div class=\"otQkpb\" role=\"heading\" aria-level=\"3\" data-animation-nesting=\"\" data-sfc-cp=\"\" data-sfc-cb=\"\" data-complete=\"true\" data-processed=\"true\" data-sae=\"\">Pouzdanost dokazana decenijama<\/div>\n<div class=\"Y3BBE\" data-sfc-cp=\"\" data-sfc-cb=\"\" data-hveid=\"CAEIChAA\" data-complete=\"true\" data-processed=\"true\">Kao dio BAR (Browning Automatic Rifle) porodice,\u00a0<strong class=\"Yjhzub\" data-sfc-cb=\"\" data-complete=\"true\" data-processed=\"true\">Browning Bar LT Zenith Wood Affut HC<\/strong> koristi sistem pozajmice gasova koji je usavr\u0161en kroz decenije upotrebe. Ovaj sistem garantuje minimalan trzaj i besprijekoran rad sa svim standardnim lova\u010dkim kalibrima, omogu\u0107avaju\u0107i vam da ostanete fokusirani na metu za potencijalni drugi hitac.<\/div>\n<div class=\"Fsg96\" data-sfc-cp=\"\" data-sfc-cb=\"\" data-complete=\"true\" data-processed=\"true\"><\/div>\n","protected":false},"excerpt":{"rendered":"<p><strong class=\"Yjhzub\" data-sfc-cb=\"\" data-complete=\"true\" data-processed=\"true\">Browning Bar LT Zenith Wood Affut HC<\/strong>\u00a0je luksuzni poluautomatski karabin koji sjedinjuje vrhunsku eleganciju Grade 3 orahovine i revolucionarni\u00a0<strong class=\"Yjhzub\" data-sfc-cb=\"\" data-complete=\"true\" data-processed=\"true\">Hand Cocking (HC)<\/strong>\u00a0sistem za maksimalnu bezbjednost.<\/p>\n<p>Dizajniran za lovce koji tra\u017ee savr\u0161en balans,\u00a0<strong class=\"Yjhzub\" data-sfc-cb=\"\" data-complete=\"true\" data-processed=\"true\">Browning Bar LT Zenith Wood Affut HC<\/strong>\u00a0nudi neprevazi\u0111enu brzinu pucanja uz minimalan trzaj i hirur\u0161ku preciznost Affut cijevi. Bilo da ste na \u010deki ili u dinami\u010dnom pogonskom lovu, ovaj model iz Zenith serije pru\u017ea unikatnu estetiku i pouzdanost koju garantuje samo Browning BAR tehnologija.<\/p>\n","protected":false},"featured_media":4677,"template":"","meta":[],"product_cat":[46,199],"product_tag":[],"class_list":{"0":"post-4676","1":"product","2":"type-product","3":"status-publish","4":"has-post-thumbnail","6":"product_brand-browning","7":"product_cat-oruzje","8":"product_cat-lovacki-karabini","9":"pa_kalibar-30-06-spr","10":"pa_kalibar-300-win-mag","11":"pa_kalibar-308-win","12":"pa_kalibar-93x62","14":"first","15":"instock","16":"sale","17":"taxable","18":"shipping-taxable","19":"purchasable","20":"product-type-variable"},"_links":{"self":[{"href":"https:\/\/torzokom.com\/en\/wp-json\/wp\/v2\/product\/4676","targetHints":{"allow":["GET"]}}],"collection":[{"href":"https:\/\/torzokom.com\/en\/wp-json\/wp\/v2\/product"}],"about":[{"href":"https:\/\/torzokom.com\/en\/wp-json\/wp\/v2\/types\/product"}],"version-history":[{"count":0,"href":"https:\/\/torzokom.com\/en\/wp-json\/wp\/v2\/product\/4676\/revisions"}],"wp:featuredmedia":[{"embeddable":true,"href":"https:\/\/torzokom.com\/en\/wp-json\/wp\/v2\/media\/4677"}],"wp:attachment":[{"href":"https:\/\/torzokom.com\/en\/wp-json\/wp\/v2\/media?parent=4676"}],"wp:term":[{"taxonomy":"product_cat","embeddable":true,"href":"https:\/\/torzokom.com\/en\/wp-json\/wp\/v2\/product_cat?post=4676"},{"taxonomy":"product_tag","embeddable":true,"href":"https:\/\/torzokom.com\/en\/wp-json\/wp\/v2\/product_tag?post=4676"}],"curies":[{"name":"wp","href":"https:\/\/api.w.org\/{rel}","templated":true}]}}