{"id":4703,"date":"2025-08-27T11:22:27","date_gmt":"2025-08-27T09:22:27","guid":{"rendered":"http:\/\/torzokom.com\/?post_type=product&#038;p=4703"},"modified":"2025-10-28T00:56:36","modified_gmt":"2025-10-27T23:56:36","slug":"remington-700-varmint-sf","status":"publish","type":"product","link":"https:\/\/torzokom.com\/en\/product\/remington-700-varmint-sf\/","title":{"rendered":"Remington 700 Varmint SF-VSF"},"content":{"rendered":"<p>Napravljen na akciji legendarnog modela 700, Remington\u00ae Varmint pu\u0161ke su me\u0111u najpreciznijim fabri\u010dki napravljenim modelima koje se proizvode. Ako cijenite male grupe i veliku otpornost na vremenske neuslove, nehr\u0111aju\u0107i \u010delik i sinteti\u010dki materijal, model 700 VSF je za vas.<br \/>\nNjegova cijev te\u0161ke konture od 26\u2033 ima \u017eljebove radi smanjenja te\u017eine uz istovremeno odr\u017eavanje robusnosti i brzog hla\u0111enja.<br \/>\nUra\u0111eni su dvostruki prednji okretni klinovi za remen i bipod.<\/p>\n<hr \/>\n<p>Te\u0161ka konturna cijev od 26\u2033, za vrhunsku preciznost na daljinu<br \/>\nRemington\u00ae sinteti\u010dki kundak sa preoblikovanim ru\u010dkama<br \/>\n\u0160est uzdu\u017enih \u017elebova smanjuju te\u017einu cijevi i pove\u0107avaju rasipanje toplote<br \/>\nDvostruki prednji okretni sistem klinova za prakti\u010dno postavljanje bipoda i remena<br \/>\nX-Mark Pro\u00ae eksterno podesivi obara\u010d<br \/>\nSuperCell\u00ae Recoil Pad, za smanjenje otpora trzaja na ramenu<\/p>\n","protected":false},"excerpt":{"rendered":"<p>Napravljen na akciji legendarnog modela 700, Remington\u00ae Varmint pu\u0161ke su me\u0111u najpreciznijim fabri\u010dki napravljenim modelima koje se proizvode. Ako cijenite male grupe i veliku otpornost na vremenske neuslove, nehr\u0111aju\u0107i \u010delik i sinteti\u010dki materijal, model 700 VSF je za vas. Njegova cijev te\u0161ke konture od 26\u2033 ima \u017eljebove radi smanjenja te\u017eine uz istovremeno odr\u017eavanje robusnosti i [&hellip;]<\/p>\n","protected":false},"featured_media":4704,"template":"","meta":[],"product_cat":[46,199],"product_tag":[],"class_list":{"0":"post-4703","1":"product","2":"type-product","3":"status-publish","4":"has-post-thumbnail","6":"product_brand-remington","7":"product_cat-oruzje","8":"product_cat-lovacki-karabini","10":"first","11":"instock","12":"taxable","13":"shipping-taxable","14":"product-type-simple"},"_links":{"self":[{"href":"https:\/\/torzokom.com\/en\/wp-json\/wp\/v2\/product\/4703","targetHints":{"allow":["GET"]}}],"collection":[{"href":"https:\/\/torzokom.com\/en\/wp-json\/wp\/v2\/product"}],"about":[{"href":"https:\/\/torzokom.com\/en\/wp-json\/wp\/v2\/types\/product"}],"version-history":[{"count":0,"href":"https:\/\/torzokom.com\/en\/wp-json\/wp\/v2\/product\/4703\/revisions"}],"wp:featuredmedia":[{"embeddable":true,"href":"https:\/\/torzokom.com\/en\/wp-json\/wp\/v2\/media\/4704"}],"wp:attachment":[{"href":"https:\/\/torzokom.com\/en\/wp-json\/wp\/v2\/media?parent=4703"}],"wp:term":[{"taxonomy":"product_cat","embeddable":true,"href":"https:\/\/torzokom.com\/en\/wp-json\/wp\/v2\/product_cat?post=4703"},{"taxonomy":"product_tag","embeddable":true,"href":"https:\/\/torzokom.com\/en\/wp-json\/wp\/v2\/product_tag?post=4703"}],"curies":[{"name":"wp","href":"https:\/\/api.w.org\/{rel}","templated":true}]}}