{"id":4705,"date":"2025-08-27T11:27:27","date_gmt":"2025-08-27T09:27:27","guid":{"rendered":"http:\/\/torzokom.com\/?post_type=product&#038;p=4705"},"modified":"2025-10-28T00:56:17","modified_gmt":"2025-10-27T23:56:17","slug":"verney-carron-impact-la","status":"publish","type":"product","link":"https:\/\/torzokom.com\/en\/product\/verney-carron-impact-la\/","title":{"rendered":"Verney \u2013 Carron Impact LA"},"content":{"rendered":"<h2>Verney \u2013 Carron Impact LA<\/h2>\n<p>Karabin sa linearnim repetiranjem IMPACT LA omogu\u0107uje vam lan\u010dano povezivanje do 6 pucnjeva sa nevjerovatnim tempom, dok lako dr\u017eite cilj izme\u0111u svakog pucnja.<\/p>\n<p>&nbsp;<\/p>\n","protected":false},"excerpt":{"rendered":"<p>Verney \u2013 Carron Impact LA Karabin sa linearnim repetiranjem IMPACT LA omogu\u0107uje vam lan\u010dano povezivanje do 6 pucnjeva sa nevjerovatnim tempom, dok lako dr\u017eite cilj izme\u0111u svakog pucnja. &nbsp;<\/p>\n","protected":false},"featured_media":4706,"template":"","meta":[],"product_cat":[46,199],"product_tag":[],"class_list":{"0":"post-4705","1":"product","2":"type-product","3":"status-publish","4":"has-post-thumbnail","6":"product_brand-verney-carron","7":"product_cat-oruzje","8":"product_cat-lovacki-karabini","10":"first","11":"instock","12":"taxable","13":"shipping-taxable","14":"product-type-simple"},"_links":{"self":[{"href":"https:\/\/torzokom.com\/en\/wp-json\/wp\/v2\/product\/4705","targetHints":{"allow":["GET"]}}],"collection":[{"href":"https:\/\/torzokom.com\/en\/wp-json\/wp\/v2\/product"}],"about":[{"href":"https:\/\/torzokom.com\/en\/wp-json\/wp\/v2\/types\/product"}],"version-history":[{"count":0,"href":"https:\/\/torzokom.com\/en\/wp-json\/wp\/v2\/product\/4705\/revisions"}],"wp:featuredmedia":[{"embeddable":true,"href":"https:\/\/torzokom.com\/en\/wp-json\/wp\/v2\/media\/4706"}],"wp:attachment":[{"href":"https:\/\/torzokom.com\/en\/wp-json\/wp\/v2\/media?parent=4705"}],"wp:term":[{"taxonomy":"product_cat","embeddable":true,"href":"https:\/\/torzokom.com\/en\/wp-json\/wp\/v2\/product_cat?post=4705"},{"taxonomy":"product_tag","embeddable":true,"href":"https:\/\/torzokom.com\/en\/wp-json\/wp\/v2\/product_tag?post=4705"}],"curies":[{"name":"wp","href":"https:\/\/api.w.org\/{rel}","templated":true}]}}