{"id":4709,"date":"2025-08-27T11:36:35","date_gmt":"2025-08-27T09:36:35","guid":{"rendered":"http:\/\/torzokom.com\/?post_type=product&#038;p=4709"},"modified":"2025-10-28T00:55:42","modified_gmt":"2025-10-27T23:55:42","slug":"tikka-t3x-laminated-stainless","status":"publish","type":"product","link":"https:\/\/torzokom.com\/en\/product\/tikka-t3x-laminated-stainless\/","title":{"rendered":"Tikka T3X Laminated Stainless"},"content":{"rendered":"<h2>Tikka T3X Laminated Stainless<\/h2>\n<p>Omoguc\u0301ava avanturisti\u010dkom lovcu otpornost na vremenske neuslove, stabilnost i preciznost. <em>T3x Laminated Stainless<\/em> podnosi zahtjevne vremenske neuslove sa hladno-kovanom slobodno-plutajuc\u0301om cijevi od nehr\u0111ajuc\u0301eg \u010delika. Prijemnik, glava zatvara\u010da i zatvara\u010d su napravljeni od nehr\u0111ajuc\u0301eg \u010delika, \u0161to \u010dak i najiskrenijim lovcima pru\u017ea pouzdanu stabilnost i preciznost. <em>T3x Laminated Stainless<\/em> savr\u0161en je saputnik u lovu, bez obzira na okolnosti.<\/p>\n<p>&nbsp;<\/p>\n<p>CIJEV I KUNDAK<br \/>\nOva izdr\u017eljiva pu\u0161ka ima jedinstven i moderan izgled zbog mat sivog lakiranog i laminiranog tvrdog drveta. <em>T3x Laminated Stainless<\/em> ima slobodno-plutajuc\u0301u, hladno kovanu cijev od nehr\u0111ajuc\u0301eg \u010delika.<\/p>\n<hr \/>\n<p>MODULARNI KUNDAK<br \/>\nT3X ima novi modularnu sinteti\u010dki kundak koji ima izmenljive dr\u0161ke pi\u0161tolja, \u0161to omoguc\u0301ava promenu ugla dr\u0161ke. Ovo omoguc\u0301ava vi\u0161e pozicija snimanja. Dodatni rukohvati se prodaju zasebno. Sinteti\u010dki kundak <em>T3x<\/em> tako\u0111e ima dodatnu ta\u010dku pri\u010dvr\u0161c\u0301ivanja koja vam omoguc\u0301ava da promjenite \u0161irinu prednjeg dijela kundaka.<\/p>\n<hr \/>\n<p>POBOLJ\u0160AN HVAT<br \/>\nHvat koji nikada ne klizi. Sinteti\u010dki kundak T3k ima novi asimetri\u010dni uzorak hvata koji je posebno dizajniran da pru\u017ei \u010dvrsto prianjanje u svim uslovima.<\/p>\n<hr \/>\n<p>NOVI SISTEM SMANJENJA TRZAJA<br \/>\nModel T3X dolazi s novom tehnologijom smanjenja trzaja. Nova robusna podloga omoguc\u0301ava vam da se u potpunosti koncentri\u0161ete na preciznost svojih pucnjeva.<\/p>\n<hr \/>\n<p>KUNDAK SA REDUKCIJOM BUKE<br \/>\nBudi tih kao \u0161uma. Kundaci T3x sada imaju umetak od pjene u unutra\u0161njosti zadnjeg dijela-ovo smanjuje buku koju stvara kundak i mo\u017ee vam pomoc\u0301i da zadr\u017eite metu na vidiku. Nije dostupno za modele sa podesivim grebenom.<\/p>\n<hr \/>\n<p>POBOLJ\u0160ANA UGRADNJA \u0160INE<br \/>\nModeli T3X imaju dodatne polo\u017eaje vijaka na vrhu prijemnika tako da mo\u017eete robusno pri\u010dvrstiti picatinny \u0161inu \u2013 \u010dak i kada koristite vec\u0301e optike.<\/p>\n<hr \/>\n<p>METALNI POKLOPAC GLAVE<br \/>\nRobusnost i kvalitet idu ruku pod ruku. Metalni poklopac glave pokriva i \u0161titi zadnji dio glave i udarnu iglu.<\/p>\n","protected":false},"excerpt":{"rendered":"<p>Omoguc\u0301ava avanturisti\u010dkom lovcu otpornost na vremenske neuslove, stabilnost i preciznost<\/p>\n","protected":false},"featured_media":4710,"template":"","meta":[],"product_cat":[46,199],"product_tag":[],"class_list":{"0":"post-4709","1":"product","2":"type-product","3":"status-publish","4":"has-post-thumbnail","6":"product_brand-tikka","7":"product_cat-oruzje","8":"product_cat-lovacki-karabini","10":"first","11":"instock","12":"taxable","13":"shipping-taxable","14":"product-type-simple"},"_links":{"self":[{"href":"https:\/\/torzokom.com\/en\/wp-json\/wp\/v2\/product\/4709","targetHints":{"allow":["GET"]}}],"collection":[{"href":"https:\/\/torzokom.com\/en\/wp-json\/wp\/v2\/product"}],"about":[{"href":"https:\/\/torzokom.com\/en\/wp-json\/wp\/v2\/types\/product"}],"version-history":[{"count":0,"href":"https:\/\/torzokom.com\/en\/wp-json\/wp\/v2\/product\/4709\/revisions"}],"wp:featuredmedia":[{"embeddable":true,"href":"https:\/\/torzokom.com\/en\/wp-json\/wp\/v2\/media\/4710"}],"wp:attachment":[{"href":"https:\/\/torzokom.com\/en\/wp-json\/wp\/v2\/media?parent=4709"}],"wp:term":[{"taxonomy":"product_cat","embeddable":true,"href":"https:\/\/torzokom.com\/en\/wp-json\/wp\/v2\/product_cat?post=4709"},{"taxonomy":"product_tag","embeddable":true,"href":"https:\/\/torzokom.com\/en\/wp-json\/wp\/v2\/product_tag?post=4709"}],"curies":[{"name":"wp","href":"https:\/\/api.w.org\/{rel}","templated":true}]}}