{"id":4721,"date":"2025-08-27T11:56:55","date_gmt":"2025-08-27T09:56:55","guid":{"rendered":"http:\/\/torzokom.com\/?post_type=product&#038;p=4721"},"modified":"2025-08-28T08:26:00","modified_gmt":"2025-08-28T06:26:00","slug":"blaser-8x56-dvogled","status":"publish","type":"product","link":"https:\/\/torzokom.com\/en\/product\/blaser-8x56-dvogled\/","title":{"rendered":"Blaser 8&#215;56 Dvogled"},"content":{"rendered":"<h2>Blaser 8&#215;56 Dvogled<\/h2>\n<p><em>BLASER 8\u00d756 \u2013 KRALJ NOC\u0301I<\/em><br \/>\nPrvoklasne performanse kada lovite u dubokom sumraku.<\/p>\n<hr \/>\n<p>Entuzijasti\u010dni lovci pru\u017eili su Blaseru priliku da razvije dvogled koji je u potpunosti prilago\u0111en zahtjevima lova. Blaser je radio sa najboljim i najsjajnijim umovima u poslu za ovaj zadatak. Rezultat je prvoklasni lova\u010dki dvogled <em>\u201cMade in Germany\u201d.<\/em><\/p>\n<p><em>BRZI FOKUS<br \/>\n<\/em>Biti u stanju da podignete dvogled na va\u0161e o\u010di i da dobijete savr\u0161en pogled \u2013 ovo je veliki izazov koji se mora ispuniti prilikom projektovanja lova\u010dke optike. Potpuno novi opti\u010dki prora\u010dun u kombinaciji sa kori\u0161tenjem najvec\u0301ih so\u010diva za okular omoguc\u0301ava zna\u010dajno br\u017eu akvizaciju slike. Ovo pru\u017ea posebno ugodno vizuelno iskustvo u svakoj situaciji \u2013 \u010dak i ako dvogled nije u optimalnoj poziciji u odnosu na va\u0161e o\u010di.<\/p>\n<p><em>NAJVE\u0106I KVALITET<br \/>\n<\/em>Vrhunska transmisija svetlosti, neutralna reprodukcija boja i briljantne slike visokog kontrasta su obavezna za dugoro\u010dnu optiku koja se koristi za lov. Blaser-ov CCC vi\u0161eslojni premaz (Contrast i Color Corrective Coating) osigurava prvoklasne performanse slike u svim uslovima osvjetljenja. Jednako va\u017ena kao i opti\u010dki kvalitet je i za\u0161tita vanjskih so\u010diva. SLP premaz (Smart Lens Protection) je baziran na nanotehnologiji i osigurava za\u0161titu od vode i pra\u0161ine. Tako\u0111e omoguc\u0301ava da ki\u0161a klizi i znatno olak\u0161ava \u010di\u0161c\u0301enje so\u010diva.<\/p>\n<p>&nbsp;<\/p>\n<p>&nbsp;<\/p>\n","protected":false},"excerpt":{"rendered":"<p>Prvoklasne performanse kada lovite u dubokom sumraku.<\/p>\n","protected":false},"featured_media":4833,"template":"","meta":[],"product_cat":[105,41],"product_tag":[],"class_list":{"0":"post-4721","1":"product","2":"type-product","3":"status-publish","4":"has-post-thumbnail","6":"product_brand-blaser","7":"product_cat-optika","8":"product_cat-dvogledi","10":"first","11":"instock","12":"taxable","13":"shipping-taxable","14":"product-type-simple"},"_links":{"self":[{"href":"https:\/\/torzokom.com\/en\/wp-json\/wp\/v2\/product\/4721","targetHints":{"allow":["GET"]}}],"collection":[{"href":"https:\/\/torzokom.com\/en\/wp-json\/wp\/v2\/product"}],"about":[{"href":"https:\/\/torzokom.com\/en\/wp-json\/wp\/v2\/types\/product"}],"version-history":[{"count":0,"href":"https:\/\/torzokom.com\/en\/wp-json\/wp\/v2\/product\/4721\/revisions"}],"wp:featuredmedia":[{"embeddable":true,"href":"https:\/\/torzokom.com\/en\/wp-json\/wp\/v2\/media\/4833"}],"wp:attachment":[{"href":"https:\/\/torzokom.com\/en\/wp-json\/wp\/v2\/media?parent=4721"}],"wp:term":[{"taxonomy":"product_cat","embeddable":true,"href":"https:\/\/torzokom.com\/en\/wp-json\/wp\/v2\/product_cat?post=4721"},{"taxonomy":"product_tag","embeddable":true,"href":"https:\/\/torzokom.com\/en\/wp-json\/wp\/v2\/product_tag?post=4721"}],"curies":[{"name":"wp","href":"https:\/\/api.w.org\/{rel}","templated":true}]}}