{"id":4734,"date":"2025-08-27T12:58:15","date_gmt":"2025-08-27T10:58:15","guid":{"rendered":"http:\/\/torzokom.com\/?post_type=product&#038;p=4734"},"modified":"2025-10-22T10:29:18","modified_gmt":"2025-10-22T08:29:18","slug":"grand-power-p11-cal-9x19","status":"publish","type":"product","link":"https:\/\/torzokom.com\/en\/product\/grand-power-p11-cal-9x19\/","title":{"rendered":"Grand Power P11 cal. 9\u00d719"},"content":{"rendered":"<h2>Grand Power P11 cal. 9\u00d719<\/h2>\n<p>GRAND POWER P11 po svojim dimenzijama spada u kategoriju subkompaktnih pi\u0161tolja. Prvenstveno je namijenjen korisnicima koji svakodnevno tra\u017ee odgovarajuc\u0301e vatreno oru\u017eje za skriveno no\u0161enje.<\/p>\n","protected":false},"excerpt":{"rendered":"<p>Grand Power P11 cal. 9\u00d719 GRAND POWER P11 po svojim dimenzijama spada u kategoriju subkompaktnih pi\u0161tolja. Prvenstveno je namijenjen korisnicima koji svakodnevno tra\u017ee odgovarajuc\u0301e vatreno oru\u017eje za skriveno no\u0161enje.<\/p>\n","protected":false},"featured_media":4736,"template":"","meta":[],"product_cat":[46,79],"product_tag":[],"class_list":{"0":"post-4734","1":"product","2":"type-product","3":"status-publish","4":"has-post-thumbnail","6":"product_brand-grand-power","7":"product_cat-oruzje","8":"product_cat-pistolji-i-revolveri","10":"first","11":"onbackorder","12":"taxable","13":"shipping-taxable","14":"purchasable","15":"product-type-simple"},"_links":{"self":[{"href":"https:\/\/torzokom.com\/en\/wp-json\/wp\/v2\/product\/4734","targetHints":{"allow":["GET"]}}],"collection":[{"href":"https:\/\/torzokom.com\/en\/wp-json\/wp\/v2\/product"}],"about":[{"href":"https:\/\/torzokom.com\/en\/wp-json\/wp\/v2\/types\/product"}],"version-history":[{"count":0,"href":"https:\/\/torzokom.com\/en\/wp-json\/wp\/v2\/product\/4734\/revisions"}],"wp:featuredmedia":[{"embeddable":true,"href":"https:\/\/torzokom.com\/en\/wp-json\/wp\/v2\/media\/4736"}],"wp:attachment":[{"href":"https:\/\/torzokom.com\/en\/wp-json\/wp\/v2\/media?parent=4734"}],"wp:term":[{"taxonomy":"product_cat","embeddable":true,"href":"https:\/\/torzokom.com\/en\/wp-json\/wp\/v2\/product_cat?post=4734"},{"taxonomy":"product_tag","embeddable":true,"href":"https:\/\/torzokom.com\/en\/wp-json\/wp\/v2\/product_tag?post=4734"}],"curies":[{"name":"wp","href":"https:\/\/api.w.org\/{rel}","templated":true}]}}