{"id":4739,"date":"2025-08-27T13:27:19","date_gmt":"2025-08-27T11:27:19","guid":{"rendered":"http:\/\/torzokom.com\/?post_type=product&#038;p=4739"},"modified":"2025-10-22T10:26:40","modified_gmt":"2025-10-22T08:26:40","slug":"grand-power-k100-cal-9x19","status":"publish","type":"product","link":"https:\/\/torzokom.com\/en\/product\/grand-power-k100-cal-9x19\/","title":{"rendered":"Grand Power K100 cal. 9\u00d719"},"content":{"rendered":"<h2>Grand Power K100 cal. 9\u00d719<\/h2>\n<p>K100 sa SA\/DA mehanizmom obara\u010da rezultat je ugradnje najstro\u017eih zahtjeva koji se postavljaju pred univerzalna oru\u017eja sa svojom ergonomijom pogodnom za strijelce prakti\u010dnih disciplina, kao i za specijalne jedinice vojnih snaga. Prednji dio okvira je opremljen univerzalnom takti\u010dkom Picatinny \u0161inom MIL STD 1913.<br \/>\nK100 Mk12 je nadogradnja dobro poznatih modela Mk6 i Mk7; dolazi sa 4 ru\u010dke koje se mogu ukloniti. Rukohvati koji se lako skidaju \u010dine pi\u0161tolj idealnim izborom za vje\u017ebanje ga\u0111anja sa vi\u0161e korisnika. Pobolj\u0161ani ergonomski dizajn povec\u0301ava hvat ruke tokom pucanja, dr\u017eec\u0301i i ruku i um strijelca \u010dvrsto fokusiranim na metu.<\/p>\n","protected":false},"excerpt":{"rendered":"<p>Grand Power K100 cal. 9\u00d719 K100 sa SA\/DA mehanizmom obara\u010da rezultat je ugradnje najstro\u017eih zahtjeva koji se postavljaju pred univerzalna oru\u017eja sa svojom ergonomijom pogodnom za strijelce prakti\u010dnih disciplina, kao i za specijalne jedinice vojnih snaga. Prednji dio okvira je opremljen univerzalnom takti\u010dkom Picatinny \u0161inom MIL STD 1913. K100 Mk12 je nadogradnja dobro poznatih modela [&hellip;]<\/p>\n","protected":false},"featured_media":4740,"template":"","meta":[],"product_cat":[46,79],"product_tag":[],"class_list":{"0":"post-4739","1":"product","2":"type-product","3":"status-publish","4":"has-post-thumbnail","6":"product_brand-grand-power","7":"product_cat-oruzje","8":"product_cat-pistolji-i-revolveri","10":"first","11":"onbackorder","12":"taxable","13":"shipping-taxable","14":"purchasable","15":"product-type-simple"},"_links":{"self":[{"href":"https:\/\/torzokom.com\/en\/wp-json\/wp\/v2\/product\/4739","targetHints":{"allow":["GET"]}}],"collection":[{"href":"https:\/\/torzokom.com\/en\/wp-json\/wp\/v2\/product"}],"about":[{"href":"https:\/\/torzokom.com\/en\/wp-json\/wp\/v2\/types\/product"}],"version-history":[{"count":0,"href":"https:\/\/torzokom.com\/en\/wp-json\/wp\/v2\/product\/4739\/revisions"}],"wp:featuredmedia":[{"embeddable":true,"href":"https:\/\/torzokom.com\/en\/wp-json\/wp\/v2\/media\/4740"}],"wp:attachment":[{"href":"https:\/\/torzokom.com\/en\/wp-json\/wp\/v2\/media?parent=4739"}],"wp:term":[{"taxonomy":"product_cat","embeddable":true,"href":"https:\/\/torzokom.com\/en\/wp-json\/wp\/v2\/product_cat?post=4739"},{"taxonomy":"product_tag","embeddable":true,"href":"https:\/\/torzokom.com\/en\/wp-json\/wp\/v2\/product_tag?post=4739"}],"curies":[{"name":"wp","href":"https:\/\/api.w.org\/{rel}","templated":true}]}}