{"id":4741,"date":"2025-08-27T13:31:07","date_gmt":"2025-08-27T11:31:07","guid":{"rendered":"http:\/\/torzokom.com\/?post_type=product&#038;p=4741"},"modified":"2025-10-22T10:28:36","modified_gmt":"2025-10-22T08:28:36","slug":"grand-power-q1s-cal-9x19","status":"publish","type":"product","link":"https:\/\/torzokom.com\/en\/product\/grand-power-q1s-cal-9x19\/","title":{"rendered":"Grand Power Q1S cal. 9\u00d719"},"content":{"rendered":"<h2>Grand Power Q1S cal. 9\u00d719<\/h2>\n<p>Q1S je novi, kompaktni model proiza\u0161ao iz uspje\u0161nog <em>striker fire <\/em>modela, Q100, a ipak pogodniji za skriveno no\u0161enje u civilnim i profesionalnim aplikacijama.<br \/>\nModel Q1S ima istu cijev i ukupnu du\u017einu kao i Q1, ali koristi jo\u0161 manji, prikriveniji hvat sli\u010dan onom na Gran Power P11.<\/p>\n<p>Q1S je poluautomatski pi\u0161tolj sa veoma glatkim SA obara\u010dem koji omoguc\u0301ava precizan hitac \u010dak i u stresnim situacijama. Obara\u010d je opremljen sigurnosnim mehanizmom koji funkcioni\u0161e autonomno, bez potrebe za ru\u010dnim aktiviranjem osigura\u010da. Da dodatno pobolj\u0161ate bezbijednost ovog izuzetnog pi\u0161tolja, postoji automatska bezbijednosna funkcija koja sprije\u010dava slu\u010dajno pra\u017enjenje.<\/p>\n<p>Kao i kod vec\u0301ine GRAND POWER pi\u0161tolja, nac\u0301i c\u0301ete jedinstven mehanizam za zaklju\u010davanje putem rotacije cijevi, koji obezbije\u0111uje zna\u010dajno smanjen i prijatniji trzaj, povec\u0301anu preciznost i smanjeno okretanje nju\u0161ke. Kao rezultat, korisnik c\u0301e iskusiti preciznije udarce sa povec\u0301anom brzinom naknadnih hitaca. Za razliku od drugih rije\u0161enja rotacionih cijevi, rotacija cijevi kod Q1S se vr\u0161i kombinacijom rotacione igle\u00a0 i posebno zakrivljene povr\u0161ine na cijevi, \u0161to omoguc\u0301ava povec\u0301anu pouzdanost i u te\u0161kim uslovima, \u010dinec\u0301i pi\u0161tolj manje podlo\u017enim kvarovima. Q1S posjeduje polimernu ru\u010dku, u kojoj se nalazi \u010deli\u010dni umetak, koji se smatra stvarnim okvirom, napravljen glodanjem i bu\u0161enjem od jednog komada visokokvalitetnog \u010delika.<\/p>\n<p>Odli\u010dan kvalitet se odr\u017eava i sa drugim delovima, kao \u0161to su kliza\u010d obra\u0111en od jednog komada \u010delika. Za sve dijelove kori\u0161tena je najsavremenija tehnologija i vrhunski materijali. Da bi se ispunile potrebe i \u017eelje svih korisnika, prisutne su potpuno ambidekstralne komande, a zadnja plo\u010da spremnika osigurava pravilno prianjanje \u010dak i za strelce sa vec\u0301im rukama<\/p>\n<p>&nbsp;<\/p>\n","protected":false},"excerpt":{"rendered":"<p>Grand Power Q1S cal. 9\u00d719 Q1S je novi, kompaktni model proiza\u0161ao iz uspje\u0161nog striker fire modela, Q100, a ipak pogodniji za skriveno no\u0161enje u civilnim i profesionalnim aplikacijama. Model Q1S ima istu cijev i ukupnu du\u017einu kao i Q1, ali koristi jo\u0161 manji, prikriveniji hvat sli\u010dan onom na Gran Power P11. Q1S je poluautomatski pi\u0161tolj [&hellip;]<\/p>\n","protected":false},"featured_media":4742,"template":"","meta":[],"product_cat":[46,79],"product_tag":[],"class_list":{"0":"post-4741","1":"product","2":"type-product","3":"status-publish","4":"has-post-thumbnail","6":"product_brand-grand-power","7":"product_cat-oruzje","8":"product_cat-pistolji-i-revolveri","10":"first","11":"onbackorder","12":"taxable","13":"shipping-taxable","14":"purchasable","15":"product-type-simple"},"_links":{"self":[{"href":"https:\/\/torzokom.com\/en\/wp-json\/wp\/v2\/product\/4741","targetHints":{"allow":["GET"]}}],"collection":[{"href":"https:\/\/torzokom.com\/en\/wp-json\/wp\/v2\/product"}],"about":[{"href":"https:\/\/torzokom.com\/en\/wp-json\/wp\/v2\/types\/product"}],"version-history":[{"count":0,"href":"https:\/\/torzokom.com\/en\/wp-json\/wp\/v2\/product\/4741\/revisions"}],"wp:featuredmedia":[{"embeddable":true,"href":"https:\/\/torzokom.com\/en\/wp-json\/wp\/v2\/media\/4742"}],"wp:attachment":[{"href":"https:\/\/torzokom.com\/en\/wp-json\/wp\/v2\/media?parent=4741"}],"wp:term":[{"taxonomy":"product_cat","embeddable":true,"href":"https:\/\/torzokom.com\/en\/wp-json\/wp\/v2\/product_cat?post=4741"},{"taxonomy":"product_tag","embeddable":true,"href":"https:\/\/torzokom.com\/en\/wp-json\/wp\/v2\/product_tag?post=4741"}],"curies":[{"name":"wp","href":"https:\/\/api.w.org\/{rel}","templated":true}]}}