{"id":4762,"date":"2025-08-27T14:53:55","date_gmt":"2025-08-27T12:53:55","guid":{"rendered":"http:\/\/torzokom.com\/?post_type=product&#038;p=4762"},"modified":"2026-03-10T11:05:13","modified_gmt":"2026-03-10T10:05:13","slug":"winchester-sx4-black-poluautomat-puska","status":"publish","type":"product","link":"https:\/\/torzokom.com\/en\/product\/winchester-sx4-black-poluautomat-puska\/","title":{"rendered":"Winchester SX4 Composit"},"content":{"rendered":"<div class=\"otQkpb\" role=\"heading\" aria-level=\"3\" data-animation-nesting=\"\" data-sfc-cp=\"\" data-sfc-cb=\"\" data-complete=\"true\" data-processed=\"true\" data-sae=\"\"><strong>Winchester SX4 Composite \u2013 Najbr\u017ea Poluautomatska Sa\u010dmarica u Crnom Izdanju<\/strong><\/div>\n<div role=\"heading\" aria-level=\"3\" data-animation-nesting=\"\" data-sfc-cp=\"\" data-sfc-cb=\"\" data-complete=\"true\" data-processed=\"true\" data-sae=\"\"><\/div>\n<div class=\"Y3BBE\" data-sfc-cp=\"\" data-sfc-cb=\"\" data-hveid=\"CAEIAxAA\" data-complete=\"true\" data-processed=\"true\"><strong class=\"Yjhzub\" data-sfc-cb=\"\" data-complete=\"true\" data-processed=\"true\">Winchester SX4 Composite<\/strong>\u00a0predstavlja evoluciju brzine i izdr\u017eljivosti, dizajniranu za lovce koji tra\u017ee vrhunski radni alat bez kompromisa. Kao direktni nasljednik \u010duvene SX3 serije, ovaj model pod nazivom\u00a0<strong class=\"Yjhzub\" data-sfc-cb=\"\" data-complete=\"true\" data-processed=\"true\">Winchester SX4 Composite<\/strong>\u00a0zadr\u017eava titulu najbr\u017eeg poluautomata na svijetu, ali uz modernu ergonomiju i materijale koji prkose najte\u017eim terenskim uslovima.<\/div>\n<div class=\"Fsg96\" data-sfc-cp=\"\" data-sfc-cb=\"\" data-complete=\"true\" data-processed=\"true\"><\/div>\n<div class=\"otQkpb\" role=\"heading\" aria-level=\"3\" data-animation-nesting=\"\" data-sfc-cp=\"\" data-sfc-cb=\"\" data-complete=\"true\" data-processed=\"true\" data-sae=\"\">Za\u0161to je Winchester SX4 Composite favorit lovaca?<\/div>\n<div class=\"Y3BBE\" data-sfc-cp=\"\" data-sfc-cb=\"\" data-hveid=\"CAEIBBAA\" data-complete=\"true\" data-processed=\"true\" aria-owns=\"action-menu-parent-container\">Glavna prednost koju nudi\u00a0<strong class=\"Yjhzub\" data-sfc-cb=\"\" data-complete=\"true\" data-processed=\"true\">Winchester SX4 Composite<\/strong>\u00a0je njegov crni sinteti\u010dki kundak koji je gotovo neuni\u0161tiv. Otporan na vlagu, blato i ekstremne temperature, ovaj kompozitni materijal \u010dini pu\u0161ku idealnom za lov u mo\u010dvarama ili gustim \u0161umama. Uz to,\u00a0<strong class=\"Yjhzub\" data-sfc-cb=\"\" data-complete=\"true\" data-processed=\"true\">Winchester SX4 Composite<\/strong>\u00a0je tanji i lak\u0161i od svojih prethodnika, \u0161to omogu\u0107ava prirodnije ni\u0161anjenje i br\u017eu manipulaciju.<\/div>\n<p>&nbsp;<\/p>\n<h3><\/h3>\n<h3><\/h3>\n<h3><\/h3>\n<h3><\/h3>\n","protected":false},"excerpt":{"rendered":"<p><strong class=\"Yjhzub\" data-sfc-cb=\"\" data-complete=\"true\" data-processed=\"true\">Winchester SX4 Composite<\/strong>\u00a0je najbr\u017ea poluautomatska sa\u010dmarica na svijetu, dizajnirana za maksimalnu pouzdanost u najte\u017eim lovnim uslovima. Zahvaljuju\u0107i neuni\u0161tivom crnom sinteti\u010dkom kundaku, naprednom\u00a0<strong class=\"Yjhzub\" data-sfc-cb=\"\" data-complete=\"true\" data-processed=\"true\">Active Valve sistemu<\/strong>\u00a0koji samostalno reguli\u0161e protok gasova i Inflex II tehnologiji za ubla\u017eavanje trzaja,\u00a0<strong class=\"Yjhzub\" data-sfc-cb=\"\" data-complete=\"true\" data-processed=\"true\">Winchester SX4 Composite<\/strong>\u00a0nudi neprevazi\u0111enu brzinu i preciznost. Bilo da lovite na vodi ili na polju, ovaj model pru\u017ea savr\u0161enu ergonomiju i vrhunske balisti\u010dke performanse koje samo Winchester mo\u017ee garantovati.<\/p>\n","protected":false},"featured_media":4763,"template":"","meta":[],"product_cat":[46,78,192],"product_tag":[],"class_list":{"0":"post-4762","1":"product","2":"type-product","3":"status-publish","4":"has-post-thumbnail","6":"product_brand-winchester","7":"product_cat-oruzje","8":"product_cat-lovacke-puske","9":"product_cat-poluautomatske-sacmarice","10":"pa_kalibar-12-76","11":"pa_kalibar-20-76","13":"first","14":"instock","15":"taxable","16":"shipping-taxable","17":"purchasable","18":"product-type-variable"},"_links":{"self":[{"href":"https:\/\/torzokom.com\/en\/wp-json\/wp\/v2\/product\/4762","targetHints":{"allow":["GET"]}}],"collection":[{"href":"https:\/\/torzokom.com\/en\/wp-json\/wp\/v2\/product"}],"about":[{"href":"https:\/\/torzokom.com\/en\/wp-json\/wp\/v2\/types\/product"}],"version-history":[{"count":0,"href":"https:\/\/torzokom.com\/en\/wp-json\/wp\/v2\/product\/4762\/revisions"}],"wp:featuredmedia":[{"embeddable":true,"href":"https:\/\/torzokom.com\/en\/wp-json\/wp\/v2\/media\/4763"}],"wp:attachment":[{"href":"https:\/\/torzokom.com\/en\/wp-json\/wp\/v2\/media?parent=4762"}],"wp:term":[{"taxonomy":"product_cat","embeddable":true,"href":"https:\/\/torzokom.com\/en\/wp-json\/wp\/v2\/product_cat?post=4762"},{"taxonomy":"product_tag","embeddable":true,"href":"https:\/\/torzokom.com\/en\/wp-json\/wp\/v2\/product_tag?post=4762"}],"curies":[{"name":"wp","href":"https:\/\/api.w.org\/{rel}","templated":true}]}}