{"id":4774,"date":"2025-08-27T18:46:22","date_gmt":"2025-08-27T16:46:22","guid":{"rendered":"http:\/\/torzokom.com\/?post_type=product&#038;p=4774"},"modified":"2025-10-28T00:49:43","modified_gmt":"2025-10-27T23:49:43","slug":"remington-700-vtr","status":"publish","type":"product","link":"https:\/\/torzokom.com\/en\/product\/remington-700-vtr\/","title":{"rendered":"Remington 700-VTR"},"content":{"rendered":"<h2>Remington 700-VTR<\/h2>\n<p>Spoj Remingtonovih najnaprednijih funkcija performansi, kako u takti\u010dkim tako i u varmint pu\u0161kama, Model 700 \u2122 Varmint-Target Rifle (VTR\u2122) je revolucionarni sistem optimizovan za preciznost i pokretljivost pro\u0161irenog dometa. Trokutasta kontura cijevi rezultat je dugogodi\u0161njeg rigoroznog istra\u017eivanja i razvoja usmjerenog na smanjenje te\u017eine, povec\u0301anje krutosti i promovisanje brzog \u0161irenja toplote. Da bismo smanjili trzaj, ova jedinstvena cijev od 22\u2033 poseduje integrisanu plinsku ko\u010dnicu. Uz novi dizajn cijevi, tu je mno\u0161tvo drugih vrhunskih karakteristika na super ta\u010dnoj platformi Model 700. Rezultati nisu ni\u0161ta manji od zapanjujuc\u0301ih.<\/p>\n","protected":false},"excerpt":{"rendered":"<p>Remington 700-VTR Spoj Remingtonovih najnaprednijih funkcija performansi, kako u takti\u010dkim tako i u varmint pu\u0161kama, Model 700 \u2122 Varmint-Target Rifle (VTR\u2122) je revolucionarni sistem optimizovan za preciznost i pokretljivost pro\u0161irenog dometa. Trokutasta kontura cijevi rezultat je dugogodi\u0161njeg rigoroznog istra\u017eivanja i razvoja usmjerenog na smanjenje te\u017eine, povec\u0301anje krutosti i promovisanje brzog \u0161irenja toplote. Da bismo smanjili [&hellip;]<\/p>\n","protected":false},"featured_media":4775,"template":"","meta":[],"product_cat":[46,199],"product_tag":[],"class_list":{"0":"post-4774","1":"product","2":"type-product","3":"status-publish","4":"has-post-thumbnail","6":"product_brand-remington","7":"product_cat-oruzje","8":"product_cat-lovacki-karabini","10":"first","11":"instock","12":"taxable","13":"shipping-taxable","14":"product-type-simple"},"_links":{"self":[{"href":"https:\/\/torzokom.com\/en\/wp-json\/wp\/v2\/product\/4774","targetHints":{"allow":["GET"]}}],"collection":[{"href":"https:\/\/torzokom.com\/en\/wp-json\/wp\/v2\/product"}],"about":[{"href":"https:\/\/torzokom.com\/en\/wp-json\/wp\/v2\/types\/product"}],"version-history":[{"count":0,"href":"https:\/\/torzokom.com\/en\/wp-json\/wp\/v2\/product\/4774\/revisions"}],"wp:featuredmedia":[{"embeddable":true,"href":"https:\/\/torzokom.com\/en\/wp-json\/wp\/v2\/media\/4775"}],"wp:attachment":[{"href":"https:\/\/torzokom.com\/en\/wp-json\/wp\/v2\/media?parent=4774"}],"wp:term":[{"taxonomy":"product_cat","embeddable":true,"href":"https:\/\/torzokom.com\/en\/wp-json\/wp\/v2\/product_cat?post=4774"},{"taxonomy":"product_tag","embeddable":true,"href":"https:\/\/torzokom.com\/en\/wp-json\/wp\/v2\/product_tag?post=4774"}],"curies":[{"name":"wp","href":"https:\/\/api.w.org\/{rel}","templated":true}]}}