{"id":4776,"date":"2025-08-27T18:48:23","date_gmt":"2025-08-27T16:48:23","guid":{"rendered":"http:\/\/torzokom.com\/?post_type=product&#038;p=4776"},"modified":"2025-10-28T00:49:19","modified_gmt":"2025-10-27T23:49:19","slug":"remington-700-adl-stainless-steel","status":"publish","type":"product","link":"https:\/\/torzokom.com\/en\/product\/remington-700-adl-stainless-steel\/","title":{"rendered":"Remington 700 ADL Stainless Steel"},"content":{"rendered":"<h2>Remington 700 ADL Stainless Steel<\/h2>\n<p>Iz REMINGTON-a najprilagodljivija pu\u0161ka, za svaku primjenu i potragu. Dostupna je sa mno\u0161tvom vode\u0107ih karakteristika, u nekoliko SPS i ADL ponuda, te duga\u010dak popis pribora. Tu je konfiguracija modela 700 koja odgovara svim potrebama za lov, sa minimalnim crpljenjem bud\u017eeta.<\/p>\n<p>&nbsp;<\/p>\n","protected":false},"excerpt":{"rendered":"<p>Remington 700 ADL Stainless Steel Iz REMINGTON-a najprilagodljivija pu\u0161ka, za svaku primjenu i potragu. Dostupna je sa mno\u0161tvom vode\u0107ih karakteristika, u nekoliko SPS i ADL ponuda, te duga\u010dak popis pribora. Tu je konfiguracija modela 700 koja odgovara svim potrebama za lov, sa minimalnim crpljenjem bud\u017eeta. &nbsp;<\/p>\n","protected":false},"featured_media":4777,"template":"","meta":[],"product_cat":[46,199],"product_tag":[],"class_list":{"0":"post-4776","1":"product","2":"type-product","3":"status-publish","4":"has-post-thumbnail","6":"product_brand-remington","7":"product_cat-oruzje","8":"product_cat-lovacki-karabini","10":"first","11":"instock","12":"taxable","13":"shipping-taxable","14":"product-type-simple"},"_links":{"self":[{"href":"https:\/\/torzokom.com\/en\/wp-json\/wp\/v2\/product\/4776","targetHints":{"allow":["GET"]}}],"collection":[{"href":"https:\/\/torzokom.com\/en\/wp-json\/wp\/v2\/product"}],"about":[{"href":"https:\/\/torzokom.com\/en\/wp-json\/wp\/v2\/types\/product"}],"version-history":[{"count":0,"href":"https:\/\/torzokom.com\/en\/wp-json\/wp\/v2\/product\/4776\/revisions"}],"wp:featuredmedia":[{"embeddable":true,"href":"https:\/\/torzokom.com\/en\/wp-json\/wp\/v2\/media\/4777"}],"wp:attachment":[{"href":"https:\/\/torzokom.com\/en\/wp-json\/wp\/v2\/media?parent=4776"}],"wp:term":[{"taxonomy":"product_cat","embeddable":true,"href":"https:\/\/torzokom.com\/en\/wp-json\/wp\/v2\/product_cat?post=4776"},{"taxonomy":"product_tag","embeddable":true,"href":"https:\/\/torzokom.com\/en\/wp-json\/wp\/v2\/product_tag?post=4776"}],"curies":[{"name":"wp","href":"https:\/\/api.w.org\/{rel}","templated":true}]}}