{"id":4780,"date":"2025-08-27T19:05:15","date_gmt":"2025-08-27T17:05:15","guid":{"rendered":"http:\/\/torzokom.com\/?post_type=product&#038;p=4780"},"modified":"2025-10-28T00:48:32","modified_gmt":"2025-10-27T23:48:32","slug":"remington-700-cdl-sf","status":"publish","type":"product","link":"https:\/\/torzokom.com\/en\/product\/remington-700-cdl-sf\/","title":{"rendered":"Remington 700 CDL SF"},"content":{"rendered":"<h2>Remington 700 CDL SF<\/h2>\n<p><em>PROJEKTOVAN ZA PRECIZNOST.<\/em><br \/>\n<em>IZVRSTAN U SVAKOM DETALJU.<\/em><\/p>\n<p>Pu\u0161ka bez jednakih i vrhunskih performansi u svakom pogledu, Model 700 CDL SF spaja prijemnik izra\u0111en od \u010dvrstog, nehr\u0111aju\u0107eg \u010delika (STAINLESS STEEL), s \u017eljebastom cijevi za manju te\u017einu,neuporedivu konzistentnost i brzo hla\u0111enje (fluted barrel).<br \/>\nU kombinaciji sa vrlo zgodnim kundakom od oraha i mno\u0161tvom karakteristika za pobolj\u0161anje preciznosti, postao je jedna od najpopularnijih konfiguracija lova na svijetu sa dobrim razlogom.<\/p>\n<p>Kada je prvi put predstavljen, CDL\u2122 SF LTD serije 700\u2122 je bio jako uspje\u0161an, kupci su zahtijevali da se proizvede cijela linija Model 700\u2122 CDL\u2122 SF pu\u0161aka. Evo ih \u2013 svaka je napravljena jednako kao i pu\u0161ka Limited Edition, ali bez ugravirane plo\u010de i \u201eLimited\u201c oznaka na prijemniku.<\/p>\n","protected":false},"excerpt":{"rendered":"<p>Remington 700 CDL SF PROJEKTOVAN ZA PRECIZNOST. IZVRSTAN U SVAKOM DETALJU. Pu\u0161ka bez jednakih i vrhunskih performansi u svakom pogledu, Model 700 CDL SF spaja prijemnik izra\u0111en od \u010dvrstog, nehr\u0111aju\u0107eg \u010delika (STAINLESS STEEL), s \u017eljebastom cijevi za manju te\u017einu,neuporedivu konzistentnost i brzo hla\u0111enje (fluted barrel). U kombinaciji sa vrlo zgodnim kundakom od oraha i mno\u0161tvom [&hellip;]<\/p>\n","protected":false},"featured_media":4781,"template":"","meta":[],"product_cat":[46,199],"product_tag":[],"class_list":{"0":"post-4780","1":"product","2":"type-product","3":"status-publish","4":"has-post-thumbnail","6":"product_brand-remington","7":"product_cat-oruzje","8":"product_cat-lovacki-karabini","10":"first","11":"instock","12":"taxable","13":"shipping-taxable","14":"product-type-simple"},"_links":{"self":[{"href":"https:\/\/torzokom.com\/en\/wp-json\/wp\/v2\/product\/4780","targetHints":{"allow":["GET"]}}],"collection":[{"href":"https:\/\/torzokom.com\/en\/wp-json\/wp\/v2\/product"}],"about":[{"href":"https:\/\/torzokom.com\/en\/wp-json\/wp\/v2\/types\/product"}],"version-history":[{"count":0,"href":"https:\/\/torzokom.com\/en\/wp-json\/wp\/v2\/product\/4780\/revisions"}],"wp:featuredmedia":[{"embeddable":true,"href":"https:\/\/torzokom.com\/en\/wp-json\/wp\/v2\/media\/4781"}],"wp:attachment":[{"href":"https:\/\/torzokom.com\/en\/wp-json\/wp\/v2\/media?parent=4780"}],"wp:term":[{"taxonomy":"product_cat","embeddable":true,"href":"https:\/\/torzokom.com\/en\/wp-json\/wp\/v2\/product_cat?post=4780"},{"taxonomy":"product_tag","embeddable":true,"href":"https:\/\/torzokom.com\/en\/wp-json\/wp\/v2\/product_tag?post=4780"}],"curies":[{"name":"wp","href":"https:\/\/api.w.org\/{rel}","templated":true}]}}