{"id":4849,"date":"2025-08-28T10:30:43","date_gmt":"2025-08-28T08:30:43","guid":{"rendered":"http:\/\/torzokom.com\/?post_type=product&#038;p=4849"},"modified":"2025-08-28T10:30:43","modified_gmt":"2025-08-28T08:30:43","slug":"blaser-down-prsluk","status":"publish","type":"product","link":"https:\/\/torzokom.com\/en\/product\/blaser-down-prsluk\/","title":{"rendered":"Blaser Down Prsluk"},"content":{"rendered":"<h2>Blaser Down Prsluk<\/h2>\n<p>Apsolutno lagan prsluk s blagim strukom s TeflonEcoElite \u2122 zavr\u0161etkom | Vodootporan i zagrijava | Visokokvalitetno punjenje na bazi odgovorne proizvodnje (RDS-Down Standard) | Visoka stajac\u0301a kragna, oblo\u017eena runom | Dvosmjerni patent zatvara\u010d u narand\u017eastoj boji sa za\u0161titom brade | Prekriveni prednji i zadnji paneli | Dva prostrana d\u017eepa oblo\u017eena flisom sa zatvara\u010dem | Unutarnji d\u017eep za dokumenta | \u0160tampanje logotipa ARGALI u narand\u017eastoj boji<\/p>\n","protected":false},"excerpt":{"rendered":"<p>Blaser Down Prsluk Apsolutno lagan prsluk s blagim strukom s TeflonEcoElite \u2122 zavr\u0161etkom | Vodootporan i zagrijava | Visokokvalitetno punjenje na bazi odgovorne proizvodnje (RDS-Down Standard) | Visoka stajac\u0301a kragna, oblo\u017eena runom | Dvosmjerni patent zatvara\u010d u narand\u017eastoj boji sa za\u0161titom brade | Prekriveni prednji i zadnji paneli | Dva prostrana d\u017eepa oblo\u017eena flisom sa [&hellip;]<\/p>\n","protected":false},"featured_media":4850,"template":"","meta":[],"product_cat":[110,58],"product_tag":[],"class_list":{"0":"post-4849","1":"product","2":"type-product","3":"status-publish","4":"has-post-thumbnail","6":"product_brand-blaser","7":"product_cat-prsluci","8":"product_cat-odjeca-i-obuca","10":"first","11":"instock","12":"taxable","13":"shipping-taxable","14":"product-type-simple"},"_links":{"self":[{"href":"https:\/\/torzokom.com\/en\/wp-json\/wp\/v2\/product\/4849","targetHints":{"allow":["GET"]}}],"collection":[{"href":"https:\/\/torzokom.com\/en\/wp-json\/wp\/v2\/product"}],"about":[{"href":"https:\/\/torzokom.com\/en\/wp-json\/wp\/v2\/types\/product"}],"version-history":[{"count":0,"href":"https:\/\/torzokom.com\/en\/wp-json\/wp\/v2\/product\/4849\/revisions"}],"wp:featuredmedia":[{"embeddable":true,"href":"https:\/\/torzokom.com\/en\/wp-json\/wp\/v2\/media\/4850"}],"wp:attachment":[{"href":"https:\/\/torzokom.com\/en\/wp-json\/wp\/v2\/media?parent=4849"}],"wp:term":[{"taxonomy":"product_cat","embeddable":true,"href":"https:\/\/torzokom.com\/en\/wp-json\/wp\/v2\/product_cat?post=4849"},{"taxonomy":"product_tag","embeddable":true,"href":"https:\/\/torzokom.com\/en\/wp-json\/wp\/v2\/product_tag?post=4849"}],"curies":[{"name":"wp","href":"https:\/\/api.w.org\/{rel}","templated":true}]}}