{"id":4851,"date":"2025-08-28T10:31:58","date_gmt":"2025-08-28T08:31:58","guid":{"rendered":"http:\/\/torzokom.com\/?post_type=product&#038;p=4851"},"modified":"2025-10-25T16:46:56","modified_gmt":"2025-10-25T14:46:56","slug":"blaser-argali-quilted-prsluk","status":"publish","type":"product","link":"https:\/\/torzokom.com\/en\/product\/blaser-argali-quilted-prsluk\/","title":{"rendered":"Blaser Argali Quilted Prsluk"},"content":{"rendered":"<h2>Blaser Argali Quilted Prsluk<\/h2>\n<p>ARGALI tkanina sa TeflonEcoElite\u2122 zavr\u0161etkom | Lagan, bez buke | Dvosmjerni patent zatvara\u010d sa za\u0161titom brade | Dva d\u017eepa sa prorezom od flisa sa oja\u010danom ivicom | Jedan unutra\u0161nji d\u017eep sa lijeve strane<\/p>\n","protected":false},"excerpt":{"rendered":"<p>Blaser Argali Quilted Prsluk ARGALI tkanina sa TeflonEcoElite\u2122 zavr\u0161etkom | Lagan, bez buke | Dvosmjerni patent zatvara\u010d sa za\u0161titom brade | Dva d\u017eepa sa prorezom od flisa sa oja\u010danom ivicom | Jedan unutra\u0161nji d\u017eep sa lijeve strane<\/p>\n","protected":false},"featured_media":4852,"template":"","meta":[],"product_cat":[58,110],"product_tag":[],"class_list":{"0":"post-4851","1":"product","2":"type-product","3":"status-publish","4":"has-post-thumbnail","6":"product_brand-blaser","7":"product_cat-odjeca-i-obuca","8":"product_cat-prsluci","10":"first","11":"instock","12":"taxable","13":"shipping-taxable","14":"product-type-simple"},"_links":{"self":[{"href":"https:\/\/torzokom.com\/en\/wp-json\/wp\/v2\/product\/4851","targetHints":{"allow":["GET"]}}],"collection":[{"href":"https:\/\/torzokom.com\/en\/wp-json\/wp\/v2\/product"}],"about":[{"href":"https:\/\/torzokom.com\/en\/wp-json\/wp\/v2\/types\/product"}],"version-history":[{"count":0,"href":"https:\/\/torzokom.com\/en\/wp-json\/wp\/v2\/product\/4851\/revisions"}],"wp:featuredmedia":[{"embeddable":true,"href":"https:\/\/torzokom.com\/en\/wp-json\/wp\/v2\/media\/4852"}],"wp:attachment":[{"href":"https:\/\/torzokom.com\/en\/wp-json\/wp\/v2\/media?parent=4851"}],"wp:term":[{"taxonomy":"product_cat","embeddable":true,"href":"https:\/\/torzokom.com\/en\/wp-json\/wp\/v2\/product_cat?post=4851"},{"taxonomy":"product_tag","embeddable":true,"href":"https:\/\/torzokom.com\/en\/wp-json\/wp\/v2\/product_tag?post=4851"}],"curies":[{"name":"wp","href":"https:\/\/api.w.org\/{rel}","templated":true}]}}