{"id":4856,"date":"2025-08-28T10:35:22","date_gmt":"2025-08-28T08:35:22","guid":{"rendered":"http:\/\/torzokom.com\/?post_type=product&#038;p=4856"},"modified":"2025-10-27T01:45:04","modified_gmt":"2025-10-27T00:45:04","slug":"blaser-active-vintage-wp-hlace","status":"publish","type":"product","link":"https:\/\/torzokom.com\/en\/product\/blaser-active-vintage-wp-hlace\/","title":{"rendered":"Blaser Active Vintage WP Hla\u010de"},"content":{"rendered":"<h2>Blaser Active Vintage WP Hla\u010de<\/h2>\n<p>Nove pantalone Active VINTAGE WP za prelazni period i toplije dane su vodootporne, otporne na vjetar i prozra\u010dne. Zahvaljujuc\u0301i elasti\u010dnim umetcima u kontrastnim bojama na bedrima i koljenima, \u010dine svaki pokret moguc\u0301im. Bo\u010dni, podesivi prozra\u010dni otvori sa mre\u017eicom i vodootpornim zatvara\u010dem daju vam optimalnu klimu karoserije. Sa d\u017eepom no\u017ea i integrisanim gama\u0161nama.<\/p>\n","protected":false},"excerpt":{"rendered":"<p>Blaser Active Vintage WP Hla\u010de Nove pantalone Active VINTAGE WP za prelazni period i toplije dane su vodootporne, otporne na vjetar i prozra\u010dne. Zahvaljujuc\u0301i elasti\u010dnim umetcima u kontrastnim bojama na bedrima i koljenima, \u010dine svaki pokret moguc\u0301im. Bo\u010dni, podesivi prozra\u010dni otvori sa mre\u017eicom i vodootpornim zatvara\u010dem daju vam optimalnu klimu karoserije. Sa d\u017eepom no\u017ea i [&hellip;]<\/p>\n","protected":false},"featured_media":4857,"template":"","meta":[],"product_cat":[100,58],"product_tag":[],"class_list":{"0":"post-4856","1":"product","2":"type-product","3":"status-publish","4":"has-post-thumbnail","6":"product_brand-blaser","7":"product_cat-hlace","8":"product_cat-odjeca-i-obuca","10":"first","11":"instock","12":"taxable","13":"shipping-taxable","14":"purchasable","15":"product-type-simple"},"_links":{"self":[{"href":"https:\/\/torzokom.com\/en\/wp-json\/wp\/v2\/product\/4856","targetHints":{"allow":["GET"]}}],"collection":[{"href":"https:\/\/torzokom.com\/en\/wp-json\/wp\/v2\/product"}],"about":[{"href":"https:\/\/torzokom.com\/en\/wp-json\/wp\/v2\/types\/product"}],"version-history":[{"count":0,"href":"https:\/\/torzokom.com\/en\/wp-json\/wp\/v2\/product\/4856\/revisions"}],"wp:featuredmedia":[{"embeddable":true,"href":"https:\/\/torzokom.com\/en\/wp-json\/wp\/v2\/media\/4857"}],"wp:attachment":[{"href":"https:\/\/torzokom.com\/en\/wp-json\/wp\/v2\/media?parent=4856"}],"wp:term":[{"taxonomy":"product_cat","embeddable":true,"href":"https:\/\/torzokom.com\/en\/wp-json\/wp\/v2\/product_cat?post=4856"},{"taxonomy":"product_tag","embeddable":true,"href":"https:\/\/torzokom.com\/en\/wp-json\/wp\/v2\/product_tag?post=4856"}],"curies":[{"name":"wp","href":"https:\/\/api.w.org\/{rel}","templated":true}]}}