{"id":4860,"date":"2025-08-28T11:04:54","date_gmt":"2025-08-28T09:04:54","guid":{"rendered":"http:\/\/torzokom.com\/?post_type=product&#038;p=4860"},"modified":"2025-10-23T19:21:40","modified_gmt":"2025-10-23T17:21:40","slug":"blaser-hybrid-blaze-2-1-wp-jakna","status":"publish","type":"product","link":"https:\/\/torzokom.com\/en\/product\/blaser-hybrid-blaze-2-1-wp-jakna\/","title":{"rendered":"Blaser Hybrid Blaze 2\/1 WP Jakna"},"content":{"rendered":"<h2>Blaser Hybrid Blaze 2\/1 WP Jakna<\/h2>\n<p>Blaser HIBRID BLAZE 2-u-1 VP jakna uvijek se pokazuje sa najbolje strane. Lagana HIBRID vanjska jakna je vodootporna i otporna na vjetar. Unutra\u0161nja jakna u privla\u010dnom CAMO BLAZE-u mo\u017ee se nositi odvojeno tokom prelazne sezone i u toplijim temperaturama i mo\u017ee da podnese promjene vremenskih uslova. Zahvaljujuc\u0301i svojim elasti\u010dnim umecima, prati svaki va\u0161 pokret i mo\u017ee se jednostavno pri\u010dvrstiti na vanjsku jaknu pomoc\u0301u unutra\u0161njih rukava.<\/p>\n<p>&nbsp;<\/p>\n","protected":false},"excerpt":{"rendered":"<p>Zahvaljujuc\u0301i svojim elasti\u010dnim umecima, prati svaki va\u0161 pokret i mo\u017ee se jednostavno pri\u010dvrstiti na vanjsku jaknu pomoc\u0301u unutra\u0161njih rukava.<\/p>\n<p>&nbsp;<\/p>\n","protected":false},"featured_media":4861,"template":"","meta":[],"product_cat":[58,98],"product_tag":[],"class_list":{"0":"post-4860","1":"product","2":"type-product","3":"status-publish","4":"has-post-thumbnail","6":"product_brand-blaser","7":"product_cat-odjeca-i-obuca","8":"product_cat-jakne","9":"pa_velicina-3xl","10":"pa_velicina-l","11":"pa_velicina-m","12":"pa_velicina-s","13":"pa_velicina-xl","14":"pa_velicina-xxl","16":"first","17":"instock","18":"taxable","19":"shipping-taxable","20":"purchasable","21":"product-type-variable"},"_links":{"self":[{"href":"https:\/\/torzokom.com\/en\/wp-json\/wp\/v2\/product\/4860","targetHints":{"allow":["GET"]}}],"collection":[{"href":"https:\/\/torzokom.com\/en\/wp-json\/wp\/v2\/product"}],"about":[{"href":"https:\/\/torzokom.com\/en\/wp-json\/wp\/v2\/types\/product"}],"version-history":[{"count":0,"href":"https:\/\/torzokom.com\/en\/wp-json\/wp\/v2\/product\/4860\/revisions"}],"wp:featuredmedia":[{"embeddable":true,"href":"https:\/\/torzokom.com\/en\/wp-json\/wp\/v2\/media\/4861"}],"wp:attachment":[{"href":"https:\/\/torzokom.com\/en\/wp-json\/wp\/v2\/media?parent=4860"}],"wp:term":[{"taxonomy":"product_cat","embeddable":true,"href":"https:\/\/torzokom.com\/en\/wp-json\/wp\/v2\/product_cat?post=4860"},{"taxonomy":"product_tag","embeddable":true,"href":"https:\/\/torzokom.com\/en\/wp-json\/wp\/v2\/product_tag?post=4860"}],"curies":[{"name":"wp","href":"https:\/\/api.w.org\/{rel}","templated":true}]}}