{"id":5073,"date":"2025-08-30T22:59:23","date_gmt":"2025-08-30T20:59:23","guid":{"rendered":"http:\/\/torzokom.com\/?post_type=product&#038;p=5073"},"modified":"2026-04-17T01:51:21","modified_gmt":"2026-04-16T23:51:21","slug":"nocpix-slim-l35","status":"publish","type":"product","link":"https:\/\/torzokom.com\/en\/product\/nocpix-slim-l35\/","title":{"rendered":"Nocpix Slim L35 Termalni Monokular"},"content":{"rendered":"<h2>Nocpix Slim L35<\/h2>\n<p><span dir=\"auto\"><span class=\"VIpgJd-yAWNEb-VIpgJd-fmcmS-sn54Q\" dir=\"auto\">SLIM L35 je kompaktni ni\u0161an za pu\u0161ke sa termalnim senzorom od 384\u00d7288, NETD \u226418 mK i dometom detekcije do 1800 m. Nudi uve\u0107anje od 3,5\u00d7, AMOLED ekran od 1024\u00d7768 i mogu\u0107nost snimanja fotografija, videa i zvuka. Sa podr\u0161kom za Wi-Fi i 32 GB memorije, odli\u010dan je izbor za strijelce koji tra\u017ee preciznost i prakti\u010dnost.<\/span><\/span><\/p>\n","protected":false},"excerpt":{"rendered":"<p><span dir=\"auto\"><span class=\"VIpgJd-yAWNEb-VIpgJd-fmcmS-sn54Q\" dir=\"auto\">SLIM L35 je kompaktni ni\u0161an za pu\u0161ke sa termalnim senzorom od 384\u00d7288, NETD \u226418 mK i dometom detekcije do 1800 m.<\/span><\/span><\/p>\n","protected":false},"featured_media":5075,"template":"","meta":[],"product_cat":[109,177],"product_tag":[],"class_list":{"0":"post-5073","1":"product","2":"type-product","3":"status-publish","4":"has-post-thumbnail","6":"product_brand-nocpix","7":"product_cat-monokulari","8":"product_cat-termalni-uredjaji","10":"first","11":"instock","12":"sale","13":"taxable","14":"shipping-taxable","15":"purchasable","16":"product-type-simple"},"_links":{"self":[{"href":"https:\/\/torzokom.com\/en\/wp-json\/wp\/v2\/product\/5073","targetHints":{"allow":["GET"]}}],"collection":[{"href":"https:\/\/torzokom.com\/en\/wp-json\/wp\/v2\/product"}],"about":[{"href":"https:\/\/torzokom.com\/en\/wp-json\/wp\/v2\/types\/product"}],"version-history":[{"count":1,"href":"https:\/\/torzokom.com\/en\/wp-json\/wp\/v2\/product\/5073\/revisions"}],"predecessor-version":[{"id":10217,"href":"https:\/\/torzokom.com\/en\/wp-json\/wp\/v2\/product\/5073\/revisions\/10217"}],"wp:featuredmedia":[{"embeddable":true,"href":"https:\/\/torzokom.com\/en\/wp-json\/wp\/v2\/media\/5075"}],"wp:attachment":[{"href":"https:\/\/torzokom.com\/en\/wp-json\/wp\/v2\/media?parent=5073"}],"wp:term":[{"taxonomy":"product_cat","embeddable":true,"href":"https:\/\/torzokom.com\/en\/wp-json\/wp\/v2\/product_cat?post=5073"},{"taxonomy":"product_tag","embeddable":true,"href":"https:\/\/torzokom.com\/en\/wp-json\/wp\/v2\/product_tag?post=5073"}],"curies":[{"name":"wp","href":"https:\/\/api.w.org\/{rel}","templated":true}]}}