{"id":5283,"date":"2025-09-10T14:05:37","date_gmt":"2025-09-10T12:05:37","guid":{"rendered":"http:\/\/torzokom.com\/?post_type=product&#038;p=5283"},"modified":"2026-03-12T15:09:29","modified_gmt":"2026-03-12T14:09:29","slug":"gpo-spectra-6x-1-6x24-g4i","status":"publish","type":"product","link":"https:\/\/torzokom.com\/en\/product\/gpo-spectra-6x-1-6x24-g4i\/","title":{"rendered":"GPO SPECTRA 6x 1-6&#215;24"},"content":{"rendered":"<h2>GPO OPTIKA SPECTRA 6X 1-6X24 G4i- Majstor Pogonskog Lova<\/h2>\n<div class=\"otQkpb\" role=\"heading\" aria-level=\"3\" data-animation-nesting=\"\" data-sfc-cp=\"\" data-sfc-cb=\"\" data-complete=\"true\" data-processed=\"true\" data-sae=\"\"><\/div>\n<div class=\"Y3BBE\" data-sfc-cp=\"\" data-sfc-cb=\"\" data-hveid=\"CAEIBBAA\" data-complete=\"true\" data-processed=\"true\"><strong class=\"Yjhzub\" data-sfc-cb=\"\" data-complete=\"true\" data-processed=\"true\">GPO SPECTRA\u2122 6x 1-6&#215;24<\/strong> je premium opti\u010dki ni\u0161an dizajniran prvenstveno za pogonski lov i situacije gde je brza reakcija klju\u010dna. Sa neverovatno \u0161irokim vidnim poljem i kristalno \u010distom slikom, ovaj model omogu\u0107ava strelcu da zadr\u017ei oba oka otvorena pri uve\u0107anju od 1x, pretvaraju\u0107i optiku u efikasan &#8220;red dot&#8221; za bliske mete, dok uve\u0107anje od 6x pru\u017ea preciznost na srednjim distancama.<\/div>\n<div class=\"Fsg96\" data-sfc-cp=\"\" data-sfc-cb=\"\" data-complete=\"true\" data-processed=\"true\"><\/div>\n<div class=\"otQkpb\" role=\"heading\" aria-level=\"3\" data-animation-nesting=\"\" data-sfc-cp=\"\" data-sfc-cb=\"\" data-complete=\"true\" data-processed=\"true\" data-sae=\"\">Klju\u010dne prednosti:<\/div>\n<ul class=\"KsbFXc U6u95\" data-sfc-cb=\"\" data-processed=\"true\" data-complete=\"true\">\n<li class=\"dF3vjf\" data-sfc-cb=\"\" data-hveid=\"CAEIBhAA\" data-complete=\"true\" data-sae=\"\"><span class=\"T286Pc\" data-sfc-cp=\"\" data-sfc-cb=\"\" data-complete=\"true\"><strong class=\"Yjhzub\" data-sfc-cb=\"\" data-complete=\"true\">Vrhunski 6x zum sistem:<\/strong>\u00a0Fleksibilnost koja vam omogu\u0107ava da trenutno pre\u0111ete sa ga\u0111anja u trku na precizne pogotke na ve\u0107oj udaljenosti.<\/span><\/li>\n<li class=\"dF3vjf\" data-sfc-cb=\"\" data-hveid=\"CAEIBhAB\" data-complete=\"true\" data-sae=\"\"><span class=\"T286Pc\" data-sfc-cp=\"\" data-sfc-cb=\"\" data-complete=\"true\"><strong class=\"Yjhzub\" data-sfc-cb=\"\" data-complete=\"true\">iControl\u2122 sistem osvetljenja:<\/strong>\u00a0Inteligentna crvena ta\u010dka u centru kon\u010danice koja se automatski isklju\u010duje nakon 3 sata neaktivnosti i upozorava vas kada je baterija na 15% kapaciteta.<\/span><\/li>\n<li class=\"dF3vjf\" data-sfc-cb=\"\" data-hveid=\"CAEIBhAC\" data-complete=\"true\" data-sae=\"\"><span class=\"T286Pc\" data-sfc-cp=\"\" data-sfc-cb=\"\" data-complete=\"true\"><strong class=\"Yjhzub\" data-sfc-cb=\"\" data-complete=\"true\">Izuzetno vidno polje:<\/strong>\u00a0Sa 42 metra na 100 metara (pri 1x uve\u0107anju), ovaj ni\u0161an vam daje potpunu svest o situaciji i kretanju divlja\u010di.<\/span><\/li>\n<li class=\"dF3vjf\" data-sfc-cb=\"\" data-hveid=\"CAEIBhAD\" data-sae=\"\" data-complete=\"true\"><span class=\"T286Pc\" data-sfc-cp=\"\" data-sfc-cb=\"\" data-complete=\"true\" aria-owns=\"action-menu-parent-container\"><strong class=\"Yjhzub\" data-sfc-cb=\"\" data-complete=\"true\">GPObright\u2122 premazi:<\/strong>\u00a0Specijalni vi\u0161eslojni premazi so\u010diva koji omogu\u0107avaju transmisiju svetlosti do\u00a0<strong class=\"Yjhzub\" data-sfc-cb=\"\" data-complete=\"true\">90%<\/strong>, pru\u017eaju\u0107i jasnu sliku \u010dak i u lo\u0161im svetlosnim uslovima (sumrak\/svitanje).<\/span><\/li>\n<\/ul>\n","protected":false},"excerpt":{"rendered":"<h2 class=\"Y3BBE\" data-hveid=\"CAEIBBAA\" data-complete=\"true\" data-processed=\"true\"><strong class=\"Yjhzub\" data-sfc-cb=\"\" data-complete=\"true\" data-processed=\"true\">GPO SPECTRA\u2122 6x 1-6&#215;24 G4i<\/strong><\/h2>\n<p class=\"Y3BBE\" data-hveid=\"CAEIBBAA\" data-complete=\"true\" data-processed=\"true\">Vrhunski opti\u010dki ni\u0161an nema\u010dkog in\u017eenjeringa, specijalizovan za <strong class=\"Yjhzub\" data-sfc-cb=\"\" data-complete=\"true\" data-processed=\"true\">pogonski lov<\/strong>\u00a0i brze situacije na terenu. Sa neverovatno \u0161irokim vidnim poljem od\u00a0<strong class=\"Yjhzub\" data-sfc-cb=\"\" data-complete=\"true\" data-processed=\"true\">42 metra<\/strong>\u00a0i inteligentnim\u00a0<strong class=\"Yjhzub\" data-sfc-cb=\"\" data-complete=\"true\" data-processed=\"true\">iControl\u2122<\/strong> osvetljenjem ta\u010dke, ovaj ni\u0161an omogu\u0107ava munjevito nani\u0161anjivanje sa oba otvorena oka.<\/p>\n<ul class=\"KsbFXc U6u95\" data-sfc-cb=\"\" data-complete=\"true\" data-processed=\"true\">\n<li class=\"dF3vjf\" data-sfc-cb=\"\" data-hveid=\"CAEIBRAA\" data-complete=\"true\" data-sae=\"\"><span class=\"T286Pc\" data-sfc-cp=\"\" data-sfc-cb=\"\" data-complete=\"true\"><strong class=\"Yjhzub\" data-sfc-cb=\"\" data-complete=\"true\">Vrhunska optika:<\/strong>\u00a06x zum sistem sa GPObright\u2122 premazima za 90% transmisije svetlosti.<\/span><\/li>\n<li class=\"dF3vjf\" data-sfc-cb=\"\" data-hveid=\"CAEIBRAB\" data-complete=\"true\" data-sae=\"\"><span class=\"T286Pc\" data-sfc-cp=\"\" data-sfc-cb=\"\" data-complete=\"true\"><strong class=\"Yjhzub\" data-sfc-cb=\"\" data-complete=\"true\">Pametna kon\u010danica:<\/strong>\u00a0G4i sa osvetljenom ta\u010dkom koja vas upozorava na slabu bateriju.<\/span><\/li>\n<li class=\"dF3vjf\" data-sfc-cb=\"\" data-hveid=\"CAEIBRAC\" data-complete=\"true\" data-sae=\"\"><span class=\"T286Pc\" data-sfc-cp=\"\" data-sfc-cb=\"\" data-complete=\"true\"><strong class=\"Yjhzub\" data-sfc-cb=\"\" data-complete=\"true\">\u0160iroko vidno polje:<\/strong>\u00a0Najbolji pregled situacije u klasi (42m na 100m).<\/span><\/li>\n<li class=\"dF3vjf\" data-sfc-cb=\"\" data-hveid=\"CAEIBRAD\" data-complete=\"true\" data-sae=\"\"><span class=\"T286Pc\" data-sfc-cp=\"\" data-sfc-cb=\"\" data-complete=\"true\" aria-owns=\"action-menu-parent-container\"><strong class=\"Yjhzub\" data-sfc-cb=\"\" data-complete=\"true\">Kompletna oprema:<\/strong>\u00a0Dolazi sa ru\u010dicom za brzu promenu uve\u0107anja (throw lever) i za\u0161titnim poklopcima.<\/span><\/li>\n<\/ul>\n","protected":false},"featured_media":5284,"template":"","meta":[],"product_cat":[105,106],"product_tag":[],"class_list":{"0":"post-5283","1":"product","2":"type-product","3":"status-publish","4":"has-post-thumbnail","6":"product_brand-gpo","7":"product_cat-optika","8":"product_cat-opticki-nisani","10":"first","11":"instock","12":"taxable","13":"shipping-taxable","14":"purchasable","15":"product-type-simple"},"_links":{"self":[{"href":"https:\/\/torzokom.com\/en\/wp-json\/wp\/v2\/product\/5283","targetHints":{"allow":["GET"]}}],"collection":[{"href":"https:\/\/torzokom.com\/en\/wp-json\/wp\/v2\/product"}],"about":[{"href":"https:\/\/torzokom.com\/en\/wp-json\/wp\/v2\/types\/product"}],"version-history":[{"count":2,"href":"https:\/\/torzokom.com\/en\/wp-json\/wp\/v2\/product\/5283\/revisions"}],"predecessor-version":[{"id":10098,"href":"https:\/\/torzokom.com\/en\/wp-json\/wp\/v2\/product\/5283\/revisions\/10098"}],"wp:featuredmedia":[{"embeddable":true,"href":"https:\/\/torzokom.com\/en\/wp-json\/wp\/v2\/media\/5284"}],"wp:attachment":[{"href":"https:\/\/torzokom.com\/en\/wp-json\/wp\/v2\/media?parent=5283"}],"wp:term":[{"taxonomy":"product_cat","embeddable":true,"href":"https:\/\/torzokom.com\/en\/wp-json\/wp\/v2\/product_cat?post=5283"},{"taxonomy":"product_tag","embeddable":true,"href":"https:\/\/torzokom.com\/en\/wp-json\/wp\/v2\/product_tag?post=5283"}],"curies":[{"name":"wp","href":"https:\/\/api.w.org\/{rel}","templated":true}]}}