{"id":5290,"date":"2025-09-10T14:18:12","date_gmt":"2025-09-10T12:18:12","guid":{"rendered":"http:\/\/torzokom.com\/?post_type=product&#038;p=5290"},"modified":"2025-12-09T16:55:29","modified_gmt":"2025-12-09T15:55:29","slug":"signalni-pistolj-ekol-nig-211-cal-9mm","status":"publish","type":"product","link":"https:\/\/torzokom.com\/en\/product\/signalni-pistolj-ekol-nig-211-cal-9mm\/","title":{"rendered":"Signalni pi\u0161tolj Ekol Nig 211cal.9mm"},"content":{"rendered":"<h2>Signalni pi\u0161tolj Ekol Nig 211 cal.9mm<\/h2>\n<p>Pla\u0161ljivac koristi municiju punjenu malodimnim barutom 9mm Pak i u sanzer staje 15 metaka.<\/p>\n","protected":false},"excerpt":{"rendered":"<p>Stra\u0161ljivac dolazi upakovan u plasti\u010dni kofer i uz njega dolazi nastavak za ipaljivanje svetle\u0107ih raketica.<\/p>\n","protected":false},"featured_media":5291,"template":"","meta":[],"product_cat":[46,179],"product_tag":[],"class_list":{"0":"post-5290","1":"product","2":"type-product","3":"status-publish","4":"has-post-thumbnail","6":"product_brand-ekol","7":"product_cat-oruzje","8":"product_cat-signalni-startni-pistolji","10":"first","11":"instock","12":"taxable","13":"shipping-taxable","14":"purchasable","15":"product-type-simple"},"_links":{"self":[{"href":"https:\/\/torzokom.com\/en\/wp-json\/wp\/v2\/product\/5290","targetHints":{"allow":["GET"]}}],"collection":[{"href":"https:\/\/torzokom.com\/en\/wp-json\/wp\/v2\/product"}],"about":[{"href":"https:\/\/torzokom.com\/en\/wp-json\/wp\/v2\/types\/product"}],"version-history":[{"count":0,"href":"https:\/\/torzokom.com\/en\/wp-json\/wp\/v2\/product\/5290\/revisions"}],"wp:featuredmedia":[{"embeddable":true,"href":"https:\/\/torzokom.com\/en\/wp-json\/wp\/v2\/media\/5291"}],"wp:attachment":[{"href":"https:\/\/torzokom.com\/en\/wp-json\/wp\/v2\/media?parent=5290"}],"wp:term":[{"taxonomy":"product_cat","embeddable":true,"href":"https:\/\/torzokom.com\/en\/wp-json\/wp\/v2\/product_cat?post=5290"},{"taxonomy":"product_tag","embeddable":true,"href":"https:\/\/torzokom.com\/en\/wp-json\/wp\/v2\/product_tag?post=5290"}],"curies":[{"name":"wp","href":"https:\/\/api.w.org\/{rel}","templated":true}]}}