{"id":5305,"date":"2025-09-10T15:56:59","date_gmt":"2025-09-10T13:56:59","guid":{"rendered":"http:\/\/torzokom.com\/?post_type=product&#038;p=5305"},"modified":"2025-12-09T16:55:43","modified_gmt":"2025-12-09T15:55:43","slug":"signalni-pistolj-ekol-firat-magnum-9mm-black","status":"publish","type":"product","link":"https:\/\/torzokom.com\/en\/product\/signalni-pistolj-ekol-firat-magnum-9mm-black\/","title":{"rendered":"Signalni pi\u0161tolj Ekol Firat Magnum 9mm Black"},"content":{"rendered":"<h2>Signalni Pistolj Ekol Firat Magnum 9mm Black<\/h2>\n<p>Pla\u0161ljivac koristi municiju punjenu malodimnim barutom 9mm Pak i u sanzer staje 15 metaka. Te\u017eina i veli\u010dina stra\u0161ljivaca je ista kao i pravi BERETTA 92FS po kojoj je ovaj stra\u0161ljivac i napravljen. Stra\u0161ljivac dolazi upakovan u plasti\u010dni kofer i uz njega dolazi nastavak za ispaljivanje svetle\u0107ih raketica.<\/p>\n","protected":false},"excerpt":{"rendered":"<p>Signalni Pistolj Ekol Firat Magnum 9mm Black Pla\u0161ljivac koristi municiju punjenu malodimnim barutom 9mm Pak i u sanzer staje 15 metaka. Te\u017eina i veli\u010dina stra\u0161ljivaca je ista kao i pravi BERETTA 92FS po kojoj je ovaj stra\u0161ljivac i napravljen. Stra\u0161ljivac dolazi upakovan u plasti\u010dni kofer i uz njega dolazi nastavak za ispaljivanje svetle\u0107ih raketica.<\/p>\n","protected":false},"featured_media":0,"template":"","meta":[],"product_cat":[46,179],"product_tag":[],"class_list":{"0":"post-5305","1":"product","2":"type-product","3":"status-publish","5":"product_brand-ekol","6":"product_cat-oruzje","7":"product_cat-signalni-startni-pistolji","9":"first","10":"instock","11":"taxable","12":"shipping-taxable","13":"purchasable","14":"product-type-simple"},"_links":{"self":[{"href":"https:\/\/torzokom.com\/en\/wp-json\/wp\/v2\/product\/5305","targetHints":{"allow":["GET"]}}],"collection":[{"href":"https:\/\/torzokom.com\/en\/wp-json\/wp\/v2\/product"}],"about":[{"href":"https:\/\/torzokom.com\/en\/wp-json\/wp\/v2\/types\/product"}],"version-history":[{"count":0,"href":"https:\/\/torzokom.com\/en\/wp-json\/wp\/v2\/product\/5305\/revisions"}],"wp:attachment":[{"href":"https:\/\/torzokom.com\/en\/wp-json\/wp\/v2\/media?parent=5305"}],"wp:term":[{"taxonomy":"product_cat","embeddable":true,"href":"https:\/\/torzokom.com\/en\/wp-json\/wp\/v2\/product_cat?post=5305"},{"taxonomy":"product_tag","embeddable":true,"href":"https:\/\/torzokom.com\/en\/wp-json\/wp\/v2\/product_tag?post=5305"}],"curies":[{"name":"wp","href":"https:\/\/api.w.org\/{rel}","templated":true}]}}