{"id":5312,"date":"2025-09-10T16:37:33","date_gmt":"2025-09-10T14:37:33","guid":{"rendered":"http:\/\/torzokom.com\/?post_type=product&#038;p=5312"},"modified":"2025-12-11T15:30:06","modified_gmt":"2025-12-11T14:30:06","slug":"nocpix-quest-h35r-termalni-dvogled-sa-daljinomjerom","status":"publish","type":"product","link":"https:\/\/torzokom.com\/en\/product\/nocpix-quest-h35r-termalni-dvogled-sa-daljinomjerom\/","title":{"rendered":"Nocpix Quest H35R Termalni Dvogled sa Daljinomjerom"},"content":{"rendered":"<h2>Nocpix Quest H35R Termalni Dvogled<\/h2>\n<div class=\"central-inner sm:pb-lg show-more\">\n<p>QUEST H35Rje lagan i prenosiv, nudi domet detekcije do 1800m i ugra\u0111eni skriveni LRF sa dometom od 1000m za superiornu preciznost i vidljivost. Njegov tradicionalni dvogledni dizajn karakteri\u0161e prevlaka od pune gume i IP67 ocena za izdr\u017eljivost i udobnost u te\u0161kim uslovima. Opremljen senzorom 640k512 visokih performansi (NETD \u226415mK, 60Hz), QUEST obezbe\u0111uje izuzetnu jasno\u0107u slike, superiornu toplotnu osetljivost i besprekorne performanse u izazovnim okru\u017eenjima.<\/p>\n<p><strong>Odli\u010dno vizuelno iskustvo<\/strong><\/p>\n<p>QUEST ima R+ pobolj\u0161anje slike za superiornu jasno\u0107u i preciznost, upareno sa AMOLED ekranom od 1920k1200 za impresivno, oku-prijatno iskustvo gledanja.<\/p>\n<p><strong>Vrhunski senzor <\/strong><\/p>\n<p>QUESTje opremljen senzorom visokih performansi (640k512@12\u00b5m \/ 384\u00d7288@12\u00b5m) koji pru\u017ea izuzetnu jasno\u0107u slike. Sa NETD \u226415mK i brzinom kadrova od 60Hz, obezbe\u0111uje superiornu toplotnu osetljivost, pru\u017eaju\u0107i jasne i vizuelne slike \u010dak iu najizazovnijim okru\u017eenjima.<\/p>\n<p><strong>Mo\u0107ne mogu\u0107nosti detekcije<\/strong><\/p>\n<p>QUEST ima domet detekcije do 2600m i ugra\u0111eni skriveni LRF sa dometom do 1000m, \u0161to vam omogu\u0107ava da vidite dalje i preciznije nego ikada ranije. Tako\u0111e podr\u017eava balisti\u010dki prora\u010dun, pru\u017eaju\u0107i podr\u0161ku podacima za kolaborativni lov.<\/p>\n<p><strong>Operacija jednom rukom<\/strong><\/p>\n<p>QUEST nudi ergonomsko, neklizaju\u0107e rukovanje sa pojednostavljenim rasporedom sa 4 dugmeta i srednje pozicioniranim to\u010dki\u0107ima za pomeranje za jednostavnu kontrolu jednom rukom i siguran hvat u bilo kom stanju.<\/p>\n<p><strong>Lagan i prenosiv<\/strong><\/p>\n<p>QUEST je te\u017eak samo 700 g i uklju\u010duje prilago\u0111enu torbu za no\u0161enje, koja nudi laku prenosivost i udobnost za aktivnosti na otvorenom kao \u0161to su lov i istra\u017eivanje.<\/p>\n<p>QUEST serija ima dizajn sa dve baterije sa ugra\u0111enom i zamenljivom baterijom 18650, koja obezbe\u0111uje besprekornu zamenu i neprekidnu upotrebu tokom va\u0161e avanture.<\/p>\n<p><strong>Tradicionalni dvogled<\/strong><\/p>\n<p><strong>Iskustvo<\/strong><\/p>\n<p>QUESTima tradicionalni dvogled dizajn sa prefinjenim punim gumenim premazom i IP67 ocenom za vodootpornost i pra\u0161inu, obezbe\u0111uju\u0107i i izdr\u017eljivost i ukupnu udobnost.<\/p>\n<p>Uve\u0107anje,\u00d73~24<\/p>\n<\/div>\n","protected":false},"excerpt":{"rendered":"<p>Nocpix Quest H35R Termalni Dvogled QUEST H35Rje lagan i prenosiv, nudi domet detekcije do 1800m i ugra\u0111eni skriveni LRF sa dometom od 1000m za superiornu preciznost i vidljivost. Njegov tradicionalni dvogledni dizajn karakteri\u0161e prevlaka od pune gume i IP67 ocena za izdr\u017eljivost i udobnost u te\u0161kim uslovima. Opremljen senzorom 640k512 visokih performansi (NETD \u226415mK, 60Hz), [&hellip;]<\/p>\n","protected":false},"featured_media":5313,"template":"","meta":[],"product_cat":[109,177],"product_tag":[],"class_list":{"0":"post-5312","1":"product","2":"type-product","3":"status-publish","4":"has-post-thumbnail","6":"product_brand-nocpix","7":"product_cat-monokulari","8":"product_cat-termalni-uredjaji","10":"first","11":"instock","12":"sale","13":"taxable","14":"shipping-taxable","15":"purchasable","16":"product-type-simple"},"_links":{"self":[{"href":"https:\/\/torzokom.com\/en\/wp-json\/wp\/v2\/product\/5312","targetHints":{"allow":["GET"]}}],"collection":[{"href":"https:\/\/torzokom.com\/en\/wp-json\/wp\/v2\/product"}],"about":[{"href":"https:\/\/torzokom.com\/en\/wp-json\/wp\/v2\/types\/product"}],"version-history":[{"count":0,"href":"https:\/\/torzokom.com\/en\/wp-json\/wp\/v2\/product\/5312\/revisions"}],"wp:featuredmedia":[{"embeddable":true,"href":"https:\/\/torzokom.com\/en\/wp-json\/wp\/v2\/media\/5313"}],"wp:attachment":[{"href":"https:\/\/torzokom.com\/en\/wp-json\/wp\/v2\/media?parent=5312"}],"wp:term":[{"taxonomy":"product_cat","embeddable":true,"href":"https:\/\/torzokom.com\/en\/wp-json\/wp\/v2\/product_cat?post=5312"},{"taxonomy":"product_tag","embeddable":true,"href":"https:\/\/torzokom.com\/en\/wp-json\/wp\/v2\/product_tag?post=5312"}],"curies":[{"name":"wp","href":"https:\/\/api.w.org\/{rel}","templated":true}]}}