{"id":5318,"date":"2025-09-10T17:37:01","date_gmt":"2025-09-10T15:37:01","guid":{"rendered":"http:\/\/torzokom.com\/?post_type=product&#038;p=5318"},"modified":"2026-03-13T11:18:50","modified_gmt":"2026-03-13T10:18:50","slug":"gpo-spectra-8x-2-16x44i","status":"publish","type":"product","link":"https:\/\/torzokom.com\/en\/product\/gpo-spectra-8x-2-16x44i\/","title":{"rendered":"GPO Spectra 8x 2-16x44i optika"},"content":{"rendered":"<h2 class=\"otQkpb\" role=\"heading\" aria-level=\"3\" data-complete=\"true\" data-processed=\"true\"><strong class=\"Yjhzub\" data-sfc-cb=\"\" data-complete=\"true\">GPO Spectra 8x 2-16x44i \u2013 Vrhunska svestranost u kompaktnom izdanju<\/strong><\/h2>\n<div role=\"heading\" aria-level=\"3\" data-animation-nesting=\"\" data-sfc-cp=\"\" data-sfc-cb=\"\" data-complete=\"true\" data-processed=\"true\" data-sae=\"\"><\/div>\n<div class=\"Y3BBE\" data-sfc-cp=\"\" data-sfc-cb=\"\" data-hveid=\"CAQQAA\" data-complete=\"true\" data-processed=\"true\"><strong class=\"Yjhzub\" data-sfc-cb=\"\" data-complete=\"true\" data-processed=\"true\">GPO Spectra 8x 2-16x44i<\/strong>\u00a0predstavlja vrhunac moderne lova\u010dke optike, dizajniran za lovce koji tra\u017ee maksimalnu fleksibilnost bez kompromisa u te\u017eini. Sa impresivnim\u00a0<strong class=\"Yjhzub\" data-sfc-cb=\"\" data-complete=\"true\" data-processed=\"true\">8x zumom<\/strong>\u00a0i objektivom od 44 mm, ovaj ni\u0161an je idealan za sve situacije \u2013 od brzog lova u pokretu na malim udaljenostima do preciznog ga\u0111anja na srednjim i velikim distancama.<\/div>\n<div class=\"Fsg96\" data-sfc-cp=\"\" data-sfc-cb=\"\" data-complete=\"true\" data-processed=\"true\"><\/div>\n<div class=\"AdPoic\" role=\"heading\" aria-level=\"3\" data-animation-nesting=\"\" data-sfc-cp=\"\" data-sfc-cb=\"\" data-complete=\"true\" data-processed=\"true\" data-sae=\"\"><strong class=\"Yjhzub\" data-sfc-cb=\"\" data-complete=\"true\">Klju\u010dne prednosti:<\/strong><\/div>\n<div role=\"heading\" aria-level=\"3\" data-animation-nesting=\"\" data-sfc-cp=\"\" data-sfc-cb=\"\" data-complete=\"true\" data-processed=\"true\" data-sae=\"\"><\/div>\n<ul class=\"KsbFXc U6u95\" data-sfc-cb=\"\" data-complete=\"true\" data-processed=\"true\">\n<li class=\"dF3vjf\" data-sfc-cb=\"\" data-hveid=\"CAUQAA\" data-complete=\"true\" data-sae=\"\"><span class=\"T286Pc\" data-sfc-cp=\"\" data-sfc-cb=\"\" data-complete=\"true\"><strong class=\"Yjhzub\" data-sfc-cb=\"\" data-complete=\"true\">Izuzetna opti\u010dka jasno\u0107a:<\/strong>\u00a0Zahvaljuju\u0107i\u00a0<strong class=\"Yjhzub\" data-sfc-cb=\"\" data-complete=\"true\">GPObright\u2122<\/strong>\u00a0vi\u0161eslojnim premazima i\u00a0<strong class=\"Yjhzub\" data-sfc-cb=\"\" data-complete=\"true\">DoubleHD\u2122<\/strong>\u00a0tehnologiji so\u010diva, Spectra 8x pru\u017ea vrhunski prenos svjetlosti (87%) i o\u0161trinu slike \u010dak i u najte\u017eim svjetlosnim uslovima sumraka.<\/span><\/li>\n<li class=\"dF3vjf\" data-sfc-cb=\"\" data-hveid=\"CAUQAQ\" data-complete=\"true\" data-sae=\"\"><span class=\"T286Pc\" data-sfc-cp=\"\" data-sfc-cb=\"\" data-complete=\"true\"><strong class=\"Yjhzub\" data-sfc-cb=\"\" data-complete=\"true\">Napredna iControl\u2122 iluminacija:<\/strong>\u00a0Opremljena izuzetno finom\u00a0<strong class=\"Yjhzub\" data-sfc-cb=\"\" data-complete=\"true\">G4i fiber<\/strong>\u00a0kon\u010danicom sa crvenom ta\u010dkom koja se automatski isklju\u010duje nakon 3 sata radi \u0161tednje baterije i signalizira kada je preostalo 15% kapaciteta.<\/span><\/li>\n<li class=\"dF3vjf\" data-sfc-cb=\"\" data-hveid=\"CAUQAg\" data-complete=\"true\" data-sae=\"\"><span class=\"T286Pc\" data-sfc-cp=\"\" data-sfc-cb=\"\" data-complete=\"true\"><strong class=\"Yjhzub\" data-sfc-cb=\"\" data-complete=\"true\">Ultrakompaktan dizajn:<\/strong>\u00a0Sa du\u017einom od samo\u00a0<strong class=\"Yjhzub\" data-sfc-cb=\"\" data-complete=\"true\">313 mm<\/strong>\u00a0i oja\u010danim ku\u0107i\u0161tem, savr\u0161en je za kori\u0161tenje sa termalnim ili no\u0107nim nastavcima (clip-on ure\u0111ajima).<\/span><\/li>\n<li class=\"dF3vjf\" data-sfc-cb=\"\" data-hveid=\"CAUQAw\" data-complete=\"true\" data-sae=\"\"><span class=\"T286Pc\" data-sfc-cp=\"\" data-sfc-cb=\"\" data-complete=\"true\"><strong class=\"Yjhzub\" data-sfc-cb=\"\" data-complete=\"true\">Precizno pode\u0161avanje bez alata:<\/strong>\u00a0Kupole (turreti) se mogu lako resetovati na nulu bez potrebe za dodatnim alatom, \u0161to omogu\u0107ava brze korekcije na terenu.<\/span><\/li>\n<li class=\"dF3vjf\" data-sfc-cb=\"\" data-hveid=\"CAUQBA\" data-complete=\"true\" data-sae=\"\"><span class=\"T286Pc\" data-sfc-cp=\"\" data-sfc-cb=\"\" data-complete=\"true\" aria-owns=\"action-menu-parent-container\"><strong class=\"Yjhzub\" data-sfc-cb=\"\" data-complete=\"true\">\u0160iroko vidno polje:<\/strong>\u00a0Pri minimalnom uve\u0107anju od 2x, vidno polje od preko\u00a0<strong class=\"Yjhzub\" data-sfc-cb=\"\" data-complete=\"true\">19 metara na 100m<\/strong>\u00a0omogu\u0107ava brzo pronala\u017eenje cilja u gustim predjelima.<\/span><\/li>\n<\/ul>\n","protected":false},"excerpt":{"rendered":"<h2 class=\"otQkpb\" role=\"heading\" aria-level=\"3\" data-complete=\"true\" data-processed=\"true\"><strong class=\"Yjhzub\" data-sfc-cb=\"\" data-complete=\"true\">GPO Spectra 8x 2-16x44i \u2013 Ultra-svestranost i njema\u010dka preciznost<\/strong><\/h2>\n<div class=\"Y3BBE\" data-sfc-cp=\"\" data-sfc-cb=\"\" data-hveid=\"CAEIBRAA\" data-complete=\"true\" data-processed=\"true\">\u00a0Vrhunski opti\u010dki ni\u0161an sa <strong class=\"Yjhzub\" data-sfc-cb=\"\" data-complete=\"true\" data-processed=\"true\">8x zumom<\/strong>\u00a0dizajniran za lovce koji tra\u017ee savr\u0161en balans izme\u0111u kompaktnosti i performansi. Sa \u0161irokim vidnim poljem od\u00a0<strong class=\"Yjhzub\" data-sfc-cb=\"\" data-complete=\"true\" data-processed=\"true\">19,4 m<\/strong>\u00a0i naprednom\u00a0<strong class=\"Yjhzub\" data-sfc-cb=\"\" data-complete=\"true\" data-processed=\"true\">G4i fiber<\/strong> osvijetljenom kon\u010danicom, ovaj model je idealan za sve \u2013 od brzog lova u pogonu do preciznog ga\u0111anja na velikim udaljenostima.<\/div>\n<div data-sfc-cp=\"\" data-sfc-cb=\"\" data-hveid=\"CAEIBRAA\" data-complete=\"true\" data-processed=\"true\"><\/div>\n<div class=\"Y3BBE\" data-sfc-cp=\"\" data-sfc-cb=\"\" data-hveid=\"CAEIBhAA\" data-complete=\"true\" data-processed=\"true\"><strong class=\"Yjhzub\" data-sfc-cb=\"\" data-complete=\"true\" data-processed=\"true\">Glavne karakteristike:<\/strong><\/div>\n<ul class=\"KsbFXc U6u95\" data-sfc-cb=\"\" data-complete=\"true\" data-processed=\"true\">\n<li class=\"dF3vjf\" data-sfc-cb=\"\" data-hveid=\"CAEIBxAA\" data-complete=\"true\" data-sae=\"\"><span class=\"T286Pc\" data-sfc-cp=\"\" data-sfc-cb=\"\" data-complete=\"true\"><strong class=\"Yjhzub\" data-sfc-cb=\"\" data-complete=\"true\">Optika visokih performansi:<\/strong>\u00a0GPObright\u2122 premazi sa\u00a0<strong class=\"Yjhzub\" data-sfc-cb=\"\" data-complete=\"true\">87% transmisije svjetlosti<\/strong>.<\/span><\/li>\n<li class=\"dF3vjf\" data-sfc-cb=\"\" data-hveid=\"CAEIBxAB\" data-complete=\"true\" data-sae=\"\"><span class=\"T286Pc\" data-sfc-cp=\"\" data-sfc-cb=\"\" data-complete=\"true\"><strong class=\"Yjhzub\" data-sfc-cb=\"\" data-complete=\"true\">iControl\u2122 tehnologija:<\/strong>\u00a0Pametno osvjetljenje crvene ta\u010dke sa auto-ga\u0161enjem.<\/span><\/li>\n<li class=\"dF3vjf\" data-sfc-cb=\"\" data-hveid=\"CAEIBxAC\" data-complete=\"true\" data-sae=\"\"><span class=\"T286Pc\" data-sfc-cp=\"\" data-sfc-cb=\"\" data-complete=\"true\"><strong class=\"Yjhzub\" data-sfc-cb=\"\" data-complete=\"true\">Podesiva paralaksa:<\/strong>\u00a0Od 10 m do beskona\u010dnosti (idealno za\u00a0<strong class=\"Yjhzub\" data-sfc-cb=\"\" data-complete=\"true\">clip-on<\/strong>\u00a0ure\u0111aje).<\/span><\/li>\n<li class=\"dF3vjf\" data-sfc-cb=\"\" data-hveid=\"CAEIBxAD\" data-complete=\"true\" data-sae=\"\"><span class=\"T286Pc\" data-sfc-cp=\"\" data-sfc-cb=\"\" data-complete=\"true\"><strong class=\"Yjhzub\" data-sfc-cb=\"\" data-complete=\"true\">Lagana konstrukcija:<\/strong>\u00a0Samo 677 g u robusnom 30 mm tubusu.<\/span><\/li>\n<li class=\"dF3vjf\" data-sfc-cb=\"\" data-hveid=\"CAEIBxAE\" data-complete=\"true\" data-sae=\"\"><span class=\"T286Pc\" data-sfc-cp=\"\" data-sfc-cb=\"\" data-complete=\"true\"><strong class=\"Yjhzub\" data-sfc-cb=\"\" data-complete=\"true\">DoubleHD\u2122 staklo:<\/strong> Kristalno \u010dista slika bez distorzija.<\/span><\/li>\n<\/ul>\n<div class=\"Y3BBE\" data-sfc-cp=\"\" data-sfc-cb=\"\" data-hveid=\"CAEICBAA\" data-complete=\"true\" data-processed=\"true\" aria-owns=\"action-menu-parent-container\"><strong class=\"Yjhzub\" data-sfc-cb=\"\" data-complete=\"true\" data-processed=\"true\">Sadr\u017eaj pakovanja:<\/strong> Throw lever, za\u0161titni poklopci, baterija i krpica za \u010di\u0161\u0107enje.<\/div>\n","protected":false},"featured_media":5319,"template":"","meta":[],"product_cat":[105,106],"product_tag":[],"class_list":{"0":"post-5318","1":"product","2":"type-product","3":"status-publish","4":"has-post-thumbnail","6":"product_brand-gpo","7":"product_cat-optika","8":"product_cat-opticki-nisani","10":"first","11":"instock","12":"taxable","13":"shipping-taxable","14":"purchasable","15":"product-type-simple"},"_links":{"self":[{"href":"https:\/\/torzokom.com\/en\/wp-json\/wp\/v2\/product\/5318","targetHints":{"allow":["GET"]}}],"collection":[{"href":"https:\/\/torzokom.com\/en\/wp-json\/wp\/v2\/product"}],"about":[{"href":"https:\/\/torzokom.com\/en\/wp-json\/wp\/v2\/types\/product"}],"version-history":[{"count":2,"href":"https:\/\/torzokom.com\/en\/wp-json\/wp\/v2\/product\/5318\/revisions"}],"predecessor-version":[{"id":10117,"href":"https:\/\/torzokom.com\/en\/wp-json\/wp\/v2\/product\/5318\/revisions\/10117"}],"wp:featuredmedia":[{"embeddable":true,"href":"https:\/\/torzokom.com\/en\/wp-json\/wp\/v2\/media\/5319"}],"wp:attachment":[{"href":"https:\/\/torzokom.com\/en\/wp-json\/wp\/v2\/media?parent=5318"}],"wp:term":[{"taxonomy":"product_cat","embeddable":true,"href":"https:\/\/torzokom.com\/en\/wp-json\/wp\/v2\/product_cat?post=5318"},{"taxonomy":"product_tag","embeddable":true,"href":"https:\/\/torzokom.com\/en\/wp-json\/wp\/v2\/product_tag?post=5318"}],"curies":[{"name":"wp","href":"https:\/\/api.w.org\/{rel}","templated":true}]}}