{"id":5361,"date":"2025-09-10T21:32:55","date_gmt":"2025-09-10T19:32:55","guid":{"rendered":"http:\/\/torzokom.com\/?post_type=product&#038;p=5361"},"modified":"2026-04-15T11:55:50","modified_gmt":"2026-04-15T09:55:50","slug":"nocpix-lumi-l19-monokular-termalni","status":"publish","type":"product","link":"https:\/\/torzokom.com\/en\/product\/nocpix-lumi-l19-monokular-termalni\/","title":{"rendered":"Nocpix Lumi L19 Monokular Termalni"},"content":{"rendered":"<h2>Monokular termalni Nocpix Lumi L19<\/h2>\n<p>Sa tehnologijom senzora razvijenom u kompaniji i naprednim Realiti+ AI algoritmima slike,\u00a0Monokular termalni Nocpix Lumi L19\u00a0pru\u017ea izuzetan kvalitet slike koji se isti\u010de u svojoj klasi. Ure\u0111aj je neverovatno zgodan za no\u0161enje i upotrebu, mo\u017ee se pohvaliti prenosivom veli\u010dinom \u010dak i manjom od mobilnog telefona.<br \/>\nSamorazvijeni senzor pru\u017ea stabilne i izvanredne performanse, sa NETD\u226418mK, garantuju\u0107i superiornu sliku u te\u0161kim uslovima.<\/p>\n<p>F0.9 so\u010divo omogu\u0107ava da svetlost dose\u017ee 20% vi\u0161e u pore\u0111enju sa obi\u010dnim F1.0 so\u010divom, stvaraju\u0107i svetlije i jasnije slike. Najnoviji algoritmi za pobolj\u0161anje slike Realiti+ mogu efikasno pobolj\u0161ati kvalitet slike i ukloniti \u0161um, osloba\u0111aju\u0107i puni potencijal termalnog senzora. Vrhunska tiha dugmad zna\u010de da ne\u0107ete praviti buku koja bi ometala va\u0161u igru tokom operacije.\u00a0Lumi je opremljen raznim paletama boja, me\u0111u kojima su crvena i zelena palete dizajnirane da spre\u010de zamor o\u010diju, omogu\u0107avaju\u0107i udobnu dugotrajnu upotrebu.\u00a0Zamenljiv 18650, obrnuti polaritet LUMI se napaja zamenljivom baterijom 18650 i opremljen je funkcijom obrnutog polariteta, omogu\u0107avaju\u0107i i pozitivno i negativno napajanje. Ova funkcija je idealna za zamenu baterije no\u0107u.<\/p>\n<p>Okular sa pre\u010dnikom izlazne zenice od 10 mm obezbe\u0111uje najbolji ugao gledanja i vidljivost u svakom uglu i situaciji.\u00a0Kao svestran proizvod, Lumi se mo\u017ee pohvaliti IP67 otporno\u0161\u0107u na pra\u0161inu, laganim dizajnom manjim od 345 g, funkcijama za fotografije, video i mikrofone sa 32 GB prostora za skladi\u0161tenje. Zaista zaslu\u017euje reputaciju mini, ali mo\u0107nog.<\/p>\n","protected":false},"excerpt":{"rendered":"<p>Lumi serija ostavlja sna\u017ean prvi utisak svojim kompaktnim, mini ku\u0107i\u0161tem i vrhunskim mogu\u0107nostima.<\/p>\n","protected":false},"featured_media":5362,"template":"","meta":[],"product_cat":[109,177],"product_tag":[],"class_list":{"0":"post-5361","1":"product","2":"type-product","3":"status-publish","4":"has-post-thumbnail","6":"product_brand-nocpix","7":"product_cat-monokulari","8":"product_cat-termalni-uredjaji","10":"first","11":"instock","12":"sale","13":"taxable","14":"shipping-taxable","15":"purchasable","16":"product-type-simple"},"_links":{"self":[{"href":"https:\/\/torzokom.com\/en\/wp-json\/wp\/v2\/product\/5361","targetHints":{"allow":["GET"]}}],"collection":[{"href":"https:\/\/torzokom.com\/en\/wp-json\/wp\/v2\/product"}],"about":[{"href":"https:\/\/torzokom.com\/en\/wp-json\/wp\/v2\/types\/product"}],"version-history":[{"count":1,"href":"https:\/\/torzokom.com\/en\/wp-json\/wp\/v2\/product\/5361\/revisions"}],"predecessor-version":[{"id":10198,"href":"https:\/\/torzokom.com\/en\/wp-json\/wp\/v2\/product\/5361\/revisions\/10198"}],"wp:featuredmedia":[{"embeddable":true,"href":"https:\/\/torzokom.com\/en\/wp-json\/wp\/v2\/media\/5362"}],"wp:attachment":[{"href":"https:\/\/torzokom.com\/en\/wp-json\/wp\/v2\/media?parent=5361"}],"wp:term":[{"taxonomy":"product_cat","embeddable":true,"href":"https:\/\/torzokom.com\/en\/wp-json\/wp\/v2\/product_cat?post=5361"},{"taxonomy":"product_tag","embeddable":true,"href":"https:\/\/torzokom.com\/en\/wp-json\/wp\/v2\/product_tag?post=5361"}],"curies":[{"name":"wp","href":"https:\/\/api.w.org\/{rel}","templated":true}]}}