{"id":5377,"date":"2025-09-10T22:11:12","date_gmt":"2025-09-10T20:11:12","guid":{"rendered":"http:\/\/torzokom.com\/?post_type=product&#038;p=5377"},"modified":"2025-10-23T19:05:34","modified_gmt":"2025-10-23T17:05:34","slug":"deerhunter-moor-padded-jakna-5571-353","status":"publish","type":"product","link":"https:\/\/torzokom.com\/en\/product\/deerhunter-moor-padded-jakna-5571-353\/","title":{"rendered":"DeerHunter Moor Padded jakna"},"content":{"rendered":"<h2>DeerHunter Moor Padded jakna<\/h2>\n<p>Softshell oblasti daju moderan obrt klasi\u010dnom obliku ove jakne. Moor podstavljena jakna sa softshell-om uklju\u010duje rastezljivu tkaninu i du\u017e rukava i bo\u010dnih panela za bolje pristajanje i udobnost. Elasti\u010dne ivice na man\u017eetnama i donjem delu \u010dine ga idealnim izborom za hladne prole\u0107ne dane ili prohladne letnje ve\u010deri, podstavljena jakna Moor je savr\u0161ena kombinacija za avanturiste na otvorenom i pru\u017ea izuzetnu toplinu i meko\u0107u<\/p>\n<p>&nbsp;<\/p>\n","protected":false},"excerpt":{"rendered":"<p>Softshell oblasti daju moderan obrt klasi\u010dnom obliku ove jakne.<\/p>\n","protected":false},"featured_media":5378,"template":"","meta":[],"product_cat":[58,98],"product_tag":[],"class_list":{"0":"post-5377","1":"product","2":"type-product","3":"status-publish","4":"has-post-thumbnail","6":"product_brand-deer-hunter","7":"product_cat-odjeca-i-obuca","8":"product_cat-jakne","9":"pa_velicina-3xl","10":"pa_velicina-l","11":"pa_velicina-m","12":"pa_velicina-s","13":"pa_velicina-xl","14":"pa_velicina-xxl","16":"first","17":"instock","18":"taxable","19":"shipping-taxable","20":"purchasable","21":"product-type-variable"},"_links":{"self":[{"href":"https:\/\/torzokom.com\/en\/wp-json\/wp\/v2\/product\/5377","targetHints":{"allow":["GET"]}}],"collection":[{"href":"https:\/\/torzokom.com\/en\/wp-json\/wp\/v2\/product"}],"about":[{"href":"https:\/\/torzokom.com\/en\/wp-json\/wp\/v2\/types\/product"}],"version-history":[{"count":0,"href":"https:\/\/torzokom.com\/en\/wp-json\/wp\/v2\/product\/5377\/revisions"}],"wp:featuredmedia":[{"embeddable":true,"href":"https:\/\/torzokom.com\/en\/wp-json\/wp\/v2\/media\/5378"}],"wp:attachment":[{"href":"https:\/\/torzokom.com\/en\/wp-json\/wp\/v2\/media?parent=5377"}],"wp:term":[{"taxonomy":"product_cat","embeddable":true,"href":"https:\/\/torzokom.com\/en\/wp-json\/wp\/v2\/product_cat?post=5377"},{"taxonomy":"product_tag","embeddable":true,"href":"https:\/\/torzokom.com\/en\/wp-json\/wp\/v2\/product_tag?post=5377"}],"curies":[{"name":"wp","href":"https:\/\/api.w.org\/{rel}","templated":true}]}}