{"id":5380,"date":"2025-09-10T22:13:33","date_gmt":"2025-09-10T20:13:33","guid":{"rendered":"http:\/\/torzokom.com\/?post_type=product&#038;p=5380"},"modified":"2025-10-26T01:54:19","modified_gmt":"2025-10-25T23:54:19","slug":"deer-hunter-reyburn-bamboo-kosulja-8020-386","status":"publish","type":"product","link":"https:\/\/torzokom.com\/en\/product\/deer-hunter-reyburn-bamboo-kosulja-8020-386\/","title":{"rendered":"Deer Hunter Reyburn Bamboo ko\u0161ulja 8020 386"},"content":{"rendered":"<h2>Deer Hunter Reyburn Bamboo ko\u0161ulja 8020 386<\/h2>\n<p>Ima kai\u0161eve i dugmad kako bi se rukavi mogli saviti i dr\u017eati na mjestu. Idealna ko\u0161ulja za lovace i ljubitelje otvorenog prostora koji cijene prakti\u010dnost i svestranost.<\/p>\n<ul>\n<li>Okovratnik sa spu\u0161tenim dugmetom<\/li>\n<li>2 prednja d\u017eepa sa preklopom i dugmic\u0301ima<\/li>\n<li>Remen i dugme za namotavanje rukava<\/li>\n<li>Unutra je mre\u017easti dio i otvor za ventilaciju pozadi<\/li>\n<\/ul>\n","protected":false},"excerpt":{"rendered":"<p>Svestrana ko\u0161ulja izra\u0111ena od 50% bambusa viskoze i 50% poliestera. Dizajniran sa otvorima u le\u0111ima za vec\u0301u prozra\u010dnost prilikom fizi\u010dke aktivnosti.<\/p>\n","protected":false},"featured_media":5381,"template":"","meta":[],"product_cat":[99,58],"product_tag":[],"class_list":{"0":"post-5380","1":"product","2":"type-product","3":"status-publish","4":"has-post-thumbnail","6":"product_brand-deer-hunter","7":"product_cat-kosulje","8":"product_cat-odjeca-i-obuca","10":"first","11":"instock","12":"taxable","13":"shipping-taxable","14":"purchasable","15":"product-type-simple"},"_links":{"self":[{"href":"https:\/\/torzokom.com\/en\/wp-json\/wp\/v2\/product\/5380","targetHints":{"allow":["GET"]}}],"collection":[{"href":"https:\/\/torzokom.com\/en\/wp-json\/wp\/v2\/product"}],"about":[{"href":"https:\/\/torzokom.com\/en\/wp-json\/wp\/v2\/types\/product"}],"version-history":[{"count":0,"href":"https:\/\/torzokom.com\/en\/wp-json\/wp\/v2\/product\/5380\/revisions"}],"wp:featuredmedia":[{"embeddable":true,"href":"https:\/\/torzokom.com\/en\/wp-json\/wp\/v2\/media\/5381"}],"wp:attachment":[{"href":"https:\/\/torzokom.com\/en\/wp-json\/wp\/v2\/media?parent=5380"}],"wp:term":[{"taxonomy":"product_cat","embeddable":true,"href":"https:\/\/torzokom.com\/en\/wp-json\/wp\/v2\/product_cat?post=5380"},{"taxonomy":"product_tag","embeddable":true,"href":"https:\/\/torzokom.com\/en\/wp-json\/wp\/v2\/product_tag?post=5380"}],"curies":[{"name":"wp","href":"https:\/\/api.w.org\/{rel}","templated":true}]}}