{"id":5383,"date":"2025-09-10T22:18:20","date_gmt":"2025-09-10T20:18:20","guid":{"rendered":"http:\/\/torzokom.com\/?post_type=product&#038;p=5383"},"modified":"2025-10-27T01:44:05","modified_gmt":"2025-10-27T00:44:05","slug":"blaser-hibrid-hlace","status":"publish","type":"product","link":"https:\/\/torzokom.com\/en\/product\/blaser-hibrid-hlace\/","title":{"rendered":"Blaser Hibrid hla\u010de"},"content":{"rendered":"<h2>Blaser Hibrid hla\u010de<\/h2>\n<p class=\"main-title-listing sm:hidden flex flex-row items-center mr-md\">BLASER HYBRID HLACE\u00a0 imaju elasti\u010dni umetci RipStop i zglobna kolena omoguc\u0301avaju optimalnu slobodu pokreta. Sa bo\u010dnim ventilacijskim prorezima i dare\u017eljivim d\u017eepnim sistemom. Izuzetno lagane pantalone<\/p>\n<ul>\n<li>Vodootporne, otporne na vjetar i prozra\u010dne | Visoka pokretljivost osigurana elasti\u010dnim Ripstop oblogama na koljenima i na dnu |<\/li>\n<li>Dvostruki kai\u0161evi<\/li>\n<li>Dva d\u017eepa sa prorezima<\/li>\n<li>Dva sakrivena zadnja d\u017eepa sa patentnim zatvara\u010dem<\/li>\n<li>Dva vodootporna d\u017eepa sa zatvara\u010dem | Oblikovana koljena<\/li>\n<li>Dva opse\u017ena otvora za ventilaciju, pojedina\u010dno podesiva skrivenim zatvara\u010dima i \u010di\u010dkom<\/li>\n<li>Integrisane gamasne sa \u0161irokom gumenom trakom i kukom za pri\u010dvr\u0161c\u0301ivanje<\/li>\n<li>Podno\u017eja nogu podesiva pomoc\u0301u elasti\u010dne spage|<\/li>\n<li>Plemeniti gumeni logotip ARGALI<\/li>\n<\/ul>\n","protected":false},"excerpt":{"rendered":"<p>Lagane i prozra\u010dne lova\u010dke pantalone pouzdano \u0161tite od vetra i vode zahvaljujuc\u0301i laminiranju.<\/p>\n","protected":false},"featured_media":5384,"template":"","meta":[],"product_cat":[100,58],"product_tag":[],"class_list":{"0":"post-5383","1":"product","2":"type-product","3":"status-publish","4":"has-post-thumbnail","6":"product_brand-blaser","7":"product_cat-hlace","8":"product_cat-odjeca-i-obuca","10":"first","11":"instock","12":"taxable","13":"shipping-taxable","14":"purchasable","15":"product-type-simple"},"_links":{"self":[{"href":"https:\/\/torzokom.com\/en\/wp-json\/wp\/v2\/product\/5383","targetHints":{"allow":["GET"]}}],"collection":[{"href":"https:\/\/torzokom.com\/en\/wp-json\/wp\/v2\/product"}],"about":[{"href":"https:\/\/torzokom.com\/en\/wp-json\/wp\/v2\/types\/product"}],"version-history":[{"count":0,"href":"https:\/\/torzokom.com\/en\/wp-json\/wp\/v2\/product\/5383\/revisions"}],"wp:featuredmedia":[{"embeddable":true,"href":"https:\/\/torzokom.com\/en\/wp-json\/wp\/v2\/media\/5384"}],"wp:attachment":[{"href":"https:\/\/torzokom.com\/en\/wp-json\/wp\/v2\/media?parent=5383"}],"wp:term":[{"taxonomy":"product_cat","embeddable":true,"href":"https:\/\/torzokom.com\/en\/wp-json\/wp\/v2\/product_cat?post=5383"},{"taxonomy":"product_tag","embeddable":true,"href":"https:\/\/torzokom.com\/en\/wp-json\/wp\/v2\/product_tag?post=5383"}],"curies":[{"name":"wp","href":"https:\/\/api.w.org\/{rel}","templated":true}]}}