{"id":5403,"date":"2025-09-11T09:53:58","date_gmt":"2025-09-11T07:53:58","guid":{"rendered":"http:\/\/torzokom.com\/?post_type=product&#038;p=5403"},"modified":"2025-09-11T09:55:23","modified_gmt":"2025-09-11T07:55:23","slug":"deerhunter-lovacke-hlace-predator-393","status":"publish","type":"product","link":"https:\/\/torzokom.com\/en\/product\/deerhunter-lovacke-hlace-predator-393\/","title":{"rendered":"Deerhunter Predator 393"},"content":{"rendered":"<h2>Deerhunter Predator 393<\/h2>\n<p class=\"main-title-listing sm:hidden flex flex-row items-center mr-md\">Deerhunter Predator 393 hla\u010de imaju odvojive naramenice, podesiv struk, dobre d\u017eepove sa patentnim zatvara\u010dima, udobnu fleksibilnost, patentne zatvara\u010de na nogavicama za pobolj\u0161anu ventilaciju i, naravno, Deerhunter\u00ae Stormliner membranu, koja osigurava prozra\u010dnost i vodootpornost hla\u010da.<\/p>\n<p>&nbsp;<\/p>\n","protected":false},"excerpt":{"rendered":"<p>Proizvedene su kako bi zadovoljile stroge zahtjeve kvalitete iskusnog lovca, kako tokom tako i nakon lova.<\/p>\n","protected":false},"featured_media":5404,"template":"","meta":[],"product_cat":[100,58],"product_tag":[],"class_list":{"0":"post-5403","1":"product","2":"type-product","3":"status-publish","4":"has-post-thumbnail","6":"product_brand-deer-hunter","7":"product_cat-hlace","8":"product_cat-odjeca-i-obuca","10":"first","11":"instock","12":"taxable","13":"shipping-taxable","14":"purchasable","15":"product-type-simple"},"_links":{"self":[{"href":"https:\/\/torzokom.com\/en\/wp-json\/wp\/v2\/product\/5403","targetHints":{"allow":["GET"]}}],"collection":[{"href":"https:\/\/torzokom.com\/en\/wp-json\/wp\/v2\/product"}],"about":[{"href":"https:\/\/torzokom.com\/en\/wp-json\/wp\/v2\/types\/product"}],"version-history":[{"count":0,"href":"https:\/\/torzokom.com\/en\/wp-json\/wp\/v2\/product\/5403\/revisions"}],"wp:featuredmedia":[{"embeddable":true,"href":"https:\/\/torzokom.com\/en\/wp-json\/wp\/v2\/media\/5404"}],"wp:attachment":[{"href":"https:\/\/torzokom.com\/en\/wp-json\/wp\/v2\/media?parent=5403"}],"wp:term":[{"taxonomy":"product_cat","embeddable":true,"href":"https:\/\/torzokom.com\/en\/wp-json\/wp\/v2\/product_cat?post=5403"},{"taxonomy":"product_tag","embeddable":true,"href":"https:\/\/torzokom.com\/en\/wp-json\/wp\/v2\/product_tag?post=5403"}],"curies":[{"name":"wp","href":"https:\/\/api.w.org\/{rel}","templated":true}]}}