{"id":5413,"date":"2025-09-11T10:35:34","date_gmt":"2025-09-11T08:35:34","guid":{"rendered":"http:\/\/torzokom.com\/?post_type=product&#038;p=5413"},"modified":"2025-11-02T20:09:09","modified_gmt":"2025-11-02T19:09:09","slug":"blaser-resolution-hlace-121009-140-566","status":"publish","type":"product","link":"https:\/\/torzokom.com\/en\/product\/blaser-resolution-hlace-121009-140-566\/","title":{"rendered":"Blaser Resolution Hla\u010de"},"content":{"rendered":"<h2>Blaser Resolution hla\u010de<\/h2>\n<p>Robusne svestrane lova\u010dke hla\u010de otporne na vremenske uvjete<\/p>\n","protected":false},"excerpt":{"rendered":"<p>Blaser Resolution hla\u010de Robusne svestrane lova\u010dke hla\u010de otporne na vremenske uvjete<\/p>\n","protected":false},"featured_media":5414,"template":"","meta":[],"product_cat":[100,58],"product_tag":[],"class_list":{"0":"post-5413","1":"product","2":"type-product","3":"status-publish","4":"has-post-thumbnail","6":"product_brand-blaser","7":"product_cat-hlace","8":"product_cat-odjeca-i-obuca","9":"pa_boja-huntec-camo","10":"pa_boja-maslinasta","11":"pa_velicina-3xl","12":"pa_velicina-239","13":"pa_velicina-240","14":"pa_velicina-241","15":"pa_velicina-242","16":"pa_velicina-243","17":"pa_velicina-244","18":"pa_velicina-245","19":"pa_velicina-l","20":"pa_velicina-m","21":"pa_velicina-s","22":"pa_velicina-xl","23":"pa_velicina-xxl","25":"first","26":"instock","27":"taxable","28":"shipping-taxable","29":"purchasable","30":"product-type-variable"},"_links":{"self":[{"href":"https:\/\/torzokom.com\/en\/wp-json\/wp\/v2\/product\/5413","targetHints":{"allow":["GET"]}}],"collection":[{"href":"https:\/\/torzokom.com\/en\/wp-json\/wp\/v2\/product"}],"about":[{"href":"https:\/\/torzokom.com\/en\/wp-json\/wp\/v2\/types\/product"}],"version-history":[{"count":0,"href":"https:\/\/torzokom.com\/en\/wp-json\/wp\/v2\/product\/5413\/revisions"}],"wp:featuredmedia":[{"embeddable":true,"href":"https:\/\/torzokom.com\/en\/wp-json\/wp\/v2\/media\/5414"}],"wp:attachment":[{"href":"https:\/\/torzokom.com\/en\/wp-json\/wp\/v2\/media?parent=5413"}],"wp:term":[{"taxonomy":"product_cat","embeddable":true,"href":"https:\/\/torzokom.com\/en\/wp-json\/wp\/v2\/product_cat?post=5413"},{"taxonomy":"product_tag","embeddable":true,"href":"https:\/\/torzokom.com\/en\/wp-json\/wp\/v2\/product_tag?post=5413"}],"curies":[{"name":"wp","href":"https:\/\/api.w.org\/{rel}","templated":true}]}}