{"id":5466,"date":"2025-09-11T14:44:16","date_gmt":"2025-09-11T12:44:16","guid":{"rendered":"http:\/\/torzokom.com\/?post_type=product&#038;p=5466"},"modified":"2025-10-26T22:44:35","modified_gmt":"2025-10-26T21:44:35","slug":"blaser-lovacki-noz","status":"publish","type":"product","link":"https:\/\/torzokom.com\/en\/product\/blaser-lovacki-noz\/","title":{"rendered":"Blaser Lovacki Noz 80410833"},"content":{"rendered":"<h2>Blaser Lovacki Noz<\/h2>\n<p>Lova\u010dki no\u017e Blaser izra\u0111en od \u010dvrstog \u010delika za no\u017eeve 440C super je stabilan i o\u0161tar lova\u010dki no\u017e &#8211; ljuske dr\u0161ke izra\u0111ene od finog orahovog drva tako\u0111er ga \u010dine pravim privla\u010dnim za oko.<\/p>\n<p>O\u0161trica sa \u0161irokom to\u010dkom pada je predodre\u0111ena za upotrebu u lovu za razbijanje divlja\u010di. Full tang konstrukcija, u kojoj su o\u0161trica i dr\u0161ka izra\u0111eni od jednog komada \u010delika, osigurava izuzetno dobru stabilnost . Zahvaljuju\u0107i ergonomskom obliku, tako\u0111er udobno le\u017ei u ruci. Lako se o\u0161tri. Uklju\u010duje ko\u017ene korice izra\u0111ene od visokokvalitetne kravlje ko\u017ee s kontrastnim \u0161avovima i om\u010dom za remen.<\/p>\n","protected":false},"excerpt":{"rendered":"<p>Blaser Lovacki Noz Lova\u010dki no\u017e Blaser izra\u0111en od \u010dvrstog \u010delika za no\u017eeve 440C super je stabilan i o\u0161tar lova\u010dki no\u017e &#8211; ljuske dr\u0161ke izra\u0111ene od finog orahovog drva tako\u0111er ga \u010dine pravim privla\u010dnim za oko. O\u0161trica sa \u0161irokom to\u010dkom pada je predodre\u0111ena za upotrebu u lovu za razbijanje divlja\u010di. Full tang konstrukcija, u kojoj su [&hellip;]<\/p>\n","protected":false},"featured_media":5467,"template":"","meta":[],"product_cat":[47,83],"product_tag":[],"class_list":{"0":"post-5466","1":"product","2":"type-product","3":"status-publish","4":"has-post-thumbnail","6":"product_brand-blaser","7":"product_cat-nozevi","8":"product_cat-dodatna-oprema","10":"first","11":"instock","12":"taxable","13":"shipping-taxable","14":"purchasable","15":"product-type-simple"},"_links":{"self":[{"href":"https:\/\/torzokom.com\/en\/wp-json\/wp\/v2\/product\/5466","targetHints":{"allow":["GET"]}}],"collection":[{"href":"https:\/\/torzokom.com\/en\/wp-json\/wp\/v2\/product"}],"about":[{"href":"https:\/\/torzokom.com\/en\/wp-json\/wp\/v2\/types\/product"}],"version-history":[{"count":0,"href":"https:\/\/torzokom.com\/en\/wp-json\/wp\/v2\/product\/5466\/revisions"}],"wp:featuredmedia":[{"embeddable":true,"href":"https:\/\/torzokom.com\/en\/wp-json\/wp\/v2\/media\/5467"}],"wp:attachment":[{"href":"https:\/\/torzokom.com\/en\/wp-json\/wp\/v2\/media?parent=5466"}],"wp:term":[{"taxonomy":"product_cat","embeddable":true,"href":"https:\/\/torzokom.com\/en\/wp-json\/wp\/v2\/product_cat?post=5466"},{"taxonomy":"product_tag","embeddable":true,"href":"https:\/\/torzokom.com\/en\/wp-json\/wp\/v2\/product_tag?post=5466"}],"curies":[{"name":"wp","href":"https:\/\/api.w.org\/{rel}","templated":true}]}}