{"id":5470,"date":"2025-09-11T14:53:00","date_gmt":"2025-09-11T12:53:00","guid":{"rendered":"http:\/\/torzokom.com\/?post_type=product&#038;p=5470"},"modified":"2025-10-26T22:46:36","modified_gmt":"2025-10-26T21:46:36","slug":"mauser-lovacki-noz-standard","status":"publish","type":"product","link":"https:\/\/torzokom.com\/en\/product\/mauser-lovacki-noz-standard\/","title":{"rendered":"Mauser Lovacki Noz Standard"},"content":{"rendered":"<h2>Mauser Lovacki Noz Standard<\/h2>\n<p>Vrhunski lova\u010dki no\u017e za svakoga<\/p>\n<p>Lova\u010dki no\u017e MAUSER je vrhunski no\u017e za svakoga \u2013 klasi\u010dni svestrani no\u017e. Ner\u0111aju\u0107e se\u010divo od \u010delika 440A je duga\u010dko 9,6 cm i \u0161iroko 3,7 mm. Lako se o\u0161tri, ima dobro zadr\u017eavanje ivica i otporan je na koroziju. Lova\u010dki no\u017e je ukupne du\u017eine 21,7 cm. Plasti\u010dna ru\u010dka sa klasi\u010dnim tamnozelenim MAUSER dizajnom obezbe\u0111uje udoban, pouzdan hvat bez klizanja. Logotip MAUSER na dr\u0161ci je jo\u0161 jedna karakteristika koja privla\u010di poglede. No\u017e se mo\u017ee \u010duvati u prilo\u017eenom plasti\u010dnom omotu sa kop\u010dom za kai\u0161.<\/p>\n<p>Uvek pri ruci i fleksibilan \u2013 svestrani no\u017e \u2013 MAUSER lova\u010dki no\u017e!<\/p>\n","protected":false},"excerpt":{"rendered":"<p>Mauser Lovacki Noz Standard Vrhunski lova\u010dki no\u017e za svakoga Lova\u010dki no\u017e MAUSER je vrhunski no\u017e za svakoga \u2013 klasi\u010dni svestrani no\u017e. Ner\u0111aju\u0107e se\u010divo od \u010delika 440A je duga\u010dko 9,6 cm i \u0161iroko 3,7 mm. Lako se o\u0161tri, ima dobro zadr\u017eavanje ivica i otporan je na koroziju. Lova\u010dki no\u017e je ukupne du\u017eine 21,7 cm. Plasti\u010dna ru\u010dka [&hellip;]<\/p>\n","protected":false},"featured_media":5471,"template":"","meta":[],"product_cat":[47,83],"product_tag":[],"class_list":{"0":"post-5470","1":"product","2":"type-product","3":"status-publish","4":"has-post-thumbnail","6":"product_brand-mauser","7":"product_cat-nozevi","8":"product_cat-dodatna-oprema","10":"first","11":"instock","12":"taxable","13":"shipping-taxable","14":"purchasable","15":"product-type-simple"},"_links":{"self":[{"href":"https:\/\/torzokom.com\/en\/wp-json\/wp\/v2\/product\/5470","targetHints":{"allow":["GET"]}}],"collection":[{"href":"https:\/\/torzokom.com\/en\/wp-json\/wp\/v2\/product"}],"about":[{"href":"https:\/\/torzokom.com\/en\/wp-json\/wp\/v2\/types\/product"}],"version-history":[{"count":0,"href":"https:\/\/torzokom.com\/en\/wp-json\/wp\/v2\/product\/5470\/revisions"}],"wp:featuredmedia":[{"embeddable":true,"href":"https:\/\/torzokom.com\/en\/wp-json\/wp\/v2\/media\/5471"}],"wp:attachment":[{"href":"https:\/\/torzokom.com\/en\/wp-json\/wp\/v2\/media?parent=5470"}],"wp:term":[{"taxonomy":"product_cat","embeddable":true,"href":"https:\/\/torzokom.com\/en\/wp-json\/wp\/v2\/product_cat?post=5470"},{"taxonomy":"product_tag","embeddable":true,"href":"https:\/\/torzokom.com\/en\/wp-json\/wp\/v2\/product_tag?post=5470"}],"curies":[{"name":"wp","href":"https:\/\/api.w.org\/{rel}","templated":true}]}}