{"id":5504,"date":"2025-09-11T16:17:47","date_gmt":"2025-09-11T14:17:47","guid":{"rendered":"http:\/\/torzokom.com\/?post_type=product&#038;p=5504"},"modified":"2025-12-09T17:00:26","modified_gmt":"2025-12-09T16:00:26","slug":"signalni-pistolj-ekol-p29-black","status":"publish","type":"product","link":"https:\/\/torzokom.com\/en\/product\/signalni-pistolj-ekol-p29-black\/","title":{"rendered":"Signalni pi\u0161tolj Ekol P29 Black"},"content":{"rendered":"<h2>Signalni Pistolj Ekol P29 Black<\/h2>\n<p>Pla\u0161ljivac koristi municiju punjenu malodimnim barutom 9mm Pak i u sanzer staje 8+1 metaka. Te\u017eina i veli\u010dina stra\u0161ljivaca je ista kao i pravi pi\u0161tolj Browning po kojem je ovaj stra\u0161ljivac i napravljen. Stra\u0161ljivac dolazi upakovan u plasti\u010dni kofer i uz njega dolazi nastavak za ispaljivanje svjetle\u0107ih raketica.<\/p>\n","protected":false},"excerpt":{"rendered":"<p>Signalni Pistolj Ekol P29 Black Pla\u0161ljivac koristi municiju punjenu malodimnim barutom 9mm Pak i u sanzer staje 8+1 metaka. Te\u017eina i veli\u010dina stra\u0161ljivaca je ista kao i pravi pi\u0161tolj Browning po kojem je ovaj stra\u0161ljivac i napravljen. Stra\u0161ljivac dolazi upakovan u plasti\u010dni kofer i uz njega dolazi nastavak za ispaljivanje svjetle\u0107ih raketica.<\/p>\n","protected":false},"featured_media":5505,"template":"","meta":[],"product_cat":[46,179],"product_tag":[],"class_list":{"0":"post-5504","1":"product","2":"type-product","3":"status-publish","4":"has-post-thumbnail","6":"product_brand-ekol","7":"product_cat-oruzje","8":"product_cat-signalni-startni-pistolji","10":"first","11":"instock","12":"taxable","13":"shipping-taxable","14":"purchasable","15":"product-type-simple"},"_links":{"self":[{"href":"https:\/\/torzokom.com\/en\/wp-json\/wp\/v2\/product\/5504","targetHints":{"allow":["GET"]}}],"collection":[{"href":"https:\/\/torzokom.com\/en\/wp-json\/wp\/v2\/product"}],"about":[{"href":"https:\/\/torzokom.com\/en\/wp-json\/wp\/v2\/types\/product"}],"version-history":[{"count":0,"href":"https:\/\/torzokom.com\/en\/wp-json\/wp\/v2\/product\/5504\/revisions"}],"wp:featuredmedia":[{"embeddable":true,"href":"https:\/\/torzokom.com\/en\/wp-json\/wp\/v2\/media\/5505"}],"wp:attachment":[{"href":"https:\/\/torzokom.com\/en\/wp-json\/wp\/v2\/media?parent=5504"}],"wp:term":[{"taxonomy":"product_cat","embeddable":true,"href":"https:\/\/torzokom.com\/en\/wp-json\/wp\/v2\/product_cat?post=5504"},{"taxonomy":"product_tag","embeddable":true,"href":"https:\/\/torzokom.com\/en\/wp-json\/wp\/v2\/product_tag?post=5504"}],"curies":[{"name":"wp","href":"https:\/\/api.w.org\/{rel}","templated":true}]}}