{"id":5511,"date":"2025-09-11T16:31:17","date_gmt":"2025-09-11T14:31:17","guid":{"rendered":"http:\/\/torzokom.com\/?post_type=product&#038;p=5511"},"modified":"2025-10-26T22:49:25","modified_gmt":"2025-10-26T21:49:25","slug":"mauser-preklopni-noz","status":"publish","type":"product","link":"https:\/\/torzokom.com\/en\/product\/mauser-preklopni-noz\/","title":{"rendered":"Mauser Preklopni No\u017e"},"content":{"rendered":"<h2>Mauser Noz Folding Knife Sklopivi<\/h2>\n<p>Originalni sklopivi no\u017e MAUSER klasi\u010dnog MAUSER dizajna je izdr\u017eljiv sklopivi no\u017e sa o\u0161tricom debljine 3,2 mm i duga\u010dkom 8 cm napravljenom od D2 \u010delika. D2 je odli\u010dan no\u017e od ner\u0111aju\u0107eg \u010delika koji ima dobro zadr\u017eavanje ivica i lako se o\u0161tri. Robusno se\u010divo sa svrdlom \u010dini ovaj no\u017e idealnim za sve aktivnosti lova, a posebno za skidanje ko\u017ee.<\/p>\n<p>No\u017e ima mehanizam za zaklju\u010davanje lajnera koji je jednostavan za kori\u0161\u0107enje kako bi se osiguralo da se no\u017e zaka\u010di pri otvaranju, \u0161to ga \u010dini veoma lakim za upotrebu. Dr\u0161ka je napravljena od kompozitnog materijala G-10 sa MAUSER dizajnom i posebno je robusna i izdr\u017eljiva. No\u017e se mo\u017ee \u010duvati u isporu\u010denom najlonskom omotu sa om\u010dom za kai\u0161.<\/p>\n","protected":false},"excerpt":{"rendered":"<p>Mauser Noz Folding Knife Sklopivi Originalni sklopivi no\u017e MAUSER klasi\u010dnog MAUSER dizajna je izdr\u017eljiv sklopivi no\u017e sa o\u0161tricom debljine 3,2 mm i duga\u010dkom 8 cm napravljenom od D2 \u010delika. D2 je odli\u010dan no\u017e od ner\u0111aju\u0107eg \u010delika koji ima dobro zadr\u017eavanje ivica i lako se o\u0161tri. Robusno se\u010divo sa svrdlom \u010dini ovaj no\u017e idealnim za sve [&hellip;]<\/p>\n","protected":false},"featured_media":5513,"template":"","meta":[],"product_cat":[47,83],"product_tag":[],"class_list":{"0":"post-5511","1":"product","2":"type-product","3":"status-publish","4":"has-post-thumbnail","6":"product_brand-mauser","7":"product_cat-nozevi","8":"product_cat-dodatna-oprema","10":"first","11":"instock","12":"taxable","13":"shipping-taxable","14":"purchasable","15":"product-type-simple"},"_links":{"self":[{"href":"https:\/\/torzokom.com\/en\/wp-json\/wp\/v2\/product\/5511","targetHints":{"allow":["GET"]}}],"collection":[{"href":"https:\/\/torzokom.com\/en\/wp-json\/wp\/v2\/product"}],"about":[{"href":"https:\/\/torzokom.com\/en\/wp-json\/wp\/v2\/types\/product"}],"version-history":[{"count":0,"href":"https:\/\/torzokom.com\/en\/wp-json\/wp\/v2\/product\/5511\/revisions"}],"wp:featuredmedia":[{"embeddable":true,"href":"https:\/\/torzokom.com\/en\/wp-json\/wp\/v2\/media\/5513"}],"wp:attachment":[{"href":"https:\/\/torzokom.com\/en\/wp-json\/wp\/v2\/media?parent=5511"}],"wp:term":[{"taxonomy":"product_cat","embeddable":true,"href":"https:\/\/torzokom.com\/en\/wp-json\/wp\/v2\/product_cat?post=5511"},{"taxonomy":"product_tag","embeddable":true,"href":"https:\/\/torzokom.com\/en\/wp-json\/wp\/v2\/product_tag?post=5511"}],"curies":[{"name":"wp","href":"https:\/\/api.w.org\/{rel}","templated":true}]}}