{"id":5520,"date":"2025-09-11T18:02:50","date_gmt":"2025-09-11T16:02:50","guid":{"rendered":"http:\/\/torzokom.com\/?post_type=product&#038;p=5520"},"modified":"2025-10-26T02:24:31","modified_gmt":"2025-10-26T01:24:31","slug":"blaser-noz-sklopivi-folding-knife","status":"publish","type":"product","link":"https:\/\/torzokom.com\/en\/product\/blaser-noz-sklopivi-folding-knife\/","title":{"rendered":"Blaser No\u017e Preklopni Classic 80414850"},"content":{"rendered":"<h2>Blaser Noz Sklopivi Folding Knife<\/h2>\n<p>Klasi\u010dni sklopivi no\u017e Blaser kombinuje bezvremenski dizajn sa prakti\u010dno\u0161\u0107u, \u0161to ga \u010dini neophodnim za ljubitelje i lovce na otvorenom. Te\u017eak samo 105 grama, ovaj kompaktni no\u017e ima se\u010divo od 8 cm, idealno za sve va\u0161e zadatke na otvorenom i lova. Napravljen od visokokvalitetnog \u010delika 14C28N, se\u010divo nudi odli\u010dno zadr\u017eavanje ivica, otpornost na koroziju i izdr\u017eljivost.<\/p>\n<p>Dr\u0161ka no\u017ea je izra\u0111ena od vrhunskog orahovog drveta, daju\u0107i mu klasi\u010dan i elegantan izgled koji je izdr\u017eao test vremena. Mehanizam za zaklju\u010davanje sa zavrtnjem koji je jednostavan za kori\u0161\u0107enje obezbe\u0111uje sigurnost tokom upotrebe, bezbedno se zaklju\u010dava nakon otvaranja. Za dodatnu udobnost, uklju\u010duje kop\u010du za duboki d\u017eep za no\u0161enje za diskretno skladi\u0161tenje i visokokvalitetni ko\u017eni omota\u010d za kai\u0161. Bez obzira da li ste u divljini ili vam je potrebno pouzdano svakodnevno no\u0161enje, Blaser Classic sklopivi no\u017e nudi savr\u0161en balans stila, performansi i sigurnosti.<\/p>\n","protected":false},"excerpt":{"rendered":"<p>Blaser Noz Sklopivi Folding Knife Klasi\u010dni sklopivi no\u017e Blaser kombinuje bezvremenski dizajn sa prakti\u010dno\u0161\u0107u, \u0161to ga \u010dini neophodnim za ljubitelje i lovce na otvorenom. Te\u017eak samo 105 grama, ovaj kompaktni no\u017e ima se\u010divo od 8 cm, idealno za sve va\u0161e zadatke na otvorenom i lova. Napravljen od visokokvalitetnog \u010delika 14C28N, se\u010divo nudi odli\u010dno zadr\u017eavanje ivica, [&hellip;]<\/p>\n","protected":false},"featured_media":5521,"template":"","meta":[],"product_cat":[47,83],"product_tag":[],"class_list":{"0":"post-5520","1":"product","2":"type-product","3":"status-publish","4":"has-post-thumbnail","6":"product_brand-blaser","7":"product_cat-nozevi","8":"product_cat-dodatna-oprema","10":"first","11":"instock","12":"taxable","13":"shipping-taxable","14":"purchasable","15":"product-type-simple"},"_links":{"self":[{"href":"https:\/\/torzokom.com\/en\/wp-json\/wp\/v2\/product\/5520","targetHints":{"allow":["GET"]}}],"collection":[{"href":"https:\/\/torzokom.com\/en\/wp-json\/wp\/v2\/product"}],"about":[{"href":"https:\/\/torzokom.com\/en\/wp-json\/wp\/v2\/types\/product"}],"version-history":[{"count":0,"href":"https:\/\/torzokom.com\/en\/wp-json\/wp\/v2\/product\/5520\/revisions"}],"wp:featuredmedia":[{"embeddable":true,"href":"https:\/\/torzokom.com\/en\/wp-json\/wp\/v2\/media\/5521"}],"wp:attachment":[{"href":"https:\/\/torzokom.com\/en\/wp-json\/wp\/v2\/media?parent=5520"}],"wp:term":[{"taxonomy":"product_cat","embeddable":true,"href":"https:\/\/torzokom.com\/en\/wp-json\/wp\/v2\/product_cat?post=5520"},{"taxonomy":"product_tag","embeddable":true,"href":"https:\/\/torzokom.com\/en\/wp-json\/wp\/v2\/product_tag?post=5520"}],"curies":[{"name":"wp","href":"https:\/\/api.w.org\/{rel}","templated":true}]}}