{"id":5532,"date":"2025-09-11T18:32:05","date_gmt":"2025-09-11T16:32:05","guid":{"rendered":"http:\/\/torzokom.com\/?post_type=product&#038;p=5532"},"modified":"2025-10-26T02:34:29","modified_gmt":"2025-10-26T01:34:29","slug":"blaser-noz-ultimate-carbon-150","status":"publish","type":"product","link":"https:\/\/torzokom.com\/en\/product\/blaser-noz-ultimate-carbon-150\/","title":{"rendered":"Blaser No\u017e Ultimate Carbon 150"},"content":{"rendered":"<h2>Blaser Lovacki Noz Ultimate Carbon 150<\/h2>\n<p>Blaser Ultimate Carbon Fiber Knife 150 je deo na\u0161eg visokokvalitetnog asortimana no\u017eeva Ultimate Carbon Fiber. Kidek navlaka sa kop\u010dom za kai\u0161 i mala te\u017eina od samo 126 g \u010dine ga idealnim za pri\u010dvr\u0161\u0107ivanje na pojas i pogodnim za bilo koji zadatak na otvorenom &#8211; tako\u0111e \u0161to se ti\u010de upotrebe u va\u0161oj kuhinji. Se\u010divo je napravljeno od CPM S35VN \u010delika, \u0161to daje no\u017eu veoma dobro zadr\u017eavanje ivica. Ovaj \u010delik tako\u0111e nudi veoma dobru otpornost na habanje i koroziju. Se\u010divo u obliku no\u017ea za filetiranje u kombinaciji sa du\u017einom se\u010diva od 15 cm je stoga odli\u010dno za otvaranje divlja\u010di kao i za naknadnu obradu mesa. Dr\u0161ka sa trostrukim zavrtnjima od ugljeni\u010dnih vlakana zaokru\u017euje celokupan paket, pretvaraju\u0107i no\u017e u visokokvalitetan, robustan proizvod. Materijal nije samo veoma privla\u010dan, ve\u0107 je i lak i udoban za dr\u017eanje. Dizajn podse\u0107a na Blaserove delove od ugljeni\u010dnih vlakana i zaokru\u017euje ukupan izgled za sve obo\u017eavatelje Blasera. Neophodno za svaku situaciju<\/p>\n","protected":false},"excerpt":{"rendered":"<p>Blaser Lovacki Noz Ultimate Carbon 150 Blaser Ultimate Carbon Fiber Knife 150 je deo na\u0161eg visokokvalitetnog asortimana no\u017eeva Ultimate Carbon Fiber. Kidek navlaka sa kop\u010dom za kai\u0161 i mala te\u017eina od samo 126 g \u010dine ga idealnim za pri\u010dvr\u0161\u0107ivanje na pojas i pogodnim za bilo koji zadatak na otvorenom &#8211; tako\u0111e \u0161to se ti\u010de upotrebe [&hellip;]<\/p>\n","protected":false},"featured_media":5533,"template":"","meta":[],"product_cat":[47,83],"product_tag":[],"class_list":{"0":"post-5532","1":"product","2":"type-product","3":"status-publish","4":"has-post-thumbnail","6":"product_brand-blaser","7":"product_cat-nozevi","8":"product_cat-dodatna-oprema","10":"first","11":"instock","12":"taxable","13":"shipping-taxable","14":"purchasable","15":"product-type-simple"},"_links":{"self":[{"href":"https:\/\/torzokom.com\/en\/wp-json\/wp\/v2\/product\/5532","targetHints":{"allow":["GET"]}}],"collection":[{"href":"https:\/\/torzokom.com\/en\/wp-json\/wp\/v2\/product"}],"about":[{"href":"https:\/\/torzokom.com\/en\/wp-json\/wp\/v2\/types\/product"}],"version-history":[{"count":0,"href":"https:\/\/torzokom.com\/en\/wp-json\/wp\/v2\/product\/5532\/revisions"}],"wp:featuredmedia":[{"embeddable":true,"href":"https:\/\/torzokom.com\/en\/wp-json\/wp\/v2\/media\/5533"}],"wp:attachment":[{"href":"https:\/\/torzokom.com\/en\/wp-json\/wp\/v2\/media?parent=5532"}],"wp:term":[{"taxonomy":"product_cat","embeddable":true,"href":"https:\/\/torzokom.com\/en\/wp-json\/wp\/v2\/product_cat?post=5532"},{"taxonomy":"product_tag","embeddable":true,"href":"https:\/\/torzokom.com\/en\/wp-json\/wp\/v2\/product_tag?post=5532"}],"curies":[{"name":"wp","href":"https:\/\/api.w.org\/{rel}","templated":true}]}}