{"id":5555,"date":"2025-09-12T17:17:45","date_gmt":"2025-09-12T15:17:45","guid":{"rendered":"http:\/\/torzokom.com\/?post_type=product&#038;p=5555"},"modified":"2025-09-15T12:40:07","modified_gmt":"2025-09-15T10:40:07","slug":"blaser-8x42-dvogled","status":"publish","type":"product","link":"https:\/\/torzokom.com\/en\/product\/blaser-8x42-dvogled\/","title":{"rendered":"Blaser 8&#215;42 Dvogled"},"content":{"rendered":"<h2>Blaser 8&#215;42 Dvogled<\/h2>\n<p>Univerzalni dvogled za sve lovne prilike.<em><br \/>\n<\/em><\/p>\n<p>Entuzijasti\u010dni lovci pru\u017eili su Blaseru priliku da razvije dvogled koji je u potpunosti prilago\u0111en zahtjevima lova. Blaser je radio sa najboljim i najsjajnijim umovima u poslu za ovaj zadatak. Rezultat je prvoklasna lova\u010dki dvogled\u00a0<em>\u201cMade in Germany\u201d.<\/em><\/p>\n<p>BRZI FOKUS<\/p>\n<p>Biti u stanju da podignete dvogled na va\u0161e o\u010di i da dobijete savr\u0161en pogled \u2013 ovo je veliki izazov koji se mora ispuniti prilikom projektovanja lova\u010dke optike. Potpuno novi opti\u010dki prora\u010dun u kombinaciji sa kori\u0161tenjem najvec\u0301ih so\u010diva za okular omoguc\u0301ava zna\u010dajno br\u017eu akvizaciju slike. Ovo pru\u017ea posebno ugodno vizuelno iskustvo u svakoj situaciji \u2013 \u010dak i ako dvogled nije u optimalnoj poziciji u odnosu na va\u0161e o\u010di.<\/p>\n<p>NAJVE\u0106I KVALITET<\/p>\n<p>Vrhunska transmisija svetlosti, neutralna reprodukcija boja i briljantne slike visokog kontrasta su obavezna za dugoro\u010dnu optiku koja se koristi za lov. Blaser-ov CCC vi\u0161eslojni premaz (Contrast i Color Corrective Coating) osigurava prvoklasne performanse slike u svim uslovima osvjetljenja. Jednako va\u017ena kao i opti\u010dki kvalitet je i za\u0161tita vanjskih so\u010diva. SLP premaz (Smart Lens Protection) je baziran na nanotehnologiji i osigurava za\u0161titu od vode i pra\u0161ine. Tako\u0111e omoguc\u0301ava da ki\u0161a klizi i znatno olak\u0161ava \u010di\u0161c\u0301enje so\u010diva.<\/p>\n<p>DIZAJNIRANO ZA LOV<\/p>\n<p>SAVR\u0160ENI BALANS<\/p>\n<p>Dobar balans je va\u017ean kriterijum za dvogled kada se posmatraju subjekti tokom du\u017eeg perioda bez zamora. Kratak most i centar gravitacije u blizini okulara daju svim Blaser dvogledima idealan balans koji ih \u010dini tako udobnim za rukovanje. Lagano kuc\u0301i\u0161te od magnezijuma prekriveno je atraktivnim dvobojnim oja\u010danjem i nagla\u0161eno je ribljom teksturom preko radnih elemenata. Ove atraktivne i funkcionalne karakteristike osiguravaju sigurno rukovanje posebno u nepovoljnim vremenskim uslovima.<\/p>\n","protected":false},"excerpt":{"rendered":"<p>Blaser 8&#215;42 Dvogled Univerzalni dvogled za sve lovne prilike. Entuzijasti\u010dni lovci pru\u017eili su Blaseru priliku da razvije dvogled koji je u potpunosti prilago\u0111en zahtjevima lova. Blaser je radio sa najboljim i najsjajnijim umovima u poslu za ovaj zadatak. Rezultat je prvoklasna lova\u010dki dvogled\u00a0\u201cMade in Germany\u201d. BRZI FOKUS Biti u stanju da podignete dvogled na va\u0161e [&hellip;]<\/p>\n","protected":false},"featured_media":5556,"template":"","meta":[],"product_cat":[105,41],"product_tag":[],"class_list":{"0":"post-5555","1":"product","2":"type-product","3":"status-publish","4":"has-post-thumbnail","6":"product_brand-blaser","7":"product_cat-optika","8":"product_cat-dvogledi","10":"first","11":"instock","12":"taxable","13":"shipping-taxable","14":"purchasable","15":"product-type-simple"},"_links":{"self":[{"href":"https:\/\/torzokom.com\/en\/wp-json\/wp\/v2\/product\/5555","targetHints":{"allow":["GET"]}}],"collection":[{"href":"https:\/\/torzokom.com\/en\/wp-json\/wp\/v2\/product"}],"about":[{"href":"https:\/\/torzokom.com\/en\/wp-json\/wp\/v2\/types\/product"}],"version-history":[{"count":0,"href":"https:\/\/torzokom.com\/en\/wp-json\/wp\/v2\/product\/5555\/revisions"}],"wp:featuredmedia":[{"embeddable":true,"href":"https:\/\/torzokom.com\/en\/wp-json\/wp\/v2\/media\/5556"}],"wp:attachment":[{"href":"https:\/\/torzokom.com\/en\/wp-json\/wp\/v2\/media?parent=5555"}],"wp:term":[{"taxonomy":"product_cat","embeddable":true,"href":"https:\/\/torzokom.com\/en\/wp-json\/wp\/v2\/product_cat?post=5555"},{"taxonomy":"product_tag","embeddable":true,"href":"https:\/\/torzokom.com\/en\/wp-json\/wp\/v2\/product_tag?post=5555"}],"curies":[{"name":"wp","href":"https:\/\/api.w.org\/{rel}","templated":true}]}}