{"id":5557,"date":"2025-09-15T15:34:55","date_gmt":"2025-09-15T13:34:55","guid":{"rendered":"http:\/\/torzokom.com\/?post_type=product&#038;p=5557"},"modified":"2025-10-13T09:13:18","modified_gmt":"2025-10-13T07:13:18","slug":"blaser-hunting-ruksak","status":"publish","type":"product","link":"https:\/\/torzokom.com\/en\/product\/blaser-hunting-ruksak\/","title":{"rendered":"Blaser Hunting Ruksak"},"content":{"rendered":"<h2>Blaser Hunting Ruksak<\/h2>\n<p>Izra\u0111en od originalnog lana, robusan, nisko\u0161uman i otporan na habanje. Materijal je 100% pamuk, prevu\u010den i vodootporan. Monta\u017ee i trake su izra\u0111ene od visoko kvalitetne kravlje ko\u017ee.<\/p>\n","protected":false},"excerpt":{"rendered":"<p>Blaser Hunting Ruksak Izra\u0111en od originalnog lana, robusan, nisko\u0161uman i otporan na habanje. Materijal je 100% pamuk, prevu\u010den i vodootporan. Monta\u017ee i trake su izra\u0111ene od visoko kvalitetne kravlje ko\u017ee.<\/p>\n","protected":false},"featured_media":5558,"template":"","meta":[],"product_cat":[33],"product_tag":[],"class_list":{"0":"post-5557","1":"product","2":"type-product","3":"status-publish","4":"has-post-thumbnail","6":"product_brand-blaser","7":"product_cat-torbe-ruksaci","9":"first","10":"instock","11":"taxable","12":"shipping-taxable","13":"purchasable","14":"product-type-simple"},"_links":{"self":[{"href":"https:\/\/torzokom.com\/en\/wp-json\/wp\/v2\/product\/5557","targetHints":{"allow":["GET"]}}],"collection":[{"href":"https:\/\/torzokom.com\/en\/wp-json\/wp\/v2\/product"}],"about":[{"href":"https:\/\/torzokom.com\/en\/wp-json\/wp\/v2\/types\/product"}],"version-history":[{"count":0,"href":"https:\/\/torzokom.com\/en\/wp-json\/wp\/v2\/product\/5557\/revisions"}],"wp:featuredmedia":[{"embeddable":true,"href":"https:\/\/torzokom.com\/en\/wp-json\/wp\/v2\/media\/5558"}],"wp:attachment":[{"href":"https:\/\/torzokom.com\/en\/wp-json\/wp\/v2\/media?parent=5557"}],"wp:term":[{"taxonomy":"product_cat","embeddable":true,"href":"https:\/\/torzokom.com\/en\/wp-json\/wp\/v2\/product_cat?post=5557"},{"taxonomy":"product_tag","embeddable":true,"href":"https:\/\/torzokom.com\/en\/wp-json\/wp\/v2\/product_tag?post=5557"}],"curies":[{"name":"wp","href":"https:\/\/api.w.org\/{rel}","templated":true}]}}