{"id":5608,"date":"2025-09-29T18:40:24","date_gmt":"2025-09-29T16:40:24","guid":{"rendered":"http:\/\/torzokom.com\/?post_type=product&#038;p=5608"},"modified":"2025-10-13T09:10:08","modified_gmt":"2025-10-13T07:10:08","slug":"blaser-rukavice-power-touch-122068-088-657","status":"publish","type":"product","link":"https:\/\/torzokom.com\/en\/product\/blaser-rukavice-power-touch-122068-088-657\/","title":{"rendered":"Blaser Rukavice Power Touch 122068-088\/657"},"content":{"rendered":"<h2>Blaser Rukavice Power Touch 122068-088\/657<\/h2>\n<p>Za prijelazna godi\u0161nja doba, pogodno za kori\u0161tenje mobilnog.Rukavica od rastezljivog flisa s jedne strane, rastezljivi flis na nadlanici, antilop na unutarnjoj strani dlana, dodir<\/p>\n<p>ekranska tkanina na ka\u017eiprstu i palcu, posebna konstrukcija na prstu okida\u010da za visoku osjetljivost na okida\u010du, Argali logo grafika u\u0161ivena u dlan rukavice, rastezljiva man\u0161eta za udobno pristajanje.<\/p>\n","protected":false},"excerpt":{"rendered":"<p>Blaser Rukavice Power Touch 122068-088\/657 Za prijelazna godi\u0161nja doba, pogodno za kori\u0161tenje mobilnog.Rukavica od rastezljivog flisa s jedne strane, rastezljivi flis na nadlanici, antilop na unutarnjoj strani dlana, dodir ekranska tkanina na ka\u017eiprstu i palcu, posebna konstrukcija na prstu okida\u010da za visoku osjetljivost na okida\u010du, Argali logo grafika u\u0161ivena u dlan rukavice, rastezljiva man\u0161eta za [&hellip;]<\/p>\n","protected":false},"featured_media":5609,"template":"","meta":[],"product_cat":[58,97],"product_tag":[],"class_list":{"0":"post-5608","1":"product","2":"type-product","3":"status-publish","4":"has-post-thumbnail","6":"product_brand-blaser","7":"product_cat-odjeca-i-obuca","8":"product_cat-rukavice","10":"first","11":"instock","12":"taxable","13":"shipping-taxable","14":"purchasable","15":"product-type-simple"},"_links":{"self":[{"href":"https:\/\/torzokom.com\/en\/wp-json\/wp\/v2\/product\/5608","targetHints":{"allow":["GET"]}}],"collection":[{"href":"https:\/\/torzokom.com\/en\/wp-json\/wp\/v2\/product"}],"about":[{"href":"https:\/\/torzokom.com\/en\/wp-json\/wp\/v2\/types\/product"}],"version-history":[{"count":0,"href":"https:\/\/torzokom.com\/en\/wp-json\/wp\/v2\/product\/5608\/revisions"}],"wp:featuredmedia":[{"embeddable":true,"href":"https:\/\/torzokom.com\/en\/wp-json\/wp\/v2\/media\/5609"}],"wp:attachment":[{"href":"https:\/\/torzokom.com\/en\/wp-json\/wp\/v2\/media?parent=5608"}],"wp:term":[{"taxonomy":"product_cat","embeddable":true,"href":"https:\/\/torzokom.com\/en\/wp-json\/wp\/v2\/product_cat?post=5608"},{"taxonomy":"product_tag","embeddable":true,"href":"https:\/\/torzokom.com\/en\/wp-json\/wp\/v2\/product_tag?post=5608"}],"curies":[{"name":"wp","href":"https:\/\/api.w.org\/{rel}","templated":true}]}}