{"id":5610,"date":"2025-09-29T18:42:30","date_gmt":"2025-09-29T16:42:30","guid":{"rendered":"http:\/\/torzokom.com\/?post_type=product&#038;p=5610"},"modified":"2025-10-13T09:09:48","modified_gmt":"2025-10-13T07:09:48","slug":"blaser-funkcionalne-rukavice","status":"publish","type":"product","link":"https:\/\/torzokom.com\/en\/product\/blaser-funkcionalne-rukavice\/","title":{"rendered":"Blaser Funkcionalne Rukavice"},"content":{"rendered":"<h2>Blaser Funkcionalne Rukavice<\/h2>\n<p>Prijatno grejne rukavice od flisa | Odli\u010dno prijanjaju| Vodootporne i tihe | \u010cetvorostrani rastezljivi materijal za savr\u0161eno prijanjanje | Gumeni dlanovi koji osiguravaju sigurno prijanjanje | Funkcija okida\u010da na oba ka\u017eiprsta | Elasti\u010dne man\u017eetne<\/p>\n","protected":false},"excerpt":{"rendered":"<p>Blaser Funkcionalne Rukavice Prijatno grejne rukavice od flisa | Odli\u010dno prijanjaju| Vodootporne i tihe | \u010cetvorostrani rastezljivi materijal za savr\u0161eno prijanjanje | Gumeni dlanovi koji osiguravaju sigurno prijanjanje | Funkcija okida\u010da na oba ka\u017eiprsta | Elasti\u010dne man\u017eetne<\/p>\n","protected":false},"featured_media":5611,"template":"","meta":[],"product_cat":[58,97],"product_tag":[],"class_list":{"0":"post-5610","1":"product","2":"type-product","3":"status-publish","4":"has-post-thumbnail","6":"product_brand-blaser","7":"product_cat-odjeca-i-obuca","8":"product_cat-rukavice","10":"first","11":"instock","12":"taxable","13":"shipping-taxable","14":"purchasable","15":"product-type-simple"},"_links":{"self":[{"href":"https:\/\/torzokom.com\/en\/wp-json\/wp\/v2\/product\/5610","targetHints":{"allow":["GET"]}}],"collection":[{"href":"https:\/\/torzokom.com\/en\/wp-json\/wp\/v2\/product"}],"about":[{"href":"https:\/\/torzokom.com\/en\/wp-json\/wp\/v2\/types\/product"}],"version-history":[{"count":0,"href":"https:\/\/torzokom.com\/en\/wp-json\/wp\/v2\/product\/5610\/revisions"}],"wp:featuredmedia":[{"embeddable":true,"href":"https:\/\/torzokom.com\/en\/wp-json\/wp\/v2\/media\/5611"}],"wp:attachment":[{"href":"https:\/\/torzokom.com\/en\/wp-json\/wp\/v2\/media?parent=5610"}],"wp:term":[{"taxonomy":"product_cat","embeddable":true,"href":"https:\/\/torzokom.com\/en\/wp-json\/wp\/v2\/product_cat?post=5610"},{"taxonomy":"product_tag","embeddable":true,"href":"https:\/\/torzokom.com\/en\/wp-json\/wp\/v2\/product_tag?post=5610"}],"curies":[{"name":"wp","href":"https:\/\/api.w.org\/{rel}","templated":true}]}}