{"id":5614,"date":"2025-09-29T19:55:33","date_gmt":"2025-09-29T17:55:33","guid":{"rendered":"http:\/\/torzokom.com\/?post_type=product&#038;p=5614"},"modified":"2025-10-13T09:03:24","modified_gmt":"2025-10-13T07:03:24","slug":"blaser-diego-kosulja","status":"publish","type":"product","link":"https:\/\/torzokom.com\/en\/product\/blaser-diego-kosulja\/","title":{"rendered":"Blaser Diego Ko\u0161ulja"},"content":{"rendered":"<h2>Blaser Diego ko\u0161ulja<\/h2>\n<p>Savr\u0161en pratilac za hladnije dane u lovu ili u slobodno vreme. Ko\u0161ulja je napravljena od kvalitetnog svijetlog flanela. Klasi\u010dno krojeno sa Kent ogrlicom.<\/p>\n","protected":false},"excerpt":{"rendered":"<p>Blaser Diego ko\u0161ulja Savr\u0161en pratilac za hladnije dane u lovu ili u slobodno vreme. Ko\u0161ulja je napravljena od kvalitetnog svijetlog flanela. Klasi\u010dno krojeno sa Kent ogrlicom.<\/p>\n","protected":false},"featured_media":5615,"template":"","meta":[],"product_cat":[58,99],"product_tag":[],"class_list":{"0":"post-5614","1":"product","2":"type-product","3":"status-publish","4":"has-post-thumbnail","6":"product_brand-blaser","7":"product_cat-odjeca-i-obuca","8":"product_cat-kosulje","10":"first","11":"instock","12":"taxable","13":"shipping-taxable","14":"purchasable","15":"product-type-simple"},"_links":{"self":[{"href":"https:\/\/torzokom.com\/en\/wp-json\/wp\/v2\/product\/5614","targetHints":{"allow":["GET"]}}],"collection":[{"href":"https:\/\/torzokom.com\/en\/wp-json\/wp\/v2\/product"}],"about":[{"href":"https:\/\/torzokom.com\/en\/wp-json\/wp\/v2\/types\/product"}],"version-history":[{"count":0,"href":"https:\/\/torzokom.com\/en\/wp-json\/wp\/v2\/product\/5614\/revisions"}],"wp:featuredmedia":[{"embeddable":true,"href":"https:\/\/torzokom.com\/en\/wp-json\/wp\/v2\/media\/5615"}],"wp:attachment":[{"href":"https:\/\/torzokom.com\/en\/wp-json\/wp\/v2\/media?parent=5614"}],"wp:term":[{"taxonomy":"product_cat","embeddable":true,"href":"https:\/\/torzokom.com\/en\/wp-json\/wp\/v2\/product_cat?post=5614"},{"taxonomy":"product_tag","embeddable":true,"href":"https:\/\/torzokom.com\/en\/wp-json\/wp\/v2\/product_tag?post=5614"}],"curies":[{"name":"wp","href":"https:\/\/api.w.org\/{rel}","templated":true}]}}