{"id":5617,"date":"2025-09-29T19:58:43","date_gmt":"2025-09-29T17:58:43","guid":{"rendered":"http:\/\/torzokom.com\/?post_type=product&#038;p=5617"},"modified":"2025-10-13T09:02:39","modified_gmt":"2025-10-13T07:02:39","slug":"blaser-lambert-kosulja-121029-087-709","status":"publish","type":"product","link":"https:\/\/torzokom.com\/en\/product\/blaser-lambert-kosulja-121029-087-709\/","title":{"rendered":"Blaser Lambert Kosulja 121029-087\/709"},"content":{"rendered":"<h2>Blaser Lambert Kosulja 121029-087\/709<\/h2>\n<p>Funkcionalna Blaser Lambert siva karo ko\u0161ulja ne samo da pru\u017ea udoban kroj, ve\u0107 i izgleda moderno.<br \/>\nZahvaljuju\u0107i svom trendi izgledu, ova ko\u0161ulja mo\u017ee da se nosi ne samo kao lova\u010dka, ve\u0107 i kao svakodnevna gornja odje\u0107a. Napravljena je od 57% pamuka, 29% poliestera i 14% lana, a materijal Blaser Lambert sive karo ko\u0161ulje pru\u017ea svje\u017e i prozra\u010dan osje\u0107aj, \u0161to rezultira ugodnim i prijatnim no\u0161enjem.<\/p>\n","protected":false},"excerpt":{"rendered":"<p>Blaser Lambert Kosulja 121029-087\/709 Funkcionalna Blaser Lambert siva karo ko\u0161ulja ne samo da pru\u017ea udoban kroj, ve\u0107 i izgleda moderno. Zahvaljuju\u0107i svom trendi izgledu, ova ko\u0161ulja mo\u017ee da se nosi ne samo kao lova\u010dka, ve\u0107 i kao svakodnevna gornja odje\u0107a. Napravljena je od 57% pamuka, 29% poliestera i 14% lana, a materijal Blaser Lambert sive [&hellip;]<\/p>\n","protected":false},"featured_media":5618,"template":"","meta":[],"product_cat":[58,99],"product_tag":[],"class_list":{"0":"post-5617","1":"product","2":"type-product","3":"status-publish","4":"has-post-thumbnail","6":"product_brand-blaser","7":"product_cat-odjeca-i-obuca","8":"product_cat-kosulje","10":"first","11":"instock","12":"taxable","13":"shipping-taxable","14":"purchasable","15":"product-type-simple"},"_links":{"self":[{"href":"https:\/\/torzokom.com\/en\/wp-json\/wp\/v2\/product\/5617","targetHints":{"allow":["GET"]}}],"collection":[{"href":"https:\/\/torzokom.com\/en\/wp-json\/wp\/v2\/product"}],"about":[{"href":"https:\/\/torzokom.com\/en\/wp-json\/wp\/v2\/types\/product"}],"version-history":[{"count":0,"href":"https:\/\/torzokom.com\/en\/wp-json\/wp\/v2\/product\/5617\/revisions"}],"wp:featuredmedia":[{"embeddable":true,"href":"https:\/\/torzokom.com\/en\/wp-json\/wp\/v2\/media\/5618"}],"wp:attachment":[{"href":"https:\/\/torzokom.com\/en\/wp-json\/wp\/v2\/media?parent=5617"}],"wp:term":[{"taxonomy":"product_cat","embeddable":true,"href":"https:\/\/torzokom.com\/en\/wp-json\/wp\/v2\/product_cat?post=5617"},{"taxonomy":"product_tag","embeddable":true,"href":"https:\/\/torzokom.com\/en\/wp-json\/wp\/v2\/product_tag?post=5617"}],"curies":[{"name":"wp","href":"https:\/\/api.w.org\/{rel}","templated":true}]}}